{"id":116,"date":"2017-02-16T11:05:27","date_gmt":"2017-02-16T13:05:27","guid":{"rendered":"http:\/\/xml-io.proteusthemes.com\/medicpress\/?page_id=116"},"modified":"2020-02-18T15:41:32","modified_gmt":"2020-02-18T18:41:32","slug":"especialidades","status":"publish","type":"page","link":"https:\/\/proctogastro.com.br\/index.php\/especialidades\/","title":{"rendered":"Especialidades"},"content":{"rendered":"<div id=\"pl-116\"  class=\"panel-layout\" ><div id=\"pg-116-0\"  class=\"panel-grid panel-no-style\" ><div id=\"pgc-116-0-0\"  class=\"panel-grid-cell\" ><div id=\"panel-116-0-0-0\" class=\"so-panel widget widget_pw_featured_page widget-featured-page panel-first-child panel-last-child\" data-index=\"0\" >\n\t<div class=\"page-box  page-box--block\">\n\t\t\t\t\t\t<a class=\"page-box__picture\" href=\"https:\/\/proctogastro.com.br\/index.php\/especialidades\/gastroenteroligia\/\">\n\t\t\t\t\t<img src=\"https:\/\/proctogastro.com.br\/wp-content\/uploads\/2019\/12\/pg-gastroenterologia-01-350x175.jpg\" width=\"350\" height=\"175\" srcset=\"https:\/\/proctogastro.com.br\/wp-content\/uploads\/2019\/12\/pg-gastroenterologia-01-350x175.jpg 350w, https:\/\/proctogastro.com.br\/wp-content\/uploads\/2019\/12\/pg-gastroenterologia-01.jpg 799w\" sizes=\"(min-width: 1200px) 350px, (min-width: 992px) 290px, (min-width: 768px) 690px, (min-width: 576px) 510px, calc(100vw - 30px)\" class=\"wp-post-image\" alt=\"Gastroenterologia\">\n\t\t\t\t\t\t\t\t\t<\/a>\n\t\t\t\t\t\t\t\t<div class=\"page-box__content\">\n\t\t\t<h2 class=\"page-box__title\"><a href=\"https:\/\/proctogastro.com.br\/index.php\/especialidades\/gastroenteroligia\/\">Gastroenterologia<\/a><\/h2>\n\t\t\t<p class=\"page-box__text\">Especialidade que abrange o diagn\u00f3stico e tratamento cl\u00ednico das doen\u00e7as que acometem os v\u00e1rios \u00f3rg\u00e3os que formam o aparelho digestivo &hellip;<\/p>\n\t\t\t\t\t<\/div>\n\t<\/div>\n\n<\/div><\/div><div id=\"pgc-116-0-1\"  class=\"panel-grid-cell\" ><div id=\"panel-116-0-1-0\" class=\"so-panel widget widget_pw_featured_page widget-featured-page panel-first-child panel-last-child\" data-index=\"1\" >\n\t<div class=\"page-box  page-box--block\">\n\t\t\t\t\t\t<a class=\"page-box__picture\" href=\"https:\/\/proctogastro.com.br\/index.php\/especialidades\/proctologia\/\">\n\t\t\t\t\t<img src=\"https:\/\/proctogastro.com.br\/wp-content\/uploads\/2020\/01\/pg-proctologia-03-350x175.jpg\" width=\"350\" height=\"175\" srcset=\"https:\/\/proctogastro.com.br\/wp-content\/uploads\/2020\/01\/pg-proctologia-03-350x175.jpg 350w, https:\/\/proctogastro.com.br\/wp-content\/uploads\/2020\/01\/pg-proctologia-03.jpg 799w\" sizes=\"(min-width: 1200px) 350px, (min-width: 992px) 290px, (min-width: 768px) 690px, (min-width: 576px) 510px, calc(100vw - 30px)\" class=\"wp-post-image\" alt=\"Proctologia\">\n\t\t\t\t\t\t\t\t\t<\/a>\n\t\t\t\t\t\t\t\t<div class=\"page-box__content\">\n\t\t\t<h2 class=\"page-box__title\"><a href=\"https:\/\/proctogastro.com.br\/index.php\/especialidades\/proctologia\/\">Proctologia<\/a><\/h2>\n\t\t\t<p class=\"page-box__text\">Especialidade que abrange o diagn\u00f3stico e tratamento cl\u00ednico ou cir\u00fargico (convencional e por v\u00eddeo laparoscopia) das doen\u00e7as que acometem &hellip;<\/p>\n\t\t\t\t\t<\/div>\n\t<\/div>\n\n<\/div><\/div><\/div><div id=\"pg-116-1\"  class=\"panel-grid panel-no-style\" ><div id=\"pgc-116-1-0\"  class=\"panel-grid-cell\" ><div id=\"panel-116-1-0-0\" class=\"so-panel widget widget_pw_featured_page widget-featured-page panel-first-child panel-last-child\" data-index=\"2\" >\n\t<div class=\"page-box  page-box--block\">\n\t\t\t\t\t\t<a class=\"page-box__picture\" href=\"https:\/\/proctogastro.com.br\/index.php\/especialidades\/obesidade\/\">\n\t\t\t\t\t<img src=\"https:\/\/proctogastro.com.br\/wp-content\/uploads\/2019\/12\/pg-obesidade-01-350x175.jpg\" width=\"350\" height=\"175\" srcset=\"https:\/\/proctogastro.com.br\/wp-content\/uploads\/2019\/12\/pg-obesidade-01-350x175.jpg 350w, https:\/\/proctogastro.com.br\/wp-content\/uploads\/2019\/12\/pg-obesidade-01.jpg 799w\" sizes=\"(min-width: 1200px) 350px, (min-width: 992px) 290px, (min-width: 768px) 690px, (min-width: 576px) 510px, calc(100vw - 30px)\" class=\"wp-post-image\" alt=\"Obesidade\">\n\t\t\t\t\t\t\t\t\t<\/a>\n\t\t\t\t\t\t\t\t<div class=\"page-box__content\">\n\t\t\t<h2 class=\"page-box__title\"><a href=\"https:\/\/proctogastro.com.br\/index.php\/especialidades\/obesidade\/\">Obesidade<\/a><\/h2>\n\t\t\t<p class=\"page-box__text\">\u00c9 um servi\u00e7o especializado no tratamento endosc\u00f3pico e cir\u00fargico da obesidade atrav\u00e9s das v\u00e1rias t\u00e9cnicas (Bal\u00e3o intrag\u00e1strico, Gastrectomia &hellip;<\/p>\n\t\t\t\t\t<\/div>\n\t<\/div>\n\n<\/div><\/div><div id=\"pgc-116-1-1\"  class=\"panel-grid-cell\" ><div id=\"panel-116-1-1-0\" class=\"so-panel widget widget_pw_featured_page widget-featured-page panel-first-child panel-last-child\" data-index=\"3\" >\n\t<div class=\"page-box  page-box--block\">\n\t\t\t\t\t\t<a class=\"page-box__picture\" href=\"https:\/\/proctogastro.com.br\/index.php\/especialidades\/oncologia\/\">\n\t\t\t\t\t<img src=\"https:\/\/proctogastro.com.br\/wp-content\/uploads\/2020\/01\/pg-oncologia-01-350x175.jpg\" width=\"350\" height=\"175\" srcset=\"https:\/\/proctogastro.com.br\/wp-content\/uploads\/2020\/01\/pg-oncologia-01-350x175.jpg 350w, https:\/\/proctogastro.com.br\/wp-content\/uploads\/2020\/01\/pg-oncologia-01.jpg 799w\" sizes=\"(min-width: 1200px) 350px, (min-width: 992px) 290px, (min-width: 768px) 690px, (min-width: 576px) 510px, calc(100vw - 30px)\" class=\"wp-post-image\" alt=\"Oncologia\">\n\t\t\t\t\t\t\t\t\t<\/a>\n\t\t\t\t\t\t\t\t<div class=\"page-box__content\">\n\t\t\t<h2 class=\"page-box__title\"><a href=\"https:\/\/proctogastro.com.br\/index.php\/especialidades\/oncologia\/\">Oncologia<\/a><\/h2>\n\t\t\t<p class=\"page-box__text\">\u00c9 um Servi\u00e7o completo no tratamento do c\u00e2ncer, comandado por um cirurgi\u00e3o oncol\u00f3gico, pois a cirurgia \u00e9 o principal m\u00e9todo de tratamento &hellip;<\/p>\n\t\t\t\t\t<\/div>\n\t<\/div>\n\n<\/div><\/div><\/div><div id=\"pg-116-2\"  class=\"panel-grid panel-no-style\" ><div id=\"pgc-116-2-0\"  class=\"panel-grid-cell\" ><div id=\"panel-116-2-0-0\" class=\"so-panel widget widget_pw_featured_page widget-featured-page panel-first-child panel-last-child\" data-index=\"4\" >\n\t<div class=\"page-box  page-box--block\">\n\t\t\t\t\t\t<a class=\"page-box__picture\" href=\"https:\/\/proctogastro.com.br\/index.php\/especialidades\/cirurgias\/cirurgia-da-obesidade\/\">\n\t\t\t\t\t<img src=\"https:\/\/proctogastro.com.br\/wp-content\/uploads\/2020\/02\/cirurgia-de-obesidade1-350x175.jpg\" width=\"350\" height=\"175\" srcset=\"https:\/\/proctogastro.com.br\/wp-content\/uploads\/2020\/02\/cirurgia-de-obesidade1-350x175.jpg 350w, https:\/\/proctogastro.com.br\/wp-content\/uploads\/2020\/02\/cirurgia-de-obesidade1.jpg 480w\" sizes=\"(min-width: 1200px) 350px, (min-width: 992px) 290px, (min-width: 768px) 690px, (min-width: 576px) 510px, calc(100vw - 30px)\" class=\"wp-post-image\" alt=\"Cirurgia da Obesidade\">\n\t\t\t\t\t\t\t\t\t<\/a>\n\t\t\t\t\t\t\t\t<div class=\"page-box__content\">\n\t\t\t<h2 class=\"page-box__title\"><a href=\"https:\/\/proctogastro.com.br\/index.php\/especialidades\/cirurgias\/cirurgia-da-obesidade\/\">Cirurgia da Obesidade<\/a><\/h2>\n\t\t\t<p class=\"page-box__text\">- Tratamento Endosc\u00f3pico e Cir\u00fargico da Obesidade (Bari\u00e1trica)\n\u00c9 um Servi\u00e7o especializado, formado por uma equipe multiprofissional com &hellip;<\/p>\n\t\t\t\t\t<\/div>\n\t<\/div>\n\n<\/div><\/div><div id=\"pgc-116-2-1\"  class=\"panel-grid-cell\" ><div id=\"panel-116-2-1-0\" class=\"so-panel widget widget_pw_featured_page widget-featured-page panel-first-child panel-last-child\" data-index=\"5\" >\n\t<div class=\"page-box  page-box--block\">\n\t\t\t\t\t\t<a class=\"page-box__picture\" href=\"https:\/\/proctogastro.com.br\/index.php\/especialidades\/cirurgias\/cirurgia-de-diabetes-2\/\">\n\t\t\t\t\t<img src=\"https:\/\/proctogastro.com.br\/wp-content\/uploads\/2019\/12\/cirurgias-diabetes1-350x175.jpg\" width=\"350\" height=\"175\" srcset=\"https:\/\/proctogastro.com.br\/wp-content\/uploads\/2019\/12\/cirurgias-diabetes1-350x175.jpg 350w, https:\/\/proctogastro.com.br\/wp-content\/uploads\/2019\/12\/cirurgias-diabetes1.jpg 350w\" sizes=\"(min-width: 1200px) 350px, (min-width: 992px) 290px, (min-width: 768px) 690px, (min-width: 576px) 510px, calc(100vw - 30px)\" class=\"wp-post-image\" alt=\"Cirurgia de Diabetes\">\n\t\t\t\t\t\t\t\t\t<\/a>\n\t\t\t\t\t\t\t\t<div class=\"page-box__content\">\n\t\t\t<h2 class=\"page-box__title\"><a href=\"https:\/\/proctogastro.com.br\/index.php\/especialidades\/cirurgias\/cirurgia-de-diabetes-2\/\">Cirurgia de Diabetes<\/a><\/h2>\n\t\t\t<p class=\"page-box__text\">Nossa maior fonte de energia s\u00e3o os carboidratos da alimenta\u00e7\u00e3o. Eles s\u00e3o transformados em glicose, que \u00e9 armazenada no f\u00edgado na forma &hellip;<\/p>\n\t\t\t\t\t<\/div>\n\t<\/div>\n\n<\/div><\/div><\/div><div id=\"pg-116-3\"  class=\"panel-grid panel-no-style\" ><div id=\"pgc-116-3-0\"  class=\"panel-grid-cell\" ><div id=\"panel-116-3-0-0\" class=\"so-panel widget widget_pw_featured_page widget-featured-page panel-first-child panel-last-child\" data-index=\"6\" >\n\t<div class=\"page-box  page-box--block\">\n\t\t\t\t\t\t<a class=\"page-box__picture\" href=\"https:\/\/proctogastro.com.br\/index.php\/especialidades\/cirurgias\/cirurgia-do-aparelho-digestivo-2\/\">\n\t\t\t\t\t<img src=\"https:\/\/proctogastro.com.br\/wp-content\/uploads\/2019\/12\/fisiologiadigestiva1-350x175.jpg\" width=\"350\" height=\"175\" srcset=\"https:\/\/proctogastro.com.br\/wp-content\/uploads\/2019\/12\/fisiologiadigestiva1-350x175.jpg 350w, https:\/\/proctogastro.com.br\/wp-content\/uploads\/2019\/12\/fisiologiadigestiva1.jpg 630w\" sizes=\"(min-width: 1200px) 350px, (min-width: 992px) 290px, (min-width: 768px) 690px, (min-width: 576px) 510px, calc(100vw - 30px)\" class=\"wp-post-image\" alt=\"Cirurgia do Aparelho Digestivo\">\n\t\t\t\t\t\t\t\t\t<\/a>\n\t\t\t\t\t\t\t\t<div class=\"page-box__content\">\n\t\t\t<h2 class=\"page-box__title\"><a href=\"https:\/\/proctogastro.com.br\/index.php\/especialidades\/cirurgias\/cirurgia-do-aparelho-digestivo-2\/\">Cirurgia do Aparelho Digestivo<\/a><\/h2>\n\t\t\t<p class=\"page-box__text\">Especialidade que abrange o diagn\u00f3stico e tratamento cir\u00fargico (convencional e por v\u00eddeo laparoscopia) das doen\u00e7as que acometem os v\u00e1rios &hellip;<\/p>\n\t\t\t\t\t<\/div>\n\t<\/div>\n\n<\/div><\/div><div id=\"pgc-116-3-1\"  class=\"panel-grid-cell\" ><div id=\"panel-116-3-1-0\" class=\"so-panel widget widget_pw_featured_page widget-featured-page panel-first-child panel-last-child\" data-index=\"7\" >\n\t<div class=\"page-box  page-box--block\">\n\t\t\t\t\t\t<a class=\"page-box__picture\" href=\"https:\/\/proctogastro.com.br\/index.php\/especialidades\/cirurgias\/cirurgia-geral\/\">\n\t\t\t\t\t<img src=\"https:\/\/proctogastro.com.br\/wp-content\/uploads\/2019\/12\/cirurgias-cirurgiageral1-350x175.jpg\" width=\"350\" height=\"175\" srcset=\"https:\/\/proctogastro.com.br\/wp-content\/uploads\/2019\/12\/cirurgias-cirurgiageral1-350x175.jpg 350w, https:\/\/proctogastro.com.br\/wp-content\/uploads\/2019\/12\/cirurgias-cirurgiageral1.jpg 350w\" sizes=\"(min-width: 1200px) 350px, (min-width: 992px) 290px, (min-width: 768px) 690px, (min-width: 576px) 510px, calc(100vw - 30px)\" class=\"wp-post-image\" alt=\"Cirurgia Geral\">\n\t\t\t\t\t\t\t\t\t<\/a>\n\t\t\t\t\t\t\t\t<div class=\"page-box__content\">\n\t\t\t<h2 class=\"page-box__title\"><a href=\"https:\/\/proctogastro.com.br\/index.php\/especialidades\/cirurgias\/cirurgia-geral\/\">Cirurgia Geral<\/a><\/h2>\n\t\t\t<p class=\"page-box__text\">Especialidade que abrange o tratamento cir\u00fargico (convencional e por v\u00eddeo laparoscopia) das doen\u00e7as que acometem os v\u00e1rios \u00f3rg\u00e3os que &hellip;<\/p>\n\t\t\t\t\t<\/div>\n\t<\/div>\n\n<\/div><\/div><\/div><div id=\"pg-116-4\"  class=\"panel-grid panel-no-style\" ><div id=\"pgc-116-4-0\"  class=\"panel-grid-cell\" ><div id=\"panel-116-4-0-0\" class=\"so-panel widget widget_pw_featured_page widget-featured-page panel-first-child panel-last-child\" data-index=\"8\" >\n\t<div class=\"page-box  page-box--block\">\n\t\t\t\t\t\t<a class=\"page-box__picture\" href=\"https:\/\/proctogastro.com.br\/index.php\/especialidades\/cirurgias\/cirurgia-video-laparoscopia\/\">\n\t\t\t\t\t<img src=\"https:\/\/proctogastro.com.br\/wp-content\/uploads\/2020\/01\/cirurgias-diabetes2-350x175.jpg\" width=\"350\" height=\"175\" srcset=\"https:\/\/proctogastro.com.br\/wp-content\/uploads\/2020\/01\/cirurgias-diabetes2-350x175.jpg 350w, https:\/\/proctogastro.com.br\/wp-content\/uploads\/2020\/01\/cirurgias-diabetes2.jpg 1400w\" sizes=\"(min-width: 1200px) 350px, (min-width: 992px) 290px, (min-width: 768px) 690px, (min-width: 576px) 510px, calc(100vw - 30px)\" class=\"wp-post-image\" alt=\"Cirurgia V\u00eddeo-Laparosc\u00f3pia\">\n\t\t\t\t\t\t\t\t\t<\/a>\n\t\t\t\t\t\t\t\t<div class=\"page-box__content\">\n\t\t\t<h2 class=\"page-box__title\"><a href=\"https:\/\/proctogastro.com.br\/index.php\/especialidades\/cirurgias\/cirurgia-video-laparoscopia\/\">Cirurgia V\u00eddeo-Laparosc\u00f3pia<\/a><\/h2>\n\t\t\t<p class=\"page-box__text\">Tipo de cirurgia realizada atrav\u00e9s de pequenas incis\u00f5es na parede abdominal utilizando uma \u00f3tica conectada a uma microc\u00e2mera de alta defini\u00e7\u00e3o &hellip;<\/p>\n\t\t\t\t\t<\/div>\n\t<\/div>\n\n<\/div><\/div><div id=\"pgc-116-4-1\"  class=\"panel-grid-cell\" ><div id=\"panel-116-4-1-0\" class=\"so-panel widget widget_pw_featured_page widget-featured-page panel-first-child panel-last-child\" data-index=\"9\" >\n\t<div class=\"page-box  page-box--block\">\n\t\t\t\t\t\t<a class=\"page-box__picture\" href=\"https:\/\/proctogastro.com.br\/index.php\/especialidades\/cirurgias\/cirurgia-proctologica\/\">\n\t\t\t\t\t<img src=\"https:\/\/proctogastro.com.br\/wp-content\/uploads\/2020\/02\/cirurgia-proctologica-destaque-350x175-1-350x175.jpg\" width=\"350\" height=\"175\" srcset=\"https:\/\/proctogastro.com.br\/wp-content\/uploads\/2020\/02\/cirurgia-proctologica-destaque-350x175-1-350x175.jpg 350w, https:\/\/proctogastro.com.br\/wp-content\/uploads\/2020\/02\/cirurgia-proctologica-destaque-350x175-1.jpg 350w\" sizes=\"(min-width: 1200px) 350px, (min-width: 992px) 290px, (min-width: 768px) 690px, (min-width: 576px) 510px, calc(100vw - 30px)\" class=\"wp-post-image\" alt=\"Cirurgia Proctologica\">\n\t\t\t\t\t\t\t\t\t<\/a>\n\t\t\t\t\t\t\t\t<div class=\"page-box__content\">\n\t\t\t<h2 class=\"page-box__title\"><a href=\"https:\/\/proctogastro.com.br\/index.php\/especialidades\/cirurgias\/cirurgia-proctologica\/\">Cirurgia Proctologica<\/a><\/h2>\n\t\t\t<p class=\"page-box__text\">Especialidade que abrange o diagn\u00f3stico e tratamento cl\u00ednico ou cir\u00fargico (convencional e por v\u00eddeo laparoscopia) das doen\u00e7as que acometem &hellip;<\/p>\n\t\t\t\t\t<\/div>\n\t<\/div>\n\n<\/div><\/div><\/div><div id=\"pg-116-5\"  class=\"panel-grid panel-no-style\" ><div id=\"pgc-116-5-0\"  class=\"panel-grid-cell\" ><div id=\"panel-116-5-0-0\" class=\"so-panel widget widget_pw_featured_page widget-featured-page panel-first-child panel-last-child\" data-index=\"10\" >\n\t<div class=\"page-box  page-box--block\">\n\t\t\t\t\t\t<a class=\"page-box__picture\" href=\"https:\/\/proctogastro.com.br\/index.php\/especialidades\/cirurgias\/cirurgia-oncologica\/\">\n\t\t\t\t\t<img src=\"https:\/\/proctogastro.com.br\/wp-content\/uploads\/2020\/02\/cirurgiaoncologica02-350x175.png\" width=\"350\" height=\"175\" srcset=\"https:\/\/proctogastro.com.br\/wp-content\/uploads\/2020\/02\/cirurgiaoncologica02-350x175.png 350w, https:\/\/proctogastro.com.br\/wp-content\/uploads\/2020\/02\/cirurgiaoncologica02.png 600w\" sizes=\"(min-width: 1200px) 350px, (min-width: 992px) 290px, (min-width: 768px) 690px, (min-width: 576px) 510px, calc(100vw - 30px)\" class=\"wp-post-image\" alt=\"Cirurgia Oncol\u00f3gica\">\n\t\t\t\t\t\t\t\t\t<\/a>\n\t\t\t\t\t\t\t\t<div class=\"page-box__content\">\n\t\t\t<h2 class=\"page-box__title\"><a href=\"https:\/\/proctogastro.com.br\/index.php\/especialidades\/cirurgias\/cirurgia-oncologica\/\">Cirurgia Oncol\u00f3gica<\/a><\/h2>\n\t\t\t<p class=\"page-box__text\">\u00c9 um Servi\u00e7o completo no tratamento do c\u00e2ncer, comandado por um cirurgi\u00e3o oncol\u00f3gico, pois a cirurgia \u00e9 o principal m\u00e9todo de tratamento &hellip;<\/p>\n\t\t\t\t\t<\/div>\n\t<\/div>\n\n<\/div><\/div><div id=\"pgc-116-5-1\"  class=\"panel-grid-cell\" ><div id=\"panel-116-5-1-0\" class=\"so-panel widget widget_pw_featured_page widget-featured-page panel-first-child panel-last-child\" data-index=\"11\" >\n\t<div class=\"page-box  page-box--block\">\n\t\t\t\t\t\t<a class=\"page-box__picture\" href=\"https:\/\/proctogastro.com.br\/index.php\/especialidades\/terapia-nutricional\/\">\n\t\t\t\t\t<img src=\"https:\/\/proctogastro.com.br\/wp-content\/uploads\/2020\/02\/terapianutricional01-350x175.png\" width=\"350\" height=\"175\" srcset=\"https:\/\/proctogastro.com.br\/wp-content\/uploads\/2020\/02\/terapianutricional01-350x175.png 350w, https:\/\/proctogastro.com.br\/wp-content\/uploads\/2020\/02\/terapianutricional01.png 420w\" sizes=\"(min-width: 1200px) 350px, (min-width: 992px) 290px, (min-width: 768px) 690px, (min-width: 576px) 510px, calc(100vw - 30px)\" class=\"wp-post-image\" alt=\"Terapia Nutricional\">\n\t\t\t\t\t\t\t\t\t<\/a>\n\t\t\t\t\t\t\t\t<div class=\"page-box__content\">\n\t\t\t<h2 class=\"page-box__title\"><a href=\"https:\/\/proctogastro.com.br\/index.php\/especialidades\/terapia-nutricional\/\">Terapia Nutricional<\/a><\/h2>\n\t\t\t<p class=\"page-box__text\">A Cl\u00ednica Procto Gastro conta com uma Equipe Multiprofissional de Terapia Nutricional (EMTN) completa com o objetivo de dar suporte nutricional &hellip;<\/p>\n\t\t\t\t\t<\/div>\n\t<\/div>\n\n<\/div><\/div><\/div><div id=\"pg-116-6\"  class=\"panel-grid panel-no-style\" ><div id=\"pgc-116-6-0\"  class=\"panel-grid-cell panel-grid-cell-mobile-last\" ><div id=\"panel-116-6-0-0\" class=\"so-panel widget widget_pw_featured_page widget-featured-page panel-first-child panel-last-child\" data-index=\"12\" >\n\t<div class=\"page-box  page-box--block\">\n\t\t\t\t\t\t<a class=\"page-box__picture\" href=\"https:\/\/proctogastro.com.br\/index.php\/especialidades\/nutricao\/\">\n\t\t\t\t\t<img src=\"https:\/\/proctogastro.com.br\/wp-content\/uploads\/2019\/12\/cirurgias-nutricao1-350x175.jpg\" width=\"350\" height=\"175\" srcset=\"https:\/\/proctogastro.com.br\/wp-content\/uploads\/2019\/12\/cirurgias-nutricao1-350x175.jpg 350w, https:\/\/proctogastro.com.br\/wp-content\/uploads\/2019\/12\/cirurgias-nutricao1.jpg 350w\" sizes=\"(min-width: 1200px) 350px, (min-width: 992px) 290px, (min-width: 768px) 690px, (min-width: 576px) 510px, calc(100vw - 30px)\" class=\"wp-post-image\" alt=\"Nutri\u00e7\u00e3o\">\n\t\t\t\t\t\t\t\t\t<\/a>\n\t\t\t\t\t\t\t\t<div class=\"page-box__content\">\n\t\t\t<h2 class=\"page-box__title\"><a href=\"https:\/\/proctogastro.com.br\/index.php\/especialidades\/nutricao\/\">Nutri\u00e7\u00e3o<\/a><\/h2>\n\t\t\t<p class=\"page-box__text\">Nos \u00faltimos anos, as pessoas passaram a se preocupar em ter um estilo de vida mais saud\u00e1vel e uma boa qualidade de vida.\u00a0 A Ci\u00eancia da Nutri\u00e7\u00e3o &hellip;<\/p>\n\t\t\t\t\t<\/div>\n\t<\/div>\n\n<\/div><\/div><div id=\"pgc-116-6-1\"  class=\"panel-grid-cell panel-grid-cell-empty\" ><\/div><\/div><\/div>","protected":false},"excerpt":{"rendered":"<p>Gastroenterologia Especialidade que abrange o diagn\u00f3stico e tratamento cl\u00ednico das doen\u00e7as que acometem os v\u00e1rios \u00f3rg\u00e3os que formam o aparelho digestivo &hellip; Proctologia Especialidade que abrange o diagn\u00f3stico e tratamento cl\u00ednico ou cir\u00fargico (convencional e por v\u00eddeo laparoscopia) das doen\u00e7as que acometem &hellip; Obesidade \u00c9 um servi\u00e7o especializado no tratamento endosc\u00f3pico e cir\u00fargico da obesidade &hellip;<\/p>\n","protected":false},"author":1,"featured_media":0,"parent":0,"menu_order":0,"comment_status":"closed","ping_status":"closed","template":"","meta":{"_joinchat":[]},"_links":{"self":[{"href":"https:\/\/proctogastro.com.br\/index.php\/wp-json\/wp\/v2\/pages\/116"}],"collection":[{"href":"https:\/\/proctogastro.com.br\/index.php\/wp-json\/wp\/v2\/pages"}],"about":[{"href":"https:\/\/proctogastro.com.br\/index.php\/wp-json\/wp\/v2\/types\/page"}],"author":[{"embeddable":true,"href":"https:\/\/proctogastro.com.br\/index.php\/wp-json\/wp\/v2\/users\/1"}],"replies":[{"embeddable":true,"href":"https:\/\/proctogastro.com.br\/index.php\/wp-json\/wp\/v2\/comments?post=116"}],"version-history":[{"count":17,"href":"https:\/\/proctogastro.com.br\/index.php\/wp-json\/wp\/v2\/pages\/116\/revisions"}],"predecessor-version":[{"id":2178,"href":"https:\/\/proctogastro.com.br\/index.php\/wp-json\/wp\/v2\/pages\/116\/revisions\/2178"}],"wp:attachment":[{"href":"https:\/\/proctogastro.com.br\/index.php\/wp-json\/wp\/v2\/media?parent=116"}],"curies":[{"name":"wp","href":"https:\/\/api.w.org\/{rel}","templated":true}]}}