{"id":1264,"date":"2019-12-13T11:22:32","date_gmt":"2019-12-13T14:22:32","guid":{"rendered":"http:\/\/proctogastro.kinghost.net\/site1\/?page_id=1264"},"modified":"2020-02-14T10:52:46","modified_gmt":"2020-02-14T13:52:46","slug":"a-clinica","status":"publish","type":"page","link":"https:\/\/proctogastro.com.br\/index.php\/home\/a-clinica\/","title":{"rendered":"A Cl\u00ednica"},"content":{"rendered":"<div id=\"pl-1264\"  class=\"panel-layout\" ><div id=\"pg-1264-0\"  class=\"panel-grid panel-no-style\" ><div id=\"pgc-1264-0-0\"  class=\"panel-grid-cell\" ><div id=\"panel-1264-0-0-0\" class=\"so-panel widget widget_sow-editor panel-first-child panel-last-child\" data-index=\"0\" ><div class=\"so-widget-sow-editor so-widget-sow-editor-base\">\n<div class=\"siteorigin-widget-tinymce textwidget\">\n\t<h3><\/h3>\n<p>A Procto Gastro - Cl\u00ednica de Cirurgia, Gastroenterologia, Proctologia, Oncologia, Obesidade e Diabetes foi fundada em 1995, em Bel\u00e9m (Par\u00e1), pelo Prof. Dr. Ac\u00e1cio Augusto Centeno Neto, funcionando inicialmente em um pr\u00e9dio na Av. Dom Romualdo de Seixas, com o objetivo de atender pacientes portadores de doen\u00e7as cl\u00ednicas e cir\u00fargicas do aparelho digestivo. Desde a sua funda\u00e7\u00e3o a Procto Gastro especializou-se no atendimento das afec\u00e7\u00f5es do Aparelho Digestivo (es\u00f4fago, est\u00f4mago, intestinos, c\u00f3lon, \u00e2nus, f\u00edgado, ves\u00edcula, vias biliares e p\u00e2ncreas), investindo na especializa\u00e7\u00e3o do corpo cl\u00ednico, em equipamentos modernos, tecnologia de ponta e inova\u00e7\u00e3o na sua \u00e1rea de atua\u00e7\u00e3o.<\/p>\n<p>Nesta \u00e9poca, a Procto Gastro foi a primeira Cl\u00ednica do Par\u00e1, e uma das primeiras do norte e nordeste, a realizar exames de pHmetria esof\u00e1gica de 24 horas.<\/p>\n<p>&nbsp;<\/p>\n<\/div>\n<\/div><\/div><\/div><div id=\"pgc-1264-0-1\"  class=\"panel-grid-cell\" ><div id=\"panel-1264-0-1-0\" class=\"so-panel widget widget_sow-editor panel-first-child panel-last-child\" data-index=\"1\" ><div class=\"so-widget-sow-editor so-widget-sow-editor-base\">\n<div class=\"siteorigin-widget-tinymce textwidget\">\n\t<p><img decoding=\"async\" loading=\"lazy\" class=\"alignnone wp-image-1271 size-full\" src=\"http:\/\/proctogastro.kinghost.net\/site1\/wp-content\/uploads\/2019\/12\/frente-clinica-procto1.jpg\" alt=\"\" width=\"850\" height=\"540\" srcset=\"https:\/\/proctogastro.com.br\/wp-content\/uploads\/2019\/12\/frente-clinica-procto1.jpg 850w, https:\/\/proctogastro.com.br\/wp-content\/uploads\/2019\/12\/frente-clinica-procto1-300x191.jpg 300w, https:\/\/proctogastro.com.br\/wp-content\/uploads\/2019\/12\/frente-clinica-procto1-768x488.jpg 768w, https:\/\/proctogastro.com.br\/wp-content\/uploads\/2019\/12\/frente-clinica-procto1-600x381.jpg 600w\" sizes=\"(max-width: 850px) 100vw, 850px\" \/><\/p>\n<p>&nbsp;<\/p>\n<\/div>\n<\/div><\/div><\/div><\/div><div id=\"pg-1264-1\"  class=\"panel-grid panel-no-style\" ><div id=\"pgc-1264-1-0\"  class=\"panel-grid-cell\" ><div id=\"panel-1264-1-0-0\" class=\"so-panel widget widget_sow-editor panel-first-child panel-last-child\" data-index=\"2\" ><div class=\"so-widget-sow-editor so-widget-sow-editor-base\">\n<div class=\"siteorigin-widget-tinymce textwidget\">\n\t<p><img decoding=\"async\" loading=\"lazy\" class=\"alignnone wp-image-1321 size-full\" src=\"http:\/\/proctogastro.kinghost.net\/site1\/wp-content\/uploads\/2019\/12\/sal\u00e3o-procto2.jpg\" alt=\"\" width=\"553\" height=\"330\" srcset=\"https:\/\/proctogastro.com.br\/wp-content\/uploads\/2019\/12\/sal\u00e3o-procto2.jpg 553w, https:\/\/proctogastro.com.br\/wp-content\/uploads\/2019\/12\/sal\u00e3o-procto2-300x179.jpg 300w\" sizes=\"(max-width: 553px) 100vw, 553px\" \/><\/p>\n<\/div>\n<\/div><\/div><\/div><div id=\"pgc-1264-1-1\"  class=\"panel-grid-cell\" ><div id=\"panel-1264-1-1-0\" class=\"so-panel widget widget_sow-editor panel-first-child panel-last-child\" data-index=\"3\" ><div class=\"so-widget-sow-editor so-widget-sow-editor-base\">\n<div class=\"siteorigin-widget-tinymce textwidget\">\n\t<p><img decoding=\"async\" loading=\"lazy\" class=\"alignnone wp-image-1322 size-full\" src=\"http:\/\/proctogastro.kinghost.net\/site1\/wp-content\/uploads\/2019\/12\/estacionamento-procto2-1.jpg\" alt=\"\" width=\"553\" height=\"330\" srcset=\"https:\/\/proctogastro.com.br\/wp-content\/uploads\/2019\/12\/estacionamento-procto2-1.jpg 553w, https:\/\/proctogastro.com.br\/wp-content\/uploads\/2019\/12\/estacionamento-procto2-1-300x179.jpg 300w\" sizes=\"(max-width: 553px) 100vw, 553px\" \/><\/p>\n<\/div>\n<\/div><\/div><\/div><\/div><div id=\"pg-1264-2\"  class=\"panel-grid panel-has-style\" ><div class=\"panel-row-style panel-row-style-for-1264-2\" ><div id=\"pgc-1264-2-0\"  class=\"panel-grid-cell\" ><div id=\"panel-1264-2-0-0\" class=\"so-panel widget widget_pw_notice widget-notice panel-first-child panel-last-child\" data-index=\"4\" ><div class=\"panel-widget-style panel-widget-style-for-1264-2-0-0\" >\t\t\t<div class=\"important-notice\">\n\t\t\t\t<div class=\"important-notice__label\" style=\"background-color: #5c9645;\">\n\t\t\t\t\t<i class=\"fa  mp mp-medical\" aria-hidden=\"true\"><\/i>\n\t\t\t\t\t<div class=\"important-notice__label-text\">\n\t\t\t\t\t\tQualidade\t\t\t\t\t<\/div>\n\t\t\t\t<\/div>\n\t\t\t\t<div class=\"important-notice__text\">\n\t\t\t\t\t\tNosso objetivo \u00e9 prestar servi\u00e7os de excel\u00eancia no atendimento, consultas, exames e cirurgias.\t\t\t\t<\/div>\n\t\t\t<\/div>\n\t\t<\/div><\/div><\/div><\/div><\/div><div id=\"pg-1264-3\"  class=\"panel-grid panel-no-style\" ><div id=\"pgc-1264-3-0\"  class=\"panel-grid-cell\" ><div id=\"panel-1264-3-0-0\" class=\"so-panel widget widget_sow-editor panel-first-child panel-last-child\" data-index=\"5\" ><div class=\"so-widget-sow-editor so-widget-sow-editor-base\">\n<div class=\"siteorigin-widget-tinymce textwidget\">\n\t<p>Com o crescimento, em 1999, a Procto Gastro mudou-se para um pr\u00e9dio mais amplo na Av. General\u00edssimo Deodoro no. 817, onde permanece at\u00e9 hoje, com estacionamento e novos servi\u00e7os como o Servi\u00e7o de Fisiologia Digestiva especializado no diagn\u00f3stico de doen\u00e7as digestivas altas ou baixas, que cursam com altera\u00e7\u00f5es da fun\u00e7\u00e3o motora do tubo digestivo.<\/p>\n<p>Com a inaugura\u00e7\u00e3o do Servi\u00e7o de Fisiologia Digestiva a Procto Gastro foi a primeira cl\u00ednica do Par\u00e1, e uma das primeiras do norte e nordeste, a realizar exames de manometria esof\u00e1gica, manometria anorretal e exame de determina\u00e7\u00e3o do tempo de tr\u00e2nsito col\u00f4nico com marcadores radiopacos.<\/p>\n<p>Sempre atenta as inova\u00e7\u00f5es e novos tratamentos ligados a sua \u00e1rea de atua\u00e7\u00e3o, em 2002 foi implantado na Procto Gastro, o Servi\u00e7o de Cirurgia Bari\u00e1trica (da obesidade), que j\u00e1 iniciou como um dos mais completos e avan\u00e7ados do Brasil oferecendo os v\u00e1rios m\u00e9todos de tratamento cir\u00fargico (por via convencional e videolaparoscopia) e endosc\u00f3pico da obesidade. Em 20 de novembro de 2002, a equipe do Servi\u00e7o de Cirurgia Bari\u00e1trica da Procto Gastro realizou a primeira cirurgia bari\u00e1trica por v\u00eddeo laparoscopia no Par\u00e1, colocando o Estado do Par\u00e1 entre os primeiros estados do Brasil, a realizar este tipo de cirurgia por v\u00eddeo laparoscopia.<\/p>\n<p>A Procto Gastro, tamb\u00e9m em 2002, sempre inovando e investindo em tecnologia de ponta voltada a sua \u00e1rea de atua\u00e7\u00e3o, foi o primeiro Servi\u00e7o de Cirurgia do Par\u00e1 e um dos primeiros do norte e nordeste, a adquirir um Bisturi Ultrass\u00f4nico, para utilizar nas cirurgias videolaparosc\u00f3picas avan\u00e7adas e cirurgias bari\u00e1tricas.<\/p>\n<p>Em 2004, a Procto Gastro foi um dos poucos servi\u00e7os do Brasil a adquirir o equipamento austr\u00edaco Cortador de Banda Endosc\u00f3pico AMI para retirada de banda g\u00e1strica migrada para o est\u00f4mago atrav\u00e9s de endoscopia, sem necessidade de cirurgia. A primeira retirada endosc\u00f3pica de banda g\u00e1strica migrada em toda a regi\u00e3o norte e nordeste do Brasil foi realizada em 30\/03\/2004 no Servi\u00e7o de Endoscopia da Procto Gastro, utilizando este equipamento.<\/p>\n<p>Em 2007, a equipe cir\u00fargica da Procto Gastro composta pelos m\u00e9dicos: Dra. Carmen Lobo, Dr Alexandre Nogueira e Prof. Dr Ac\u00e1cio Centeno Neto realizou em 03\/02\/2007, pela primeira vez no Par\u00e1, o tratamento de f\u00edstula anal complexa com emprego de uma pr\u00f3tese especial conhecida como plugue para f\u00edstula anal <em>Surgisis<\/em>. O plugue para f\u00edstula anal consiste em m\u00e9todo pouco invasivo, que tem como grande vantagem n\u00e3o necessitar da sec\u00e7\u00e3o dos m\u00fasculos do canal anal, logo sem risco de causar incontin\u00eancia anal, sendo indicado principalmente no tratamento de trajetos fistulosos complexos. Segundo a literatura m\u00e9dica o m\u00e9todo tem mostrado excelentes resultados e poucas complica\u00e7\u00f5es.<\/p>\n<p>Em 28 de setembro de 2007, a Procto Gastro inaugura \u201cO Centro de Estudos, Pr\u00e1ticas e Pesquisas - Professor Ac\u00e1cio Augusto Centeno Neto\u201d com a palestra \u201cMELANOMA. DIAGN\u00d3STICO E CONDUTA \u2013 Experi\u00eancia do Grupo Brasileiro de Melanoma\u201d proferida pelo Prof. Francisco Belfort (SP), no audit\u00f3rio do CRM-Pa. Esse Centro \u00e9 voltado a realiza\u00e7\u00e3o de pesquisas e estudos cl\u00ednicos.<\/p>\n<p>Em 2010, a Procto Gastro passa a realizar o exame de ImpedanciopHmetria esof\u00e1gica de 24 horas, sendo a primeira cl\u00ednica do Par\u00e1 e uma das primeiras do Brasil a oferecer este exame considerado o exame padr\u00e3o ouro no diagn\u00f3stico da doen\u00e7a do refluxo gastroesof\u00e1gico (DRGE).<\/p>\n<p>Tamb\u00e9m em 2010, o Servi\u00e7o de Cirurgia Bari\u00e1trica da Procto Gastro, passou a ser denominado Servi\u00e7o de Cirurgia Bari\u00e1trica e Metab\u00f3lica, passando a oferecer o tratamento cir\u00fargico n\u00e3o s\u00f3 da obesidade, mas tamb\u00e9m do diabetes tipo 2 por via convencional e videolaparoscopia.<\/p>\n<p>Em 2017, continuando sua caminhada de inova\u00e7\u00e3o, tecnologia de ponta \u00a0e vanguarda na sua \u00e1rea de atua\u00e7\u00e3o, a Procto Gastro, atrav\u00e9s do Servi\u00e7o de Fisiologia Digestiva, passou a realizar, o exame de manometria esof\u00e1gica de alta resolu\u00e7\u00e3o, sendo o primeiro Servi\u00e7o do Par\u00e1 e um dos primeiros do Brasil, a oferecer esse tipo de exame no diagn\u00f3stico de dist\u00farbios motores do es\u00f4fago e seus esf\u00edncteres.<\/p>\n<p>Em 2019, o Servi\u00e7o de Endoscopia passa a utilizar equipamento de endoscopia de \u00faltima gera\u00e7\u00e3o com padr\u00e3o HD de imagem e cromoscopia digital, que proporciona imagens em alta qualidade e ajuda o endoscopista a escolher o melhor local para realizar a bi\u00f3psia.<\/p>\n<p>Hoje a Procto Gastro funciona em sua plenitude, sem deixar de lado o objetivo de prestar servi\u00e7os de excelente qualidade no atendimento, nas consultas, nos exames e nas cirurgias al\u00e9m de estar sempre acompanhando os avan\u00e7os tecnol\u00f3gicos na sua \u00e1rea de atua\u00e7\u00e3o.<\/p>\n<\/div>\n<\/div><\/div><\/div><\/div><\/div>","protected":false},"excerpt":{"rendered":"<p>A Procto Gastro &#8211; Cl\u00ednica de Cirurgia, Gastroenterologia, Proctologia, Oncologia, Obesidade e Diabetes foi fundada em 1995, em Bel\u00e9m (Par\u00e1), pelo Prof. Dr. Ac\u00e1cio Augusto Centeno Neto, funcionando inicialmente em um pr\u00e9dio na Av. Dom Romualdo de Seixas, com o objetivo de atender pacientes portadores de doen\u00e7as cl\u00ednicas e cir\u00fargicas do aparelho digestivo. Desde a &hellip;<\/p>\n","protected":false},"author":1,"featured_media":29,"parent":626,"menu_order":0,"comment_status":"closed","ping_status":"closed","template":"","meta":{"_joinchat":[]},"_links":{"self":[{"href":"https:\/\/proctogastro.com.br\/index.php\/wp-json\/wp\/v2\/pages\/1264"}],"collection":[{"href":"https:\/\/proctogastro.com.br\/index.php\/wp-json\/wp\/v2\/pages"}],"about":[{"href":"https:\/\/proctogastro.com.br\/index.php\/wp-json\/wp\/v2\/types\/page"}],"author":[{"embeddable":true,"href":"https:\/\/proctogastro.com.br\/index.php\/wp-json\/wp\/v2\/users\/1"}],"replies":[{"embeddable":true,"href":"https:\/\/proctogastro.com.br\/index.php\/wp-json\/wp\/v2\/comments?post=1264"}],"version-history":[{"count":31,"href":"https:\/\/proctogastro.com.br\/index.php\/wp-json\/wp\/v2\/pages\/1264\/revisions"}],"predecessor-version":[{"id":2136,"href":"https:\/\/proctogastro.com.br\/index.php\/wp-json\/wp\/v2\/pages\/1264\/revisions\/2136"}],"up":[{"embeddable":true,"href":"https:\/\/proctogastro.com.br\/index.php\/wp-json\/wp\/v2\/pages\/626"}],"wp:featuredmedia":[{"embeddable":true,"href":"https:\/\/proctogastro.com.br\/index.php\/wp-json\/wp\/v2\/media\/29"}],"wp:attachment":[{"href":"https:\/\/proctogastro.com.br\/index.php\/wp-json\/wp\/v2\/media?parent=1264"}],"curies":[{"name":"wp","href":"https:\/\/api.w.org\/{rel}","templated":true}]}}