{"id":1325,"date":"2019-12-13T15:13:15","date_gmt":"2019-12-13T18:13:15","guid":{"rendered":"http:\/\/proctogastro.kinghost.net\/site1\/?page_id=1325"},"modified":"2020-02-19T10:46:20","modified_gmt":"2020-02-19T13:46:20","slug":"ultrassonografia","status":"publish","type":"page","link":"https:\/\/proctogastro.com.br\/index.php\/exames-2\/ultrassonografia\/","title":{"rendered":"Ultrassonografia Geral e Especializada"},"content":{"rendered":"<div id=\"pl-1325\"  class=\"panel-layout\" ><div id=\"pg-1325-0\"  class=\"panel-grid panel-no-style\" ><div id=\"pgc-1325-0-0\"  class=\"panel-grid-cell\" ><div id=\"panel-1325-0-0-0\" class=\"so-panel widget widget_sow-editor panel-first-child panel-last-child\" data-index=\"0\" ><div class=\"so-widget-sow-editor so-widget-sow-editor-base\">\n<div class=\"siteorigin-widget-tinymce textwidget\">\n\t<p>&nbsp;<\/p>\n<p>A Procto Gastro possui modernos equipamentos de ultrassom, com profissionais qualificados realizando todos os tipos de exames, como:<\/p>\n<p>01- Ultrassonografia do Abd\u00f4men Total<\/p>\n<p>02- Ultrassonografia do Abd\u00f4men Superior<\/p>\n<p>03- Ultrassonografia das Vias Urin\u00e1rias<\/p>\n<p>04- Ultrassonografia P\u00e9lvica ou Transvaginal<\/p>\n<p>05- Ultrassonografia de Pr\u00f3stata por via Abdominal<\/p>\n<p>06- Ultrassonografia de Pr\u00f3stata Transretal<\/p>\n<p>07- Ultrassonografia Obst\u00e9trica<\/p>\n<p>08- Ultrassonografia de Partes Moles (Tireoide, T\u00f3rax, Mamas, Parede Abdominal, Bolsa Escrotal e Test\u00edculos)<\/p>\n<\/div>\n<\/div><\/div><\/div><div id=\"pgc-1325-0-1\"  class=\"panel-grid-cell\" ><div id=\"panel-1325-0-1-0\" class=\"so-panel widget widget_sow-editor panel-first-child panel-last-child\" data-index=\"1\" ><div class=\"so-widget-sow-editor so-widget-sow-editor-base\">\n<div class=\"siteorigin-widget-tinymce textwidget\">\n\t<p>&nbsp;<\/p>\n<p><img decoding=\"async\" loading=\"lazy\" class=\"alignnone wp-image-1329 \" src=\"http:\/\/proctogastro.kinghost.net\/site1\/wp-content\/uploads\/2019\/12\/ultrassonografia2.jpg\" alt=\"\" width=\"970\" height=\"638\" srcset=\"https:\/\/proctogastro.com.br\/wp-content\/uploads\/2019\/12\/ultrassonografia2.jpg 970w, https:\/\/proctogastro.com.br\/wp-content\/uploads\/2019\/12\/ultrassonografia2-300x197.jpg 300w, https:\/\/proctogastro.com.br\/wp-content\/uploads\/2019\/12\/ultrassonografia2-768x504.jpg 768w, https:\/\/proctogastro.com.br\/wp-content\/uploads\/2019\/12\/ultrassonografia2-600x394.jpg 600w\" sizes=\"(max-width: 970px) 100vw, 970px\" \/><\/p>\n<p>&nbsp;<\/p>\n<\/div>\n<\/div><\/div><\/div><\/div><div id=\"pg-1325-1\"  class=\"panel-grid panel-no-style\" ><div id=\"pgc-1325-1-0\"  class=\"panel-grid-cell panel-grid-cell-empty\" ><\/div><\/div><\/div>","protected":false},"excerpt":{"rendered":"<p>&nbsp; A Procto Gastro possui modernos equipamentos de ultrassom, com profissionais qualificados realizando todos os tipos de exames, como: 01- Ultrassonografia do Abd\u00f4men Total 02- Ultrassonografia do Abd\u00f4men Superior 03- Ultrassonografia das Vias Urin\u00e1rias 04- Ultrassonografia P\u00e9lvica ou Transvaginal 05- Ultrassonografia de Pr\u00f3stata por via Abdominal 06- Ultrassonografia de Pr\u00f3stata Transretal 07- Ultrassonografia Obst\u00e9trica 08- &hellip;<\/p>\n","protected":false},"author":1,"featured_media":0,"parent":1290,"menu_order":0,"comment_status":"closed","ping_status":"closed","template":"","meta":{"_joinchat":[]},"_links":{"self":[{"href":"https:\/\/proctogastro.com.br\/index.php\/wp-json\/wp\/v2\/pages\/1325"}],"collection":[{"href":"https:\/\/proctogastro.com.br\/index.php\/wp-json\/wp\/v2\/pages"}],"about":[{"href":"https:\/\/proctogastro.com.br\/index.php\/wp-json\/wp\/v2\/types\/page"}],"author":[{"embeddable":true,"href":"https:\/\/proctogastro.com.br\/index.php\/wp-json\/wp\/v2\/users\/1"}],"replies":[{"embeddable":true,"href":"https:\/\/proctogastro.com.br\/index.php\/wp-json\/wp\/v2\/comments?post=1325"}],"version-history":[{"count":12,"href":"https:\/\/proctogastro.com.br\/index.php\/wp-json\/wp\/v2\/pages\/1325\/revisions"}],"predecessor-version":[{"id":2249,"href":"https:\/\/proctogastro.com.br\/index.php\/wp-json\/wp\/v2\/pages\/1325\/revisions\/2249"}],"up":[{"embeddable":true,"href":"https:\/\/proctogastro.com.br\/index.php\/wp-json\/wp\/v2\/pages\/1290"}],"wp:attachment":[{"href":"https:\/\/proctogastro.com.br\/index.php\/wp-json\/wp\/v2\/media?parent=1325"}],"curies":[{"name":"wp","href":"https:\/\/api.w.org\/{rel}","templated":true}]}}