{"id":1334,"date":"2019-12-13T16:05:04","date_gmt":"2019-12-13T19:05:04","guid":{"rendered":"http:\/\/proctogastro.kinghost.net\/site1\/?page_id=1334"},"modified":"2020-02-19T11:08:22","modified_gmt":"2020-02-19T14:08:22","slug":"video-endoscopia-digestiva-alta","status":"publish","type":"page","link":"https:\/\/proctogastro.com.br\/index.php\/exames-2\/endoscopia\/video-endoscopia-digestiva-alta\/","title":{"rendered":"V\u00eddeo Endoscopia Digestiva Alta"},"content":{"rendered":"<div id=\"pl-1334\"  class=\"panel-layout\" ><div id=\"pg-1334-0\"  class=\"panel-grid panel-no-style\" ><div id=\"pgc-1334-0-0\"  class=\"panel-grid-cell\" ><div id=\"panel-1334-0-0-0\" class=\"so-panel widget widget_sow-editor panel-first-child panel-last-child\" data-index=\"0\" ><div class=\"so-widget-sow-editor so-widget-sow-editor-base\">\n<div class=\"siteorigin-widget-tinymce textwidget\">\n\t<p style=\"font-weight: 400;\">\u00c9 atualmente o principal m\u00e9todo de diagn\u00f3stico das doen\u00e7as org\u00e2nicas do es\u00f4fago, est\u00f4mago e duodeno. Permite n\u00e3o s\u00f3 o diagn\u00f3stico das doen\u00e7as, mas tamb\u00e9m a coleta de material para estudo (bi\u00f3psia) ou at\u00e9 o seu tratamento (p.ex. polipectomia).<\/p>\n<ul style=\"font-weight: 400;\">\n<li><em><strong>O exame<\/strong><\/em><\/li>\n<\/ul>\n<p>Inicia com a aplica\u00e7\u00e3o de spray anest\u00e9sico na orofaringe. Em seguida o paciente recebe um sedativo endovenoso e o exame \u00e9 realizado pela introdu\u00e7\u00e3o suave, atrav\u00e9s da boca, de um tubo endosc\u00f3pico fino e flex\u00edvel, com uma microc\u00e2mera de alta defini\u00e7\u00e3o na ponta, que permite a visualiza\u00e7\u00e3o detalhada do interior do es\u00f4fago, est\u00f4mago e duodeno. O exame \u00e9 geralmente bem tolerado, durando cerca de 10 minutos. Permite a realiza\u00e7\u00e3o de bi\u00f3psias para estudo complementar histopatol\u00f3gico.<\/p>\n<ul style=\"font-weight: 400;\">\n<li><em><strong>Preparo pr\u00e9vio<\/strong><\/em><\/li>\n<\/ul>\n<p style=\"font-weight: 400;\">\u00bb Jejum de 8 horas para alimentos s\u00f3lidos. \u00c9 permitido tomar \u00e1gua com modera\u00e7\u00e3o at\u00e9 6 horas antes do exame.<br \/>\n\u00bb Comparecer \u00e0 Cl\u00ednica Procto Gastro no dia e hora marcados acompanhado (a) obrigatoriamente por um adulto.<br \/>\n\u00bb Se poss\u00edvel, trazer o laudo das endoscopias realizadas anteriormente.<br \/>\n\u00bb Traga sua medica\u00e7\u00e3o habitual para tomar, se necess\u00e1rio, ap\u00f3s o exame. Caso seja necess\u00e1rio tomar antes do exame, o fa\u00e7a com um pouco d\u2019\u00e1gua at\u00e9 4 horas antes do exame.<\/p>\n<ul style=\"font-weight: 400;\">\n<li><em style=\"font-weight: 400;\"><strong>Na v\u00e9spera do\u00a0<\/strong><\/em><b><i>Exame<\/i><\/b><\/li>\n<\/ul>\n<p style=\"font-weight: 400;\">\u00bb N\u00e3o tomar l\u00edquido escuro: Caf\u00e9, Coca Cola, A\u00e7a\u00ed.<br \/>\n\u00bb No jantar fazer alimenta\u00e7\u00e3o leve at\u00e9 22hrs.<br \/>\n\u00bb Se necess\u00e1rio, tomar l\u00edquidos claros de 22:hrs at\u00e9 a Meia Noite<\/p>\n<ul style=\"font-weight: 400;\">\n<li><em><strong>No dia do Exame<\/strong><\/em><\/li>\n<\/ul>\n<p style=\"font-weight: 400;\">\u00bb Tomar 40 gotas de Dimeticona (Luftal, Mylicon) s\/ \u00e1gua, antes de sair de casa.<br \/>\n\u00bb Jejum total.<br \/>\n\u00bb Trazer carteira do conv\u00eanio, documento de identifica\u00e7\u00e3o e guia do conv\u00eanio autorizada quando necess\u00e1rio.<br \/>\n\u00bb Trazer acompanhante obrigatoriamente, pois o paciente estar\u00e1 sedado e n\u00e3o dever\u00e1 dirigir ou fazer tarefas que exijam aten\u00e7\u00e3o ap\u00f3s o exame.<\/p>\n<ul>\n<li><em><strong>Cuidados p\u00f3s-exame<\/strong><\/em><\/li>\n<\/ul>\n<p style=\"font-weight: 400;\">\u00bb N\u00e3o dever\u00e1 dirigir nem realizar nenhuma tarefa que exija reflexo ou aten\u00e7\u00e3o cont\u00ednua nas 6 horas que se seguem ao exame. Lembre-se que voc\u00ea estar\u00e1 sedado (a) e estes medicamentos diminuem os reflexos e o (a) deixar\u00e1 um pouco sonolento (a).<\/p>\n<\/div>\n<\/div><\/div><\/div><div id=\"pgc-1334-0-1\"  class=\"panel-grid-cell\" ><div id=\"panel-1334-0-1-0\" class=\"so-panel widget widget_sow-editor panel-first-child panel-last-child\" data-index=\"1\" ><div class=\"so-widget-sow-editor so-widget-sow-editor-base\">\n<div class=\"siteorigin-widget-tinymce textwidget\">\n\t<p><img decoding=\"async\" loading=\"lazy\" class=\"alignnone wp-image-1340 size-full\" src=\"http:\/\/proctogastro.kinghost.net\/site1\/wp-content\/uploads\/2019\/12\/videoendoscopia1.jpg\" alt=\"\" width=\"450\" height=\"351\" srcset=\"https:\/\/proctogastro.com.br\/wp-content\/uploads\/2019\/12\/videoendoscopia1.jpg 450w, https:\/\/proctogastro.com.br\/wp-content\/uploads\/2019\/12\/videoendoscopia1-300x234.jpg 300w\" sizes=\"(max-width: 450px) 100vw, 450px\" \/><\/p>\n<p><img decoding=\"async\" loading=\"lazy\" class=\"alignnone wp-image-1341 size-full\" src=\"http:\/\/proctogastro.kinghost.net\/site1\/wp-content\/uploads\/2019\/12\/videoendoscopia2.jpg\" alt=\"\" width=\"450\" height=\"351\" srcset=\"https:\/\/proctogastro.com.br\/wp-content\/uploads\/2019\/12\/videoendoscopia2.jpg 450w, https:\/\/proctogastro.com.br\/wp-content\/uploads\/2019\/12\/videoendoscopia2-300x234.jpg 300w\" sizes=\"(max-width: 450px) 100vw, 450px\" \/><\/p>\n<\/div>\n<\/div><\/div><\/div><\/div><div id=\"pg-1334-1\"  class=\"panel-grid panel-no-style\" ><div id=\"pgc-1334-1-0\"  class=\"panel-grid-cell\" ><div id=\"panel-1334-1-0-0\" class=\"so-panel widget widget_sow-editor panel-first-child panel-last-child\" data-index=\"2\" ><div class=\"so-widget-sow-editor so-widget-sow-editor-base\">\n<div class=\"siteorigin-widget-tinymce textwidget\">\n\t<p style=\"font-weight: 400;\">\u00bb Evitar alimentos de dif\u00edcil digest\u00e3o como gorduras, frituras e que contenham condimentos em excesso.<\/p>\n<ul style=\"font-weight: 400;\">\n<li><em><strong>Tratamento das principais queixas p\u00f3s-exame<\/strong><\/em><\/li>\n<\/ul>\n<p style=\"font-weight: 400;\">\u00bb Em caso de irrita\u00e7\u00e3o na garganta realizar gargarejos com \u00e1gua morna e uma pitada de sal.<br \/>\n\u00bb Em caso de outras queixas ou d\u00favidas entre em contato com a Cl\u00ednica Procto Gastro.<\/p>\n<\/div>\n<\/div><\/div><\/div><\/div><\/div>","protected":false},"excerpt":{"rendered":"<p>\u00c9 atualmente o principal m\u00e9todo de diagn\u00f3stico das doen\u00e7as org\u00e2nicas do es\u00f4fago, est\u00f4mago e duodeno. Permite n\u00e3o s\u00f3 o diagn\u00f3stico das doen\u00e7as, mas tamb\u00e9m a coleta de material para estudo (bi\u00f3psia) ou at\u00e9 o seu tratamento (p.ex. polipectomia). O exame Inicia com a aplica\u00e7\u00e3o de spray anest\u00e9sico na orofaringe. Em seguida o paciente recebe um &hellip;<\/p>\n","protected":false},"author":1,"featured_media":0,"parent":1462,"menu_order":0,"comment_status":"closed","ping_status":"closed","template":"","meta":{"_joinchat":[]},"_links":{"self":[{"href":"https:\/\/proctogastro.com.br\/index.php\/wp-json\/wp\/v2\/pages\/1334"}],"collection":[{"href":"https:\/\/proctogastro.com.br\/index.php\/wp-json\/wp\/v2\/pages"}],"about":[{"href":"https:\/\/proctogastro.com.br\/index.php\/wp-json\/wp\/v2\/types\/page"}],"author":[{"embeddable":true,"href":"https:\/\/proctogastro.com.br\/index.php\/wp-json\/wp\/v2\/users\/1"}],"replies":[{"embeddable":true,"href":"https:\/\/proctogastro.com.br\/index.php\/wp-json\/wp\/v2\/comments?post=1334"}],"version-history":[{"count":15,"href":"https:\/\/proctogastro.com.br\/index.php\/wp-json\/wp\/v2\/pages\/1334\/revisions"}],"predecessor-version":[{"id":2254,"href":"https:\/\/proctogastro.com.br\/index.php\/wp-json\/wp\/v2\/pages\/1334\/revisions\/2254"}],"up":[{"embeddable":true,"href":"https:\/\/proctogastro.com.br\/index.php\/wp-json\/wp\/v2\/pages\/1462"}],"wp:attachment":[{"href":"https:\/\/proctogastro.com.br\/index.php\/wp-json\/wp\/v2\/media?parent=1334"}],"curies":[{"name":"wp","href":"https:\/\/api.w.org\/{rel}","templated":true}]}}