{"id":1376,"date":"2019-12-16T10:06:00","date_gmt":"2019-12-16T13:06:00","guid":{"rendered":"http:\/\/proctogastro.kinghost.net\/site1\/?page_id=1376"},"modified":"2020-03-12T09:52:22","modified_gmt":"2020-03-12T12:52:22","slug":"convenios","status":"publish","type":"page","link":"https:\/\/proctogastro.com.br\/index.php\/convenios\/","title":{"rendered":"Conv\u00eanios"},"content":{"rendered":"<div id=\"pl-1376\"  class=\"panel-layout\" ><div id=\"pg-1376-0\"  class=\"panel-grid panel-no-style\" ><div id=\"pgc-1376-0-0\"  class=\"panel-grid-cell\" ><div id=\"panel-1376-0-0-0\" class=\"so-panel widget widget_text panel-first-child panel-last-child\" data-index=\"0\" >\t\t\t<div class=\"textwidget\"><p>A Cl\u00ednica Procto Gastro atende os conv\u00eanios abaixo:<\/p>\n<p><strong>*<\/strong><strong>\u00daltima atualiza\u00e7\u00e3o: Mar\u00e7o\/2020<\/strong><\/p>\n<p><img decoding=\"async\" loading=\"lazy\" class=\"alignnone wp-image-2292 size-full\" src=\"http:\/\/proctogastro.com.br\/wp-content\/uploads\/2020\/03\/convenios1-novo.jpg\" alt=\"\" width=\"217\" height=\"1106\" srcset=\"https:\/\/proctogastro.com.br\/wp-content\/uploads\/2020\/03\/convenios1-novo.jpg 217w, https:\/\/proctogastro.com.br\/wp-content\/uploads\/2020\/03\/convenios1-novo-59x300.jpg 59w, https:\/\/proctogastro.com.br\/wp-content\/uploads\/2020\/03\/convenios1-novo-201x1024.jpg 201w\" sizes=\"(max-width: 217px) 100vw, 217px\" \/><img decoding=\"async\" loading=\"lazy\" class=\"alignnone wp-image-2291 size-full\" src=\"http:\/\/proctogastro.com.br\/wp-content\/uploads\/2020\/03\/convenios2-novo.jpg\" alt=\"\" width=\"216\" height=\"1113\" srcset=\"https:\/\/proctogastro.com.br\/wp-content\/uploads\/2020\/03\/convenios2-novo.jpg 216w, https:\/\/proctogastro.com.br\/wp-content\/uploads\/2020\/03\/convenios2-novo-58x300.jpg 58w, https:\/\/proctogastro.com.br\/wp-content\/uploads\/2020\/03\/convenios2-novo-199x1024.jpg 199w\" sizes=\"(max-width: 216px) 100vw, 216px\" \/><img decoding=\"async\" loading=\"lazy\" class=\"alignnone wp-image-2293 size-full\" src=\"http:\/\/proctogastro.com.br\/wp-content\/uploads\/2020\/03\/convenios3-novo..jpg\" alt=\"\" width=\"216\" height=\"1113\" srcset=\"https:\/\/proctogastro.com.br\/wp-content\/uploads\/2020\/03\/convenios3-novo..jpg 216w, https:\/\/proctogastro.com.br\/wp-content\/uploads\/2020\/03\/convenios3-novo.-58x300.jpg 58w, https:\/\/proctogastro.com.br\/wp-content\/uploads\/2020\/03\/convenios3-novo.-199x1024.jpg 199w\" sizes=\"(max-width: 216px) 100vw, 216px\" \/><\/p>\n<p>&nbsp;<\/p>\n<p><img decoding=\"async\" loading=\"lazy\" class=\"alignnone wp-image-2292 size-full\" src=\"http:\/\/proctogastro.kinghost.net\/site1\/wp-content\/uploads\/2020\/03\/convenios1-novo.jpg\" alt=\"\" width=\"217\" height=\"1106\" srcset=\"https:\/\/proctogastro.com.br\/wp-content\/uploads\/2020\/03\/convenios1-novo.jpg 217w, https:\/\/proctogastro.com.br\/wp-content\/uploads\/2020\/03\/convenios1-novo-59x300.jpg 59w, https:\/\/proctogastro.com.br\/wp-content\/uploads\/2020\/03\/convenios1-novo-201x1024.jpg 201w\" sizes=\"(max-width: 217px) 100vw, 217px\" \/> <img decoding=\"async\" loading=\"lazy\" class=\"alignnone wp-image-2291 size-full\" src=\"http:\/\/proctogastro.kinghost.net\/site1\/wp-content\/uploads\/2020\/03\/convenios2-novo.jpg\" alt=\"\" width=\"216\" height=\"1113\" srcset=\"https:\/\/proctogastro.com.br\/wp-content\/uploads\/2020\/03\/convenios2-novo.jpg 216w, https:\/\/proctogastro.com.br\/wp-content\/uploads\/2020\/03\/convenios2-novo-58x300.jpg 58w, https:\/\/proctogastro.com.br\/wp-content\/uploads\/2020\/03\/convenios2-novo-199x1024.jpg 199w\" sizes=\"(max-width: 216px) 100vw, 216px\" \/> <img decoding=\"async\" loading=\"lazy\" class=\"alignnone wp-image-2293 size-full\" src=\"http:\/\/proctogastro.kinghost.net\/site1\/wp-content\/uploads\/2020\/03\/convenios3-novo..jpg\" alt=\"\" width=\"216\" height=\"1113\" srcset=\"https:\/\/proctogastro.com.br\/wp-content\/uploads\/2020\/03\/convenios3-novo..jpg 216w, https:\/\/proctogastro.com.br\/wp-content\/uploads\/2020\/03\/convenios3-novo.-58x300.jpg 58w, https:\/\/proctogastro.com.br\/wp-content\/uploads\/2020\/03\/convenios3-novo.-199x1024.jpg 199w\" sizes=\"(max-width: 216px) 100vw, 216px\" \/><\/p>\n<\/div>\n\t\t<\/div><\/div><\/div><\/div>","protected":false},"excerpt":{"rendered":"<p>A Cl\u00ednica Procto Gastro atende os conv\u00eanios abaixo: *\u00daltima atualiza\u00e7\u00e3o: Mar\u00e7o\/2020 &nbsp;<\/p>\n","protected":false},"author":1,"featured_media":0,"parent":0,"menu_order":0,"comment_status":"closed","ping_status":"closed","template":"","meta":{"_joinchat":[]},"_links":{"self":[{"href":"https:\/\/proctogastro.com.br\/index.php\/wp-json\/wp\/v2\/pages\/1376"}],"collection":[{"href":"https:\/\/proctogastro.com.br\/index.php\/wp-json\/wp\/v2\/pages"}],"about":[{"href":"https:\/\/proctogastro.com.br\/index.php\/wp-json\/wp\/v2\/types\/page"}],"author":[{"embeddable":true,"href":"https:\/\/proctogastro.com.br\/index.php\/wp-json\/wp\/v2\/users\/1"}],"replies":[{"embeddable":true,"href":"https:\/\/proctogastro.com.br\/index.php\/wp-json\/wp\/v2\/comments?post=1376"}],"version-history":[{"count":9,"href":"https:\/\/proctogastro.com.br\/index.php\/wp-json\/wp\/v2\/pages\/1376\/revisions"}],"predecessor-version":[{"id":2301,"href":"https:\/\/proctogastro.com.br\/index.php\/wp-json\/wp\/v2\/pages\/1376\/revisions\/2301"}],"wp:attachment":[{"href":"https:\/\/proctogastro.com.br\/index.php\/wp-json\/wp\/v2\/media?parent=1376"}],"curies":[{"name":"wp","href":"https:\/\/api.w.org\/{rel}","templated":true}]}}