{"id":1387,"date":"2019-12-16T10:34:10","date_gmt":"2019-12-16T13:34:10","guid":{"rendered":"http:\/\/proctogastro.kinghost.net\/site1\/?page_id=1387"},"modified":"2020-03-12T15:25:39","modified_gmt":"2020-03-12T18:25:39","slug":"proctologia","status":"publish","type":"page","link":"https:\/\/proctogastro.com.br\/index.php\/especialidades\/proctologia\/","title":{"rendered":"Proctologia"},"content":{"rendered":"<div id=\"pl-1387\"  class=\"panel-layout\" ><div id=\"pg-1387-0\"  class=\"panel-grid panel-no-style\" ><div id=\"pgc-1387-0-0\"  class=\"panel-grid-cell\" ><div id=\"panel-1387-0-0-0\" class=\"so-panel widget widget_sow-editor panel-first-child panel-last-child\" data-index=\"0\" ><div class=\"so-widget-sow-editor so-widget-sow-editor-base\">\n<div class=\"siteorigin-widget-tinymce textwidget\">\n\t<h3><\/h3>\n<p>Especialidade que abrange o diagn\u00f3stico e tratamento cl\u00ednico ou cir\u00fargico (convencional e por v\u00eddeo laparoscopia) das doen\u00e7as que acometem o c\u00f3lon, reto e \u00e2nus.<\/p>\n<p>No tratamento n\u00e3o cir\u00fargico das hemorroidas a equipe da Procto Gastro tem obtido resultados excelentes com o emprego da t\u00e9cnica de ligadura el\u00e1stica.<\/p>\n<\/div>\n<\/div><\/div><\/div><div id=\"pgc-1387-0-1\"  class=\"panel-grid-cell\" ><div id=\"panel-1387-0-1-0\" class=\"so-panel widget widget_sow-editor panel-first-child panel-last-child\" data-index=\"1\" ><div class=\"so-widget-sow-editor so-widget-sow-editor-base\">\n<div class=\"siteorigin-widget-tinymce textwidget\">\n\t<p><img decoding=\"async\" loading=\"lazy\" class=\"alignnone wp-image-1171 size-medium\" src=\"http:\/\/proctogastro.kinghost.net\/site1\/wp-content\/uploads\/2019\/12\/pg-proctologia-02-300x200.jpg\" alt=\"\" width=\"300\" height=\"200\" srcset=\"https:\/\/proctogastro.com.br\/wp-content\/uploads\/2019\/12\/pg-proctologia-02-300x200.jpg 300w, https:\/\/proctogastro.com.br\/wp-content\/uploads\/2019\/12\/pg-proctologia-02-1024x683.jpg 1024w, https:\/\/proctogastro.com.br\/wp-content\/uploads\/2019\/12\/pg-proctologia-02-768x512.jpg 768w, https:\/\/proctogastro.com.br\/wp-content\/uploads\/2019\/12\/pg-proctologia-02-600x400.jpg 600w, https:\/\/proctogastro.com.br\/wp-content\/uploads\/2019\/12\/pg-proctologia-02-272x182.jpg 272w, https:\/\/proctogastro.com.br\/wp-content\/uploads\/2019\/12\/pg-proctologia-02.jpg 1140w\" sizes=\"(max-width: 300px) 100vw, 300px\" \/><\/p>\n<\/div>\n<\/div><\/div><\/div><\/div><div id=\"pg-1387-1\"  class=\"panel-grid panel-no-style\" ><div id=\"pgc-1387-1-0\"  class=\"panel-grid-cell panel-grid-cell-empty\" ><\/div><\/div><div id=\"pg-1387-2\"  class=\"panel-grid panel-no-style\" ><div id=\"pgc-1387-2-0\"  class=\"panel-grid-cell\" ><div id=\"panel-1387-2-0-0\" class=\"so-panel widget widget_sow-editor panel-first-child panel-last-child\" data-index=\"2\" ><div class=\"so-widget-sow-editor so-widget-sow-editor-base\">\n<div class=\"siteorigin-widget-tinymce textwidget\">\n\t<h3>Servi\u00e7os relacionados a Proctologia<\/h3>\n<p>&nbsp;<\/p>\n<ul>\n<li><em><strong>Servi\u00e7o de Doen\u00e7a Inflamat\u00f3ria Intestinal<\/strong>\u00a0<\/em><\/li>\n<\/ul>\n<p>Na \u00e1rea da\u00a0proctologia, a Cl\u00ednica\u00a0Procto\u00a0Gastro\u00a0possui um\u00a0<em>Servi\u00e7o Especializado no Diagn\u00f3stico e Tratamento das Doen\u00e7as Inflamat\u00f3rias Intestinais<\/em>\u00a0(DII), termo que se refere \u00e0 Doen\u00e7a de\u00a0Crohn\u00a0e \u00e0\u00a0Retocolite\u00a0Ulcerativa, doen\u00e7as que cursam com uma inflama\u00e7\u00e3o cr\u00f4nica do trato gastrointestinal, podendo causar graves complica\u00e7\u00f5es, como o c\u00e2ncer, al\u00e9m de sequelas e risco de vida.<\/p>\n<p>Enquanto a\u00a0Retocolite\u00a0Ulcerativa inicia pelo reto causando inflama\u00e7\u00e3o da mucosa, e pode se estender ao longo de todo o c\u00f3lon (Intestino grosso), a Doen\u00e7a de\u00a0Crohn\u00a0causa inflama\u00e7\u00e3o todas as camadas da parede do trato digestivo e pode atingir qualquer regi\u00e3o da boca ao \u00e2nus.<\/p>\n<p>As DII podem ser diagnosticadas em qualquer idade, por\u00e9m, atingem mais frequentemente pacientes entre 15 e 40 anos.<\/p>\n<p>Dentre os sintomas mais frequentes, destacam-se: diarreia persistente, presen\u00e7a de sangue e\/ou muco nas fezes, dor abdominal, perda de peso e inflama\u00e7\u00e3o anal.<\/p>\n<p><strong>\u00a0<\/strong><\/p>\n<ul>\n<li><em><strong>Servi\u00e7o de Doen\u00e7as Sexualmente Transmiss\u00edveis (DSTs) Anorretais<\/strong>\u00a0<\/em><\/li>\n<\/ul>\n<p>Ainda na \u00e1rea da\u00a0proctologia, a Cl\u00ednica\u00a0Procto\u00a0Gastro\u00a0possui tamb\u00e9m um\u00a0<em>Servi\u00e7o Especializado no Diagn\u00f3stico e Tratamento das Doen\u00e7as Sexualmente Transmiss\u00edveis<\/em>\u00a0(DSTs), acometendo o reto e \u00e2nus, geralmente causadas por intercurso anal receptivo ou contamina\u00e7\u00e3o cont\u00ednua a partir da regi\u00e3o genital.<\/p>\n<p>As doen\u00e7as sexualmente transmiss\u00edveis que mais frequentemente acometem a regi\u00e3o anorretal s\u00e3o:<\/p>\n<p>- Gonorreia \u2013 causada pela N.\u00a0gonorrhoeae;<\/p>\n<p>- Tricomon\u00edase - causada pelo C.\u00a0Trachomatis;<\/p>\n<p>- Condiloma ou verruga anal \u2013 causada pelo Papilomav\u00edrus humano (HPV);<\/p>\n<p>- Herpes v\u00edrus Simples (HSV)<\/p>\n<p>Os sintomas das DSTs anorretais podem ser inespec\u00edficos, como: verrugas, dor ou prurido (coceira) anal, sa\u00edda de sangue ou pus atrav\u00e9s do \u00e2nus, urg\u00eancia evacuat\u00f3ria e sensa\u00e7\u00e3o de evacua\u00e7\u00e3o incompleta. Na presen\u00e7a de algum destes sintomas, deve-se procurar um\u00a0proctologista, para que seja feita uma avalia\u00e7\u00e3o.<\/p>\n<p>Quando realizado o diagn\u00f3stico de uma DST, torna-se obrigat\u00f3rio investigar a infec\u00e7\u00e3o pelo v\u00edrus da imunodefici\u00eancia humana (HIV) e s\u00edfilis, devido\u00a0a\u00a0alta frequ\u00eancia de associa\u00e7\u00e3o entre elas.<\/p>\n<p>&nbsp;<\/p>\n<\/div>\n<\/div><\/div><\/div><\/div><div id=\"pg-1387-3\"  class=\"panel-grid panel-no-style\" ><div id=\"pgc-1387-3-0\"  class=\"panel-grid-cell\" ><div id=\"panel-1387-3-0-0\" class=\"so-panel widget widget_sow-editor panel-first-child panel-last-child\" data-index=\"3\" ><div class=\"so-widget-sow-editor so-widget-sow-editor-base\">\n<div class=\"siteorigin-widget-tinymce textwidget\">\n\t<h3>Exames relacionados a Proctologia<\/h3>\n<p>Al\u00e9m da consulta comum, com o exame f\u00edsico e o hist\u00f3rico m\u00e9dico, o m\u00e9dico da \u00e1rea de proctologia pode pedir alguns exames complementares para ajudar no seu diagn\u00f3stico. Por exemplo:<\/p>\n<\/div>\n<\/div><\/div><\/div><\/div><div id=\"pg-1387-4\"  class=\"panel-grid panel-no-style\" ><div id=\"pgc-1387-4-0\"  class=\"panel-grid-cell panel-grid-cell-empty\" ><\/div><\/div><div id=\"pg-1387-5\"  class=\"panel-grid panel-no-style\" ><div id=\"pgc-1387-5-0\"  class=\"panel-grid-cell\" ><div id=\"panel-1387-5-0-0\" class=\"so-panel widget widget_sow-editor panel-first-child\" data-index=\"4\" ><div class=\"so-widget-sow-editor so-widget-sow-editor-base\">\n<div class=\"siteorigin-widget-tinymce textwidget\">\n\t<h6 style=\"text-align: center;\"><a href=\"http:\/\/proctogastro.com.br\/index.php\/exames-2\/endoscopia\/video-colonoscopia\/\"><span class=\"icon-container\"><span class=\"fa mp mp-checkin-hospital fa-3x\"><\/span><\/span><\/a><\/h6>\n<h6 style=\"text-align: center;\"><a href=\"http:\/\/proctogastro.com.br\/index.php\/exames-2\/endoscopia\/video-colonoscopia\/\">V\u00eddeo Colonoscopia<\/a><\/h6>\n<h6 style=\"text-align: center;\"><\/h6>\n<\/div>\n<\/div><\/div><div id=\"panel-1387-5-0-1\" class=\"so-panel widget widget_sow-editor panel-last-child\" data-index=\"5\" ><div class=\"so-widget-sow-editor so-widget-sow-editor-base\">\n<div class=\"siteorigin-widget-tinymce textwidget\">\n\t<h6 style=\"text-align: center;\"><a href=\"http:\/\/proctogastro.com.br\/index.php\/exames-2\/endoscopia\/retossigmoidoscopia-rigida-ou-flexivel\/\"><span class=\"icon-container\"><span class=\"fa mp mp-checkin-hospital fa-3x\"><\/span><\/span><\/a><\/h6>\n<h6 style=\"text-align: center;\"><a href=\"http:\/\/proctogastro.com.br\/index.php\/exames-2\/endoscopia\/retossigmoidoscopia-rigida-ou-flexivel\/\">Retossigmoidoscopia<\/a><\/h6>\n<h6 style=\"text-align: center;\"><\/h6>\n<\/div>\n<\/div><\/div><\/div><div id=\"pgc-1387-5-1\"  class=\"panel-grid-cell\" ><div id=\"panel-1387-5-1-0\" class=\"so-panel widget widget_sow-editor panel-first-child\" data-index=\"6\" ><div class=\"so-widget-sow-editor so-widget-sow-editor-base\">\n<div class=\"siteorigin-widget-tinymce textwidget\">\n\t<h6 style=\"text-align: center;\"><a href=\"http:\/\/proctogastro.com.br\/index.php\/exames-2\/procedimentos-endoscopicos\/ligadura-elastica-de-hemorroidas\/\"><span class=\"icon-container\"><span class=\"fa mp mp-checkin-hospital fa-3x\"><\/span><\/span><\/a><\/h6>\n<h6 style=\"text-align: center;\"><a href=\"http:\/\/proctogastro.com.br\/index.php\/exames-2\/procedimentos-endoscopicos\/ligadura-elastica-de-hemorroidas\/\">Ligadura El\u00e1stica de Hemorr\u00f3idas<\/a><\/h6>\n<h6 style=\"text-align: center;\"><\/h6>\n<\/div>\n<\/div><\/div><div id=\"panel-1387-5-1-1\" class=\"so-panel widget widget_sow-editor panel-last-child\" data-index=\"7\" ><div class=\"so-widget-sow-editor so-widget-sow-editor-base\">\n<div class=\"siteorigin-widget-tinymce textwidget\">\n\t<h6 style=\"text-align: center;\"><a href=\"http:\/\/proctogastro.com.br\/index.php\/exames-2\/fisiologia-digestiva\/manometria-anorretal\/\"><span class=\"icon-container\"><span class=\"fa mp mp-checkin-hospital fa-3x\"><\/span><\/span><\/a><\/h6>\n<h6 style=\"text-align: center;\"><a href=\"http:\/\/proctogastro.com.br\/index.php\/exames-2\/fisiologia-digestiva\/manometria-anorretal\/\">Manometria Anorretal<\/a><\/h6>\n<h6 style=\"text-align: center;\"><\/h6>\n<\/div>\n<\/div><\/div><\/div><\/div><div id=\"pg-1387-6\"  class=\"panel-grid panel-no-style\" ><div id=\"pgc-1387-6-0\"  class=\"panel-grid-cell panel-grid-cell-empty\" ><\/div><\/div><\/div>","protected":false},"excerpt":{"rendered":"<p>Especialidade que abrange o diagn\u00f3stico e tratamento cl\u00ednico ou cir\u00fargico (convencional e por v\u00eddeo laparoscopia) das doen\u00e7as que acometem o c\u00f3lon, reto e \u00e2nus. No tratamento n\u00e3o cir\u00fargico das hemorroidas a equipe da Procto Gastro tem obtido resultados excelentes com o emprego da t\u00e9cnica de ligadura el\u00e1stica.<\/p>\n","protected":false},"author":1,"featured_media":1918,"parent":116,"menu_order":0,"comment_status":"closed","ping_status":"closed","template":"","meta":{"_joinchat":[]},"_links":{"self":[{"href":"https:\/\/proctogastro.com.br\/index.php\/wp-json\/wp\/v2\/pages\/1387"}],"collection":[{"href":"https:\/\/proctogastro.com.br\/index.php\/wp-json\/wp\/v2\/pages"}],"about":[{"href":"https:\/\/proctogastro.com.br\/index.php\/wp-json\/wp\/v2\/types\/page"}],"author":[{"embeddable":true,"href":"https:\/\/proctogastro.com.br\/index.php\/wp-json\/wp\/v2\/users\/1"}],"replies":[{"embeddable":true,"href":"https:\/\/proctogastro.com.br\/index.php\/wp-json\/wp\/v2\/comments?post=1387"}],"version-history":[{"count":15,"href":"https:\/\/proctogastro.com.br\/index.php\/wp-json\/wp\/v2\/pages\/1387\/revisions"}],"predecessor-version":[{"id":2325,"href":"https:\/\/proctogastro.com.br\/index.php\/wp-json\/wp\/v2\/pages\/1387\/revisions\/2325"}],"up":[{"embeddable":true,"href":"https:\/\/proctogastro.com.br\/index.php\/wp-json\/wp\/v2\/pages\/116"}],"wp:featuredmedia":[{"embeddable":true,"href":"https:\/\/proctogastro.com.br\/index.php\/wp-json\/wp\/v2\/media\/1918"}],"wp:attachment":[{"href":"https:\/\/proctogastro.com.br\/index.php\/wp-json\/wp\/v2\/media?parent=1387"}],"curies":[{"name":"wp","href":"https:\/\/api.w.org\/{rel}","templated":true}]}}