{"id":1419,"date":"2019-12-16T15:33:20","date_gmt":"2019-12-16T18:33:20","guid":{"rendered":"http:\/\/proctogastro.kinghost.net\/site1\/?page_id=1419"},"modified":"2020-03-02T09:15:33","modified_gmt":"2020-03-02T12:15:33","slug":"balao-intragastrico","status":"publish","type":"page","link":"https:\/\/proctogastro.com.br\/index.php\/especialidades\/cirurgias\/cirurgia-da-obesidade\/balao-intragastrico\/","title":{"rendered":"Bal\u00e3o Intrag\u00e1strico"},"content":{"rendered":"<div id=\"pl-1419\"  class=\"panel-layout\" ><div id=\"pg-1419-0\"  class=\"panel-grid panel-no-style\" ><div id=\"pgc-1419-0-0\"  class=\"panel-grid-cell\" ><div id=\"panel-1419-0-0-0\" class=\"so-panel widget widget_sow-editor panel-first-child\" data-index=\"0\" ><div class=\"so-widget-sow-editor so-widget-sow-editor-base\">\n<div class=\"siteorigin-widget-tinymce textwidget\">\n\t<p>O Bal\u00e3o Intrag\u00e1strico (Coloca\u00e7\u00e3o e Retirada) \u00e9 uma pr\u00f3tese de silicone, que ao ser preenchida adquire a forma de uma bola, que \u00e9 implantada dentro do est\u00f4mago com ajuda da endoscopia. O bal\u00e3o vem vazio e conectado a uma sonda, que ajuda na coloca\u00e7\u00e3o e serve para preench\u00ea-lo, ap\u00f3s estar posicionado dentro do est\u00f4mago. Ap\u00f3s o preenchimento a sonda \u00e9 tracionada, desconectada do bal\u00e3o e removida. O mecanismo de a\u00e7\u00e3o do bal\u00e3o intrag\u00e1strico \u00e9 ocupar uma parte do est\u00f4mago e produzir sensa\u00e7\u00e3o de saciedade, como se o est\u00f4mago estivesse cheio de alimento. Al\u00e9m disso, o bal\u00e3o retarda a passagem do alimento pelo est\u00f4mago dificultando a ingesta de grandes quantidades de alimento de forma r\u00e1pida nas refei\u00e7\u00f5es.<\/p>\n<p>\u00c9 um tratamento de ajuda tempor\u00e1ria numa proposta de mudan\u00e7a de estilo de vida, pois a perman\u00eancia de um mesmo bal\u00e3o, dentro do est\u00f4mago, \u00e9 de no m\u00e1ximo 6 meses. Ap\u00f3s esse per\u00edodo, existe o risco elevado do bal\u00e3o romper, sair do est\u00f4mago e ir para o intestino causando obstru\u00e7\u00e3o intestinal, necessitando que o paciente seja operado de urg\u00eancia para remo\u00e7\u00e3o do bal\u00e3o de dentro do intestino. Se o paciente desejar continuar com o bal\u00e3o intrag\u00e1strico por mais tempo, ele dever\u00e1 realizar a troca por um novo bal\u00e3o, a cada seis meses.<\/p>\n<p>A perda de peso m\u00e9dia com o bal\u00e3o intrag\u00e1strico \u00e9 na faixa de 12 a 15% do peso, podendo chegar at\u00e9 20%, ou ser nula, dependendo da disciplina do paciente.<\/p>\n<p>O tratamento n\u00e3o se resume a implanta\u00e7\u00e3o o bal\u00e3o, e nem se encerra com a retirada, mas para se ter um bom resultado \u00e9 fundamental um acompanhamento multidisciplinar concomitante, uma alimenta\u00e7\u00e3o saud\u00e1vel de baixa caloria e realiza\u00e7\u00e3o de atividade f\u00edsica 4 a 5 x na semana, para o resto da vida, ou seja, manter o tratamento mesmo ap\u00f3s a retirada do bal\u00e3o.<\/p>\n<p><strong><em>O procedimento<\/em><\/strong><\/p>\n<p>A semelhan\u00e7a do exame de endoscopia digestiva alta, o procedimento inicia com a aplica\u00e7\u00e3o de spray anest\u00e9sico na orofaringe. Em seguida o paciente recebe um sedativo endovenoso e o procedimento \u00e9 realizado pela introdu\u00e7\u00e3o suave, atrav\u00e9s da boca, do bal\u00e3o intrag\u00e1strico vazio, com a ajuda da sonda, at\u00e9 o est\u00f4mago. Em seguida \u00e9 passado o aparelho de endoscopia, para visualiza\u00e7\u00e3o do bal\u00e3o no interior do est\u00f4mago, permitindo assim o posicionamento correto do bal\u00e3o e seu preenchimento com soro fisiol\u00f3gico e o corante azul de metileno, at\u00e9 o volume ideal para cada paciente, dependendo da anatomia do est\u00f4mago, at\u00e9 o m\u00e1ximo de 700 ml.<\/p>\n<p>Ap\u00f3s o procedimento o paciente recebe uma carteirinha identificando que ele tem um bal\u00e3o intrag\u00e1strico, junto com o telefone de contato da equipe m\u00e9dica, e em seguida \u00e9 liberado para casa.<\/p>\n<p><strong><em>Preparo pr\u00e9vio<\/em><\/strong><\/p>\n<p>\u00bb Jejum de 8 horas para alimentos s\u00f3lidos. \u00c9 permitido tomar \u00e1gua com modera\u00e7\u00e3o at\u00e9 6 horas antes do procedimento.<\/p>\n<p>\u00bb Comparecer \u00e0 Cl\u00ednica Procto Gastro no dia e hora marcados, acompanhado (a) obrigatoriamente por um adulto e levando o Consentimento Informado, preenchido e assinado.<\/p>\n<p>\u00bb Recomendamos a nossos pacientes, que uma horas antes do procedimento eles fa\u00e7am uso dos rem\u00e9dios para n\u00e1useas e v\u00f4mitos, e para c\u00f3licas, conforme a receita de orienta\u00e7\u00e3o pr\u00e9 bal\u00e3o.<\/p>\n<p>\u00bb Caso fa\u00e7a uso de alguma medica\u00e7\u00e3o habitual, dever\u00e1 tomar at\u00e9 4 horas antes do procedimento, com um pouco d\u2019\u00e1gua.<\/p>\n<p><strong><em>Cuidados p\u00f3s-procedimento<\/em><\/strong><\/p>\n<p>\u00bb N\u00e3o dever\u00e1 dirigir nem realizar nenhuma tarefa que exija reflexo ou aten\u00e7\u00e3o cont\u00ednua nas 6 horas que se seguem ao procedimento. Lembre-se que voc\u00ea estar\u00e1 sedado (a) e estes medicamentos diminuem os reflexos e o (a) deixar\u00e1 um pouco sonolento (a).<\/p>\n<p>\u00bb Seguir rigorosamente a orienta\u00e7\u00e3o nutricional e tomar as medica\u00e7\u00f5es prescritas pela equipe.<\/p>\n<p><strong><em>Tratamento das principais queixas p\u00f3s-procedimento<\/em><\/strong><\/p>\n<p>\u00bb Em caso de irrita\u00e7\u00e3o na garganta realizar gargarejos com \u00e1gua morna e uma pitada de sal.<\/p>\n<p>\u00bb Em caso de c\u00f3licas intensas e\/ou v\u00f4mitos frequentes, o paciente dever\u00e1 se dirigir a um pronto atendimento para receber hidrata\u00e7\u00e3o e medicamento por veia, pois os v\u00f4mitos impedem que os medicamento orais sejam absorvidos.<\/p>\n<p>\u00bb Outras queixas ou d\u00favidas entre em contato com a Cl\u00ednica Procto Gastro.<\/p>\n<p><strong><em>Contra indica\u00e7\u00f5es<\/em><\/strong><\/p>\n<p>\u00bb Antecedente de cirurgias no est\u00f4mago;<\/p>\n<p>\u00bb Doen\u00e7as ativas no est\u00f4mago (p.e. gastrite erosiva ou hemorr\u00e1gica, \u00falcera);<\/p>\n<p>\u00bb Doen\u00e7as cl\u00ednicas ou psiqui\u00e1tricas descontroladas;<\/p>\n<p>\u00bb Dependentes qu\u00edmicos e\/ou alco\u00f3latras;<\/p>\n<p>\u00bb Pedra na ves\u00edcula;<\/p>\n<p>\u00bb Gravidez.<\/p>\n<p><strong><em>Vantagens<\/em><\/strong><\/p>\n<p>\u00bb \u00c9 um procedimento de baixo risco;<\/p>\n<p>\u00bb \u00c9 realizado por endoscopia, sem necessidade de cirurgia;<\/p>\n<p>\u00bb Pode ser interrompido a qualquer momento, ao longo dos seis meses;<\/p>\n<p>\u00bb N\u00e3o altera a anatomia do est\u00f4mago, n\u00e3o tem costura nem grampeamento.<\/p>\n<p><strong><em>Desvantagens<\/em><\/strong><\/p>\n<p>\u00bb \u00c9 um procedimento tempor\u00e1rio, o mesmo bal\u00e3o n\u00e3o pode ficar mais de seis meses dentro do est\u00f4mago;<\/p>\n<p>\u00bb N\u00e3o \u00e9 isento de risco. Embora raro, o bal\u00e3o pode esvaziar antes de seis meses, sair do est\u00f4mago e ir para o intestino causando obstru\u00e7\u00e3o intestinal, necessitando que o paciente seja operado de urg\u00eancia para remover o bal\u00e3o de dentro do intestino;<\/p>\n<p>\u00bb Por ser uma pr\u00f3tese, o bal\u00e3o pode causar efeitos colaterais como c\u00f3licas e v\u00f4mitos, principalmente nas primeiras 24\/48 horas, ap\u00f3s a coloca\u00e7\u00e3o;<\/p>\n<p>\u00bb A perda de peso m\u00e9dia \u00e9 na faixa de 12 a 15% do peso, por isso \u00e9 indicado mais para pessoas que necessitam de pequena perda de peso ou precisam perder peso para serem operados com menor risco;<\/p>\n<p>\u00bb N\u00e3o \u00e9 coberto pelos planos de sa\u00fade.<\/p>\n<p>&nbsp;<\/p>\n<\/div>\n<\/div><\/div><div id=\"panel-1419-0-0-1\" class=\"so-panel widget widget_sow-editor panel-last-child\" data-index=\"1\" ><div class=\"so-widget-sow-editor so-widget-sow-editor-base\">\n<div class=\"siteorigin-widget-tinymce textwidget\">\n\t<p><img decoding=\"async\" loading=\"lazy\" class=\"aligncenter wp-image-2273\" src=\"http:\/\/proctogastro.kinghost.net\/site1\/wp-content\/uploads\/2020\/03\/balao.intragastrico01.jpg\" alt=\"\" width=\"500\" height=\"246\" srcset=\"https:\/\/proctogastro.com.br\/wp-content\/uploads\/2020\/03\/balao.intragastrico01.jpg 800w, https:\/\/proctogastro.com.br\/wp-content\/uploads\/2020\/03\/balao.intragastrico01-300x148.jpg 300w, https:\/\/proctogastro.com.br\/wp-content\/uploads\/2020\/03\/balao.intragastrico01-768x378.jpg 768w, https:\/\/proctogastro.com.br\/wp-content\/uploads\/2020\/03\/balao.intragastrico01-600x296.jpg 600w\" sizes=\"(max-width: 500px) 100vw, 500px\" \/><\/p>\n<\/div>\n<\/div><\/div><\/div><\/div><\/div>","protected":false},"excerpt":{"rendered":"<p>O Bal\u00e3o Intrag\u00e1strico (Coloca\u00e7\u00e3o e Retirada) \u00e9 uma pr\u00f3tese de silicone, que ao ser preenchida adquire a forma de uma bola, que \u00e9 implantada dentro do est\u00f4mago com ajuda da endoscopia. O bal\u00e3o vem vazio e conectado a uma sonda, que ajuda na coloca\u00e7\u00e3o e serve para preench\u00ea-lo, ap\u00f3s estar posicionado dentro do est\u00f4mago. Ap\u00f3s &hellip;<\/p>\n","protected":false},"author":1,"featured_media":0,"parent":151,"menu_order":0,"comment_status":"closed","ping_status":"closed","template":"","meta":{"_joinchat":[]},"_links":{"self":[{"href":"https:\/\/proctogastro.com.br\/index.php\/wp-json\/wp\/v2\/pages\/1419"}],"collection":[{"href":"https:\/\/proctogastro.com.br\/index.php\/wp-json\/wp\/v2\/pages"}],"about":[{"href":"https:\/\/proctogastro.com.br\/index.php\/wp-json\/wp\/v2\/types\/page"}],"author":[{"embeddable":true,"href":"https:\/\/proctogastro.com.br\/index.php\/wp-json\/wp\/v2\/users\/1"}],"replies":[{"embeddable":true,"href":"https:\/\/proctogastro.com.br\/index.php\/wp-json\/wp\/v2\/comments?post=1419"}],"version-history":[{"count":5,"href":"https:\/\/proctogastro.com.br\/index.php\/wp-json\/wp\/v2\/pages\/1419\/revisions"}],"predecessor-version":[{"id":2274,"href":"https:\/\/proctogastro.com.br\/index.php\/wp-json\/wp\/v2\/pages\/1419\/revisions\/2274"}],"up":[{"embeddable":true,"href":"https:\/\/proctogastro.com.br\/index.php\/wp-json\/wp\/v2\/pages\/151"}],"wp:attachment":[{"href":"https:\/\/proctogastro.com.br\/index.php\/wp-json\/wp\/v2\/media?parent=1419"}],"curies":[{"name":"wp","href":"https:\/\/api.w.org\/{rel}","templated":true}]}}