{"id":1443,"date":"2019-12-16T16:04:49","date_gmt":"2019-12-16T19:04:49","guid":{"rendered":"http:\/\/proctogastro.kinghost.net\/site1\/?page_id=1443"},"modified":"2020-02-12T14:18:57","modified_gmt":"2020-02-12T17:18:57","slug":"programa-qualidade-de-vida-e-saude-pos-cirurgia-bariatrica-e-metabolica","status":"publish","type":"page","link":"https:\/\/proctogastro.com.br\/index.php\/especialidades\/cirurgias\/cirurgia-da-obesidade\/programa-qualidade-de-vida-e-saude-pos-cirurgia-bariatrica-e-metabolica\/","title":{"rendered":"Programa Qualidade de Vida e Sa\u00fade P\u00f3s Cirurgia Bari\u00e1trica e Metab\u00f3lica"},"content":{"rendered":"<div id=\"pl-1443\"  class=\"panel-layout\" ><div id=\"pg-1443-0\"  class=\"panel-grid panel-no-style\" ><div id=\"pgc-1443-0-0\"  class=\"panel-grid-cell\" ><div id=\"panel-1443-0-0-0\" class=\"so-panel widget widget_sow-editor panel-first-child panel-last-child\" data-index=\"0\" ><div class=\"so-widget-sow-editor so-widget-sow-editor-base\">\n<div class=\"siteorigin-widget-tinymce textwidget\">\n\t<p>Normalmente ap\u00f3s a cirurgia bari\u00e1trica o paciente apresenta uma importante perda de peso, melhora significativa na sa\u00fade e mudan\u00e7as no aspecto f\u00edsico e na esfera emocional.<\/p>\n<p>Sem nenhum acompanhamento p\u00f3s-operat\u00f3rio estas mudan\u00e7as poder\u00e3o n\u00e3o levar ao resultado imediato e tardio desejados pelo paciente, pois existem v\u00e1rios tipos de cirurgia bari\u00e1trica, e cada uma delas com suas particularidades, fazendo com que o acompanhamento p\u00f3s-operat\u00f3rio seja individualizado para cada paciente levando em conta o sexo, a idade, as doen\u00e7as anteriores a cirurgia, o tipo de cirurgia, etc. Sem um acompanhamento adequado o paciente pode desenvolver defici\u00eancias nutricionais, perda importante de massa muscular, reganho de peso e complica\u00e7\u00f5es tardias. Por esses motivos a equipe multidisciplinar do Servi\u00e7o de Cirurgia da Obesidade e do Diabetes da Cl\u00ednica Procto Gastro criou o Programa de Qualidade de Vida e Sa\u00fade P\u00f3s Cirurgia Bari\u00e1trica e Metab\u00f3lica com o objetivo de oferecer aos pacientes um acompanhamento p\u00f3s-operat\u00f3rio especializado, para que ele possa obter todos os benef\u00edcios da cirurgia e das mudan\u00e7as, com bom resultado no curto e longo prazo. Este programa inclui os acompanhamentos abaixo discriminados:<\/p>\n<ul>\n<li><em>Nutricionista com experi\u00eancia nos v\u00e1rios tipos de cirurgia:<\/em><\/li>\n<\/ul>\n<p>Como a cirurgia n\u00e3o cura, mas ajuda no controle da obesidade e do diabetes, \u00e9 fundamental a mudan\u00e7a p\u00f3s-operat\u00f3ria dos h\u00e1bitos alimentares para evitar reganho de peso. Al\u00e9m do risco de reganho de peso, o erro alimentar ap\u00f3s a cirurgia causa defici\u00eancias nutricionais importantes. Por estes motivos, o acompanhamento de nutricionista com experi\u00eancia na orienta\u00e7\u00e3o e acompanhamento desta mudan\u00e7a \u00e9 muito importante para uma perda de peso sem risco de defici\u00eancias ou reganho de peso.<\/p>\n<ul>\n<li>Educador f\u00edsico com experi\u00eancia nos v\u00e1rios tipos de cirurgia:<\/li>\n<\/ul>\n<p>Ap\u00f3s a cirurgia o paciente perde peso em consequ\u00eancia da perda da massa gorda \u2013 o que \u00e9 muito bom, pois a gordura deforma o corpo e traz uma s\u00e9rie de problemas para a sa\u00fade - e da massa magra \u2013 o que n\u00e3o \u00e9 bom, pois o m\u00fasculo \u00e9 o que d\u00e1 o contorno do corpo, d\u00e1 o aspecto de juventude e beleza. Logo, se, ao emagrecer, o paciente perde massa magra ele acaba ficando fl\u00e1cido, com o aspecto de doente e envelhecido. O ideal \u00e9 que a perda de peso p\u00f3s-operat\u00f3ria seja a custa da perda exclusiva da massa gorda, com isso o paciente emagrece ficando com aspecto mais jovem, mais bonito, menos fl\u00e1cido e necessitando menos de cirurgia pl\u00e1stica. Por isso o acompanhamento com o educador f\u00edsico com experi\u00eancia em cirurgia \u00e9 importante na elabora\u00e7\u00e3o de um protocolo individualizado e acompanhamento na manuten\u00e7\u00e3o ou ganho da massa magra p\u00f3s-operat\u00f3ria.<\/p>\n<ul>\n<li>Esteticista com experi\u00eancia nos v\u00e1rios tipos de cirurgia:<\/li>\n<\/ul>\n<p>Na perda de peso o paciente tamb\u00e9m apresenta um ressecamento da pele que contribui para o aspecto de envelhecimento, al\u00e9m da redu\u00e7\u00e3o da elasticidade que acaba contribuindo para excessos de pele e maior necessidade de cirurgia reparadora. Por isso o acompanhamento com uma esteticista com experi\u00eancia em pacientes operados \u00e9 importante na elabora\u00e7\u00e3o de protocolo individualizado de tratamento est\u00e9tico.<\/p>\n<ul>\n<li>Psic\u00f3loga com experi\u00eancia nos v\u00e1rios tipos de cirurgia:<\/li>\n<\/ul>\n<p>Ap\u00f3s a cirurgia o paciente passa por importantes mudan\u00e7as f\u00edsicas e emocionais. Est\u00e1 mudan\u00e7as emocionais ou manuten\u00e7\u00e3o de problemas emocionais que j\u00e1 apresentava antes da cirurgia e que contribu\u00edram para o ganho de peso, se n\u00e3o tratadas adequadamente no p\u00f3s-operat\u00f3rio poder\u00e3o comprometer o resultado final da cirurgia levando o desvio para outras compuls\u00f5es e at\u00e9 o reganho de peso.<\/p>\n<\/div>\n<\/div><\/div><\/div><\/div><\/div>","protected":false},"excerpt":{"rendered":"<p>Normalmente ap\u00f3s a cirurgia bari\u00e1trica o paciente apresenta uma importante perda de peso, melhora significativa na sa\u00fade e mudan\u00e7as no aspecto f\u00edsico e na esfera emocional. Sem nenhum acompanhamento p\u00f3s-operat\u00f3rio estas mudan\u00e7as poder\u00e3o n\u00e3o levar ao resultado imediato e tardio desejados pelo paciente, pois existem v\u00e1rios tipos de cirurgia bari\u00e1trica, e cada uma delas com &hellip;<\/p>\n","protected":false},"author":1,"featured_media":0,"parent":151,"menu_order":0,"comment_status":"closed","ping_status":"closed","template":"","meta":{"_joinchat":[]},"_links":{"self":[{"href":"https:\/\/proctogastro.com.br\/index.php\/wp-json\/wp\/v2\/pages\/1443"}],"collection":[{"href":"https:\/\/proctogastro.com.br\/index.php\/wp-json\/wp\/v2\/pages"}],"about":[{"href":"https:\/\/proctogastro.com.br\/index.php\/wp-json\/wp\/v2\/types\/page"}],"author":[{"embeddable":true,"href":"https:\/\/proctogastro.com.br\/index.php\/wp-json\/wp\/v2\/users\/1"}],"replies":[{"embeddable":true,"href":"https:\/\/proctogastro.com.br\/index.php\/wp-json\/wp\/v2\/comments?post=1443"}],"version-history":[{"count":5,"href":"https:\/\/proctogastro.com.br\/index.php\/wp-json\/wp\/v2\/pages\/1443\/revisions"}],"predecessor-version":[{"id":2081,"href":"https:\/\/proctogastro.com.br\/index.php\/wp-json\/wp\/v2\/pages\/1443\/revisions\/2081"}],"up":[{"embeddable":true,"href":"https:\/\/proctogastro.com.br\/index.php\/wp-json\/wp\/v2\/pages\/151"}],"wp:attachment":[{"href":"https:\/\/proctogastro.com.br\/index.php\/wp-json\/wp\/v2\/media?parent=1443"}],"curies":[{"name":"wp","href":"https:\/\/api.w.org\/{rel}","templated":true}]}}