{"id":1462,"date":"2019-12-16T16:57:29","date_gmt":"2019-12-16T19:57:29","guid":{"rendered":"http:\/\/proctogastro.kinghost.net\/site1\/?page_id=1462"},"modified":"2020-03-12T16:21:22","modified_gmt":"2020-03-12T19:21:22","slug":"endoscopia","status":"publish","type":"page","link":"https:\/\/proctogastro.com.br\/index.php\/exames-2\/endoscopia\/","title":{"rendered":"Endoscopia Digestiva Alta e Baixa"},"content":{"rendered":"<div id=\"pl-1462\"  class=\"panel-layout\" ><div id=\"pg-1462-0\"  class=\"panel-grid panel-no-style\" ><div id=\"pgc-1462-0-0\"  class=\"panel-grid-cell\" ><div id=\"panel-1462-0-0-0\" class=\"so-panel widget widget_sow-editor panel-first-child panel-last-child\" data-index=\"0\" ><div class=\"so-widget-sow-editor so-widget-sow-editor-base\">\n<div class=\"siteorigin-widget-tinymce textwidget\">\n\t<p>A Procto Gastro possui um moderno e completo Servi\u00e7o de Endoscopia realizando todos os tipos de exames e procedimentos.<\/p>\n<div class=\"jsn-article-content\">\n<ul>\n<li><strong><a href=\"http:\/\/proctogastro.com.br\/index.php\/exames-2\/endoscopia\/video-endoscopia-digestiva-alta\/\">V\u00eddeo Endoscopia Digestiva Alta<\/a><\/strong><\/li>\n<\/ul>\n<ul>\n<li><strong><a href=\"http:\/\/proctogastro.com.br\/index.php\/exames-2\/endoscopia\/video-colonoscopia\/\">V\u00eddeo Colonoscopia<\/a><\/strong><\/li>\n<\/ul>\n<ul>\n<li><strong><a href=\"http:\/\/proctogastro.com.br\/index.php\/exames-2\/endoscopia\/retossigmoidoscopia-rigida-ou-flexivel\/\">Retossigmoidoscopia R\u00edgida ou Flex\u00edvel<\/a><\/strong><\/li>\n<\/ul>\n<ul>\n<li><strong><a href=\"http:\/\/proctogastro.com.br\/index.php\/exames-2\/procedimentos-endoscopicos\/\">Procedimentos V\u00eddeo-Endosc\u00f3picos Intervencionistas<\/a><\/strong><\/li>\n<\/ul>\n<ul>\n<li><strong><a href=\"http:\/\/proctogastro.com.br\/index.php\/exames-2\/endoscopia\/video-laparoscopia\/\">V\u00eddeo Laparoscopia<\/a><\/strong><\/li>\n<\/ul>\n<\/div>\n<p><span class=\"article_separator\">\u00a0<\/span><\/p>\n<\/div>\n<\/div><\/div><\/div><div id=\"pgc-1462-0-1\"  class=\"panel-grid-cell\" ><div id=\"panel-1462-0-1-0\" class=\"so-panel widget widget_sow-editor panel-first-child panel-last-child\" data-index=\"1\" ><div class=\"so-widget-sow-editor so-widget-sow-editor-base\">\n<div class=\"siteorigin-widget-tinymce textwidget\">\n\t<p><img decoding=\"async\" loading=\"lazy\" class=\"alignnone wp-image-1340 size-full\" src=\"http:\/\/proctogastro.kinghost.net\/site1\/wp-content\/uploads\/2019\/12\/videoendoscopia1.jpg\" alt=\"\" width=\"450\" height=\"351\" srcset=\"https:\/\/proctogastro.com.br\/wp-content\/uploads\/2019\/12\/videoendoscopia1.jpg 450w, https:\/\/proctogastro.com.br\/wp-content\/uploads\/2019\/12\/videoendoscopia1-300x234.jpg 300w\" sizes=\"(max-width: 450px) 100vw, 450px\" \/><\/p>\n<p>&nbsp;<\/p>\n<\/div>\n<\/div><\/div><\/div><\/div><\/div>","protected":false},"excerpt":{"rendered":"<p>A Procto Gastro possui um moderno e completo Servi\u00e7o de Endoscopia realizando todos os tipos de exames e procedimentos. V\u00eddeo Endoscopia Digestiva Alta V\u00eddeo Colonoscopia Retossigmoidoscopia R\u00edgida ou Flex\u00edvel Procedimentos V\u00eddeo-Endosc\u00f3picos Intervencionistas V\u00eddeo Laparoscopia \u00a0 &nbsp;<\/p>\n","protected":false},"author":1,"featured_media":0,"parent":1290,"menu_order":0,"comment_status":"closed","ping_status":"closed","template":"","meta":{"_joinchat":[]},"_links":{"self":[{"href":"https:\/\/proctogastro.com.br\/index.php\/wp-json\/wp\/v2\/pages\/1462"}],"collection":[{"href":"https:\/\/proctogastro.com.br\/index.php\/wp-json\/wp\/v2\/pages"}],"about":[{"href":"https:\/\/proctogastro.com.br\/index.php\/wp-json\/wp\/v2\/types\/page"}],"author":[{"embeddable":true,"href":"https:\/\/proctogastro.com.br\/index.php\/wp-json\/wp\/v2\/users\/1"}],"replies":[{"embeddable":true,"href":"https:\/\/proctogastro.com.br\/index.php\/wp-json\/wp\/v2\/comments?post=1462"}],"version-history":[{"count":14,"href":"https:\/\/proctogastro.com.br\/index.php\/wp-json\/wp\/v2\/pages\/1462\/revisions"}],"predecessor-version":[{"id":2342,"href":"https:\/\/proctogastro.com.br\/index.php\/wp-json\/wp\/v2\/pages\/1462\/revisions\/2342"}],"up":[{"embeddable":true,"href":"https:\/\/proctogastro.com.br\/index.php\/wp-json\/wp\/v2\/pages\/1290"}],"wp:attachment":[{"href":"https:\/\/proctogastro.com.br\/index.php\/wp-json\/wp\/v2\/media?parent=1462"}],"curies":[{"name":"wp","href":"https:\/\/api.w.org\/{rel}","templated":true}]}}