{"id":1469,"date":"2019-12-16T17:10:16","date_gmt":"2019-12-16T20:10:16","guid":{"rendered":"http:\/\/proctogastro.kinghost.net\/site1\/?page_id=1469"},"modified":"2020-02-12T10:53:54","modified_gmt":"2020-02-12T13:53:54","slug":"phmetria-esofagica-de-24h","status":"publish","type":"page","link":"https:\/\/proctogastro.com.br\/index.php\/exames-2\/fisiologia-digestiva\/phmetria-esofagica-de-24h\/","title":{"rendered":"pHmetria Esof\u00e1gica de 24H"},"content":{"rendered":"<div id=\"pl-1469\"  class=\"panel-layout\" ><div id=\"pg-1469-0\"  class=\"panel-grid panel-no-style\" ><div id=\"pgc-1469-0-0\"  class=\"panel-grid-cell\" ><div id=\"panel-1469-0-0-0\" class=\"so-panel widget widget_sow-editor panel-first-child panel-last-child\" data-index=\"0\" ><div class=\"so-widget-sow-editor so-widget-sow-editor-base\">\n<div class=\"siteorigin-widget-tinymce textwidget\">\n\t<p>\u00c9 um exame utilizado no diagn\u00f3stico da Doen\u00e7a do Refluxo Gastroesof\u00e1gico (DRGE). Ele permite registar o refluxo \u00e1cido gastroesof\u00e1gico, sua intensidade e correla\u00e7\u00e3o com queixas digestivas, otorrinolaringol\u00f3gicas, respirat\u00f3rias ou cardiol\u00f3gicas.<\/p>\n<ul>\n<li><em><strong>O exame<\/strong><\/em><\/li>\n<\/ul>\n<p>A pHmetria esof\u00e1gica de 24 horas consiste na medi\u00e7\u00e3o cont\u00ednua do pH intraesof\u00e1gico, durante um per\u00edodo de 24 horas, utilizando-se um cateter especial de fino calibre (com um ou mais sensores de pH), que \u00e9 passado por uma das narinas e posicionado dentro do es\u00f4fago, e que fica conectado a um gravador digital externo que grava o pH ao n\u00edvel dos v\u00e1rios sensores. A coloca\u00e7\u00e3o do cateter \u00e9 geralmente bem tolerada, dispensando seda\u00e7\u00e3o ou anestesia que n\u00e3o seja local. O paciente fica com o aparelho (port\u00e1til) por cerca de 24 horas e deve manter seu ritmo de vida normal, evitando ao m\u00e1ximo mudar sua rotina de trabalho e alimentar, para n\u00e3o interferir na fidelidade do resultado. O exame pode ser realizado em qualquer idade e \u00e9 bem tolerado.<\/p>\n<ul>\n<li style=\"list-style-type: none;\">\n<ul>\n<li><strong>Est\u00e1 indicada principalmente na:<\/strong><\/li>\n<\/ul>\n<\/li>\n<\/ul>\n<p>1. Investiga\u00e7\u00e3o de sintomas sugestivos de Doen\u00e7a do Refluxo Gastroesof\u00e1gico (pirose \/azia, dor retroesternal, odinofagia\/degluti\u00e7\u00e3o dolorosa, disfagia\/entalos, dispepsia n\u00e3o ulcerosa, etc.).<\/p>\n<p>2. Avalia\u00e7\u00e3o do \u201ctipo\u201d de refluxo \u00e1cido gastroesof\u00e1gico (ortost\u00e1tico, de dec\u00fabito ou combinado) e efic\u00e1cia da medica\u00e7\u00e3o ou cirurgia em pacientes resistentes ao tratamento utilizado.<\/p>\n<p>3. Quadros otorrinolaringol\u00f3gicos recidivantes, tais como rouquid\u00e3o, n\u00f3dulos de cordas vocais, faringo-laringites cr\u00f4nicas, sensa\u00e7\u00e3o de \u201cglobus\u201d (sensa\u00e7\u00e3o de catarro preso na garanta), engasgos frequentes, etc., resistentes aos tratamentos convencionais, para descartar a possibilidade de ser uma manifesta\u00e7\u00e3o extra digestiva da Doen\u00e7a do Refluxo Gastroesof\u00e1gico.<\/p>\n<p>4. Quadros respirat\u00f3rios recidivantes, tais como tosse cr\u00f4nica n\u00e3o produtiva, pneumonias de repeti\u00e7\u00e3o, asma br\u00f4nquica sem resposta ao tratamento, etc., resistentes aos tratamentos convencionais, para descartar a possibilidade de ser uma manifesta\u00e7\u00e3o extra digestiva da Doen\u00e7a do Refluxo Gastroesof\u00e1gico.<\/p>\n<p>5. Dor precordial com exames cardiol\u00f3gicos normais, para descartar a possibilidade de ser uma manifesta\u00e7\u00e3o da Doen\u00e7a do Refluxo Gastroesof\u00e1gico.<\/p>\n<p>6. Regurgita\u00e7\u00e3o at\u00edpica ou complicada na inf\u00e2ncia, para avaliar a possibilidade de ser uma manifesta\u00e7\u00e3o da Doen\u00e7a do Refluxo Gastroesof\u00e1gico.<\/p>\n<p>7. Avalia\u00e7\u00e3o p\u00f3s tratamento cir\u00fargico da Doen\u00e7a do Refluxo Gastroesof\u00e1gico em pacientes que persistem ou voltam a apresentar os mesmos sintomas pr\u00e9-operat\u00f3rios.<\/p>\n<ul>\n<li><em><strong>Preparo pr\u00e9vio<\/strong><\/em><\/li>\n<\/ul>\n<p>\u00bb Suspender, com pelo menos 7 (sete) dias de anteced\u00eancia, todos os medicamentos que esteja tomando para aliviar eventuais sintomas digestivos (g\u00e1stricos, intestinais, etc.).<\/p>\n<p>\u00bb Estar em jejum por no m\u00ednimo 06 horas.<\/p>\n<p>\u00bb No dia do exame, sugerimos fazer asseio corporal antes de vir a PROCTO GASTRO, pois durante as 24 horas do exame n\u00e3o poder\u00e1 faz\u00ea-lo, sob risco de danificar o equipamento.<\/p>\n<p>\u00bb Comparecer a Procto Gastro no dia e hora marcados do exame, vestindo camisa de bot\u00f5es.<\/p>\n<p>\u00bb Trazer consigo no dia do exame um rel\u00f3gio e os exames realizados anteriormente.<\/p>\n<ul>\n<li><em><strong>Como \u00e9 realizado<\/strong><\/em><\/li>\n<\/ul>\n<p>Inicialmente \u00e9 realizada anestesia local de uma das narinas e da garganta, e uma sonda \u00e9 passada pela narina anestesiada para medir a dist\u00e2ncia da narina at\u00e9 borda superior do esf\u00edncter inferior do es\u00f4fago, para definir a posi\u00e7\u00e3o correta da sonda de pHmetria. Este procedimento se chama manometria do es\u00f4fago.<\/p>\n<p>Ap\u00f3s isto, a sonda de pHmetria \u00e9 passada pela mesma narina at\u00e9 o est\u00f4mago para medir o pH intrag\u00e1strico, em seguida fixada 5 cm acima da borda superior do esf\u00edncter inferior do es\u00f4fago e conectado a um gravador digital que registra de forma cont\u00ednua o pH intraesof\u00e1gico durante 24 horas.<\/p>\n<ul>\n<li><em><strong>Durante o exame<\/strong><\/em><\/li>\n<\/ul>\n<p>\u00bb ter sempre o rel\u00f3gio, uma caneta e a \u201c<em>Ficha de Registro das Ocorr\u00eancias\u201d<\/em> fornecida pela Procto Gastro com voc\u00ea para poder efetuar os registros necess\u00e1rios.<\/p>\n<p>\u00bb durante o exame o paciente deve manter suas atividades e alimenta\u00e7\u00e3o de maneira normal e rotineira.<\/p>\n<p>\u00bb evitar expor o aparelho a detector de metais ou Raios X.<\/p>\n<p>\u00bb evite ingerir alimentos muito quentes, frutas c\u00edtricas, caf\u00e9 puro, bebidas gasosas, ch\u00e1 preto ou mate e bebidas alco\u00f3licas, durante o exame.<\/p>\n<p>\u00bb anote na \u201c<em>Ficha de Registro das Ocorr\u00eancias<\/em>\u201d, todas as vezes que:<\/p>\n<ol>\n<li>Soar o alarme do aparelho. Verifique se n\u00e3o ocorreu desconex\u00e3o do aparelho. Caso isso tenha ocorrido reconectar, para que o alarme pare de soar.<\/li>\n<li>Sentir algum sintoma tipo azia \/ queima\u00e7\u00e3o, dor no peito, l\u00edquido azedo na boca, tosse, engasgos, arrotos, crise de asma ou outro sintoma que achar importante.<\/li>\n<li>Ingerir algo (alimentos, bebidas, etc.), especificando o tipo de alimento, hor\u00e1rio de in\u00edcio e t\u00e9rmino, e o tipo de l\u00edquido ingerido com o respectivo hor\u00e1rio.<\/li>\n<li>Deitar, especificando o hor\u00e1rio em que deitou e levantou, informando se dormiu ou n\u00e3o.<\/li>\n<li>Fumar ou fizer uso de alguma medica\u00e7\u00e3o, anotando o nome do medicamento e respectivo hor\u00e1rio de tomada.<\/li>\n<\/ol>\n<p>\u00bb No dia seguinte, no mesmo hor\u00e1rio da realiza\u00e7\u00e3o do exame o paciente retorna para retirar o cateter e o gravador.<\/p>\n<p>ATEN\u00c7\u00c3O: N\u00c3O TOMAR BANHO E N\u00c3O DEIXAR CAIR \u00c1GUA NEM BATER O APARELHO EM NENHUM MOMENTO. NUNCA TENTE ABRIR O APARELHO.<\/p>\n<\/div>\n<\/div><\/div><\/div><\/div><div id=\"pg-1469-1\"  class=\"panel-grid panel-no-style\" ><div id=\"pgc-1469-1-0\"  class=\"panel-grid-cell\" ><div id=\"panel-1469-1-0-0\" class=\"so-panel widget widget_sow-editor panel-first-child panel-last-child\" data-index=\"1\" ><div class=\"so-widget-sow-editor so-widget-sow-editor-base\">\n<div class=\"siteorigin-widget-tinymce textwidget\">\n\t<p><img decoding=\"async\" loading=\"lazy\" class=\"alignnone wp-image-1472 size-full\" src=\"http:\/\/proctogastro.kinghost.net\/site1\/wp-content\/uploads\/2019\/12\/phmetria24h1.jpg\" alt=\"\" width=\"630\" height=\"419\" srcset=\"https:\/\/proctogastro.com.br\/wp-content\/uploads\/2019\/12\/phmetria24h1.jpg 630w, https:\/\/proctogastro.com.br\/wp-content\/uploads\/2019\/12\/phmetria24h1-300x200.jpg 300w, https:\/\/proctogastro.com.br\/wp-content\/uploads\/2019\/12\/phmetria24h1-600x399.jpg 600w, https:\/\/proctogastro.com.br\/wp-content\/uploads\/2019\/12\/phmetria24h1-272x182.jpg 272w\" sizes=\"(max-width: 630px) 100vw, 630px\" \/><\/p>\n<\/div>\n<\/div><\/div><\/div><div id=\"pgc-1469-1-1\"  class=\"panel-grid-cell\" ><div id=\"panel-1469-1-1-0\" class=\"so-panel widget widget_sow-editor panel-first-child panel-last-child\" data-index=\"2\" ><div class=\"so-widget-sow-editor so-widget-sow-editor-base\">\n<div class=\"siteorigin-widget-tinymce textwidget\">\n\t<p><img decoding=\"async\" loading=\"lazy\" class=\"alignnone wp-image-1471 size-full\" src=\"http:\/\/proctogastro.kinghost.net\/site1\/wp-content\/uploads\/2019\/12\/phmetria24h2.jpg\" alt=\"\" width=\"630\" height=\"419\" srcset=\"https:\/\/proctogastro.com.br\/wp-content\/uploads\/2019\/12\/phmetria24h2.jpg 630w, https:\/\/proctogastro.com.br\/wp-content\/uploads\/2019\/12\/phmetria24h2-300x200.jpg 300w, https:\/\/proctogastro.com.br\/wp-content\/uploads\/2019\/12\/phmetria24h2-600x399.jpg 600w, https:\/\/proctogastro.com.br\/wp-content\/uploads\/2019\/12\/phmetria24h2-272x182.jpg 272w\" sizes=\"(max-width: 630px) 100vw, 630px\" \/><\/p>\n<\/div>\n<\/div><\/div><\/div><\/div><\/div>","protected":false},"excerpt":{"rendered":"<p>\u00c9 um exame utilizado no diagn\u00f3stico da Doen\u00e7a do Refluxo Gastroesof\u00e1gico (DRGE). Ele permite registar o refluxo \u00e1cido gastroesof\u00e1gico, sua intensidade e correla\u00e7\u00e3o com queixas digestivas, otorrinolaringol\u00f3gicas, respirat\u00f3rias ou cardiol\u00f3gicas. O exame A pHmetria esof\u00e1gica de 24 horas consiste na medi\u00e7\u00e3o cont\u00ednua do pH intraesof\u00e1gico, durante um per\u00edodo de 24 horas, utilizando-se um cateter especial &hellip;<\/p>\n","protected":false},"author":1,"featured_media":0,"parent":1475,"menu_order":0,"comment_status":"closed","ping_status":"closed","template":"","meta":{"_joinchat":[]},"_links":{"self":[{"href":"https:\/\/proctogastro.com.br\/index.php\/wp-json\/wp\/v2\/pages\/1469"}],"collection":[{"href":"https:\/\/proctogastro.com.br\/index.php\/wp-json\/wp\/v2\/pages"}],"about":[{"href":"https:\/\/proctogastro.com.br\/index.php\/wp-json\/wp\/v2\/types\/page"}],"author":[{"embeddable":true,"href":"https:\/\/proctogastro.com.br\/index.php\/wp-json\/wp\/v2\/users\/1"}],"replies":[{"embeddable":true,"href":"https:\/\/proctogastro.com.br\/index.php\/wp-json\/wp\/v2\/comments?post=1469"}],"version-history":[{"count":6,"href":"https:\/\/proctogastro.com.br\/index.php\/wp-json\/wp\/v2\/pages\/1469\/revisions"}],"predecessor-version":[{"id":2039,"href":"https:\/\/proctogastro.com.br\/index.php\/wp-json\/wp\/v2\/pages\/1469\/revisions\/2039"}],"up":[{"embeddable":true,"href":"https:\/\/proctogastro.com.br\/index.php\/wp-json\/wp\/v2\/pages\/1475"}],"wp:attachment":[{"href":"https:\/\/proctogastro.com.br\/index.php\/wp-json\/wp\/v2\/media?parent=1469"}],"curies":[{"name":"wp","href":"https:\/\/api.w.org\/{rel}","templated":true}]}}