{"id":1475,"date":"2019-12-16T17:19:59","date_gmt":"2019-12-16T20:19:59","guid":{"rendered":"http:\/\/proctogastro.kinghost.net\/site1\/?page_id=1475"},"modified":"2020-03-12T16:27:27","modified_gmt":"2020-03-12T19:27:27","slug":"fisiologia-digestiva","status":"publish","type":"page","link":"https:\/\/proctogastro.com.br\/index.php\/exames-2\/fisiologia-digestiva\/","title":{"rendered":"Fisiologia Digestiva"},"content":{"rendered":"<div id=\"pl-1475\"  class=\"panel-layout\" ><div id=\"pg-1475-0\"  class=\"panel-grid panel-no-style\" ><div id=\"pgc-1475-0-0\"  class=\"panel-grid-cell\" ><div id=\"panel-1475-0-0-0\" class=\"so-panel widget widget_sow-editor panel-first-child panel-last-child\" data-index=\"0\" ><div class=\"so-widget-sow-editor so-widget-sow-editor-base\">\n<div class=\"siteorigin-widget-tinymce textwidget\">\n\t<p>Abrange exames de:<\/p>\n<p>&nbsp;<\/p>\n<ul>\n<li><strong><a href=\"http:\/\/proctogastro.com.br\/index.php\/exames-2\/fisiologia-digestiva\/impedanciophmetria-esofagica-de-24h\/\">ImpedanciopHmetria Esof\u00e1gica de 24H<\/a><\/strong><\/li>\n<\/ul>\n<ul>\n<li><strong><a href=\"http:\/\/proctogastro.com.br\/index.php\/exames-2\/fisiologia-digestiva\/phmetria-esofagica-de-24h\/\">pHmetria Esof\u00e1gica de 24H<\/a><\/strong><\/li>\n<\/ul>\n<ul>\n<li><strong><a href=\"http:\/\/proctogastro.com.br\/index.php\/exames-2\/fisiologia-digestiva\/manometria-esofagica\/\">Manometria Esof\u00e1gica Convencional<\/a><\/strong><\/li>\n<\/ul>\n<ul>\n<li><a href=\"http:\/\/proctogastro.com.br\/index.php\/exames-2\/fisiologia-digestiva\/manometria-esofagica-alta-resolucao\/\"><strong>Manometria Esof\u00e1gica de Alta Resolu\u00e7\u00e3o<\/strong><\/a><\/li>\n<\/ul>\n<ul>\n<li><strong><a href=\"http:\/\/proctogastro.com.br\/index.php\/exames-2\/fisiologia-digestiva\/manometria-anorretal\/\">Manometria Anorretal Convencional<\/a><\/strong><\/li>\n<\/ul>\n<ul>\n<li><strong><a href=\"http:\/\/proctogastro.com.br\/index.php\/exames-2\/fisiologia-digestiva\/determinacao-do-tempo-de-transito-colonico-com-marcadores-radiopacos\/\">Determina\u00e7\u00e3o do Tempo de Tr\u00e2nsito Col\u00f4nico Com Marcadores Radiopacos<\/a><\/strong><\/li>\n<\/ul>\n<ul>\n<li><a href=\"http:\/\/proctogastro.com.br\/index.php\/exames-2\/fisiologia-digestiva\/biofeedback-no-tratamento-das-disfuncoes-do-soalho-pelvico\/\"><strong>\"Biofeedback\" no tratamento das disfun\u00e7\u00f5es do soalho p\u00e9lvico<\/strong><\/a><\/li>\n<\/ul>\n<\/div>\n<\/div><\/div><\/div><div id=\"pgc-1475-0-1\"  class=\"panel-grid-cell\" ><div id=\"panel-1475-0-1-0\" class=\"so-panel widget widget_sow-editor panel-first-child panel-last-child\" data-index=\"1\" ><div class=\"so-widget-sow-editor so-widget-sow-editor-base\">\n<div class=\"siteorigin-widget-tinymce textwidget\">\n\t<p>&nbsp;<\/p>\n<p><img decoding=\"async\" loading=\"lazy\" class=\"alignnone wp-image-1477 size-full\" src=\"http:\/\/proctogastro.kinghost.net\/site1\/wp-content\/uploads\/2019\/12\/fisiologiadigestiva1.jpg\" alt=\"\" width=\"630\" height=\"419\" srcset=\"https:\/\/proctogastro.com.br\/wp-content\/uploads\/2019\/12\/fisiologiadigestiva1.jpg 630w, https:\/\/proctogastro.com.br\/wp-content\/uploads\/2019\/12\/fisiologiadigestiva1-300x200.jpg 300w, https:\/\/proctogastro.com.br\/wp-content\/uploads\/2019\/12\/fisiologiadigestiva1-600x399.jpg 600w, https:\/\/proctogastro.com.br\/wp-content\/uploads\/2019\/12\/fisiologiadigestiva1-272x182.jpg 272w\" sizes=\"(max-width: 630px) 100vw, 630px\" \/><\/p>\n<p>&nbsp;<\/p>\n<\/div>\n<\/div><\/div><\/div><\/div><\/div>","protected":false},"excerpt":{"rendered":"<p>Abrange exames de: &nbsp; ImpedanciopHmetria Esof\u00e1gica de 24H pHmetria Esof\u00e1gica de 24H Manometria Esof\u00e1gica Convencional Manometria Esof\u00e1gica de Alta Resolu\u00e7\u00e3o Manometria Anorretal Convencional Determina\u00e7\u00e3o do Tempo de Tr\u00e2nsito Col\u00f4nico Com Marcadores Radiopacos &#8220;Biofeedback&#8221; no tratamento das disfun\u00e7\u00f5es do soalho p\u00e9lvico &nbsp; &nbsp;<\/p>\n","protected":false},"author":1,"featured_media":0,"parent":1290,"menu_order":0,"comment_status":"closed","ping_status":"closed","template":"","meta":{"_joinchat":[]},"_links":{"self":[{"href":"https:\/\/proctogastro.com.br\/index.php\/wp-json\/wp\/v2\/pages\/1475"}],"collection":[{"href":"https:\/\/proctogastro.com.br\/index.php\/wp-json\/wp\/v2\/pages"}],"about":[{"href":"https:\/\/proctogastro.com.br\/index.php\/wp-json\/wp\/v2\/types\/page"}],"author":[{"embeddable":true,"href":"https:\/\/proctogastro.com.br\/index.php\/wp-json\/wp\/v2\/users\/1"}],"replies":[{"embeddable":true,"href":"https:\/\/proctogastro.com.br\/index.php\/wp-json\/wp\/v2\/comments?post=1475"}],"version-history":[{"count":9,"href":"https:\/\/proctogastro.com.br\/index.php\/wp-json\/wp\/v2\/pages\/1475\/revisions"}],"predecessor-version":[{"id":2345,"href":"https:\/\/proctogastro.com.br\/index.php\/wp-json\/wp\/v2\/pages\/1475\/revisions\/2345"}],"up":[{"embeddable":true,"href":"https:\/\/proctogastro.com.br\/index.php\/wp-json\/wp\/v2\/pages\/1290"}],"wp:attachment":[{"href":"https:\/\/proctogastro.com.br\/index.php\/wp-json\/wp\/v2\/media?parent=1475"}],"curies":[{"name":"wp","href":"https:\/\/api.w.org\/{rel}","templated":true}]}}