{"id":1488,"date":"2019-12-17T10:16:23","date_gmt":"2019-12-17T13:16:23","guid":{"rendered":"http:\/\/proctogastro.kinghost.net\/site1\/?page_id=1488"},"modified":"2020-02-12T10:09:39","modified_gmt":"2020-02-12T13:09:39","slug":"ligadura-elastica-de-hemorroidas","status":"publish","type":"page","link":"https:\/\/proctogastro.com.br\/index.php\/exames-2\/procedimentos-endoscopicos\/ligadura-elastica-de-hemorroidas\/","title":{"rendered":"Ligadura El\u00e1stica de Hemorr\u00f3idas"},"content":{"rendered":"<div id=\"pl-1488\"  class=\"panel-layout\" ><div id=\"pg-1488-0\"  class=\"panel-grid panel-no-style\" ><div id=\"pgc-1488-0-0\"  class=\"panel-grid-cell\" ><div id=\"panel-1488-0-0-0\" class=\"so-panel widget widget_sow-editor panel-first-child panel-last-child\" data-index=\"0\" ><div class=\"so-widget-sow-editor so-widget-sow-editor-base\">\n<div class=\"siteorigin-widget-tinymce textwidget\">\n\t<div class=\"jsn-article-content\">\n<p>A ligadura el\u00e1stica consiste na aplica\u00e7\u00e3o de um anel el\u00e1stico na por\u00e7\u00e3o mucosa dos mamilos hemorroid\u00e1rios (\u00e1rea menos sens\u00edvel para dor), causando assim, a necrose e elimina\u00e7\u00e3o da hemorroida, al\u00e9m de produzir uma fixa\u00e7\u00e3o inflamat\u00f3ria da mucosa, evitando a sua exterioriza\u00e7\u00e3o atrav\u00e9s do \u00e2nus, durante a evacua\u00e7\u00e3o. Quanto ao n\u00famero de sess\u00f5es necess\u00e1rias para o tratamento completo, isto depender\u00e1 do n\u00famero de hemorroidas. Normalmente, \u00e9 melhor tratar um mamilo por sess\u00e3o, o que gera menor desconforto e menor risco de complica\u00e7\u00f5es. Os resultados com a ligadura el\u00e1stica s\u00e3o positivos, levando a uma redu\u00e7\u00e3o de 80% nas indica\u00e7\u00f5es de cirurgia, ou seja, a cada dez pacientes, oito se beneficiar\u00e3o da ligadura el\u00e1stica. Segundo a literatura m\u00e9dica, o \u00edndice de satisfa\u00e7\u00e3o dos pacientes com a ligadura el\u00e1stica \u00e9 de 90%, sendo que a chance de cura em uma \u00fanica aplica\u00e7\u00e3o \u00e9 de 60% a 70%. \u00c9 indicada para os casos de hemorroidas de 1 e 2 graus (hemorroidas internas). \u00c9 necess\u00e1rio realizar um preparo para esvaziar o reto antes do procedimento. N\u00e3o use, antes e depois do procedimento, Aspirina, AAS ou qualquer anticoagulante.<\/p>\n<p><em><strong>Preparo para a realiza\u00e7\u00e3o da ligadura el\u00e1stica no per\u00edodo da tarde:<\/strong><\/em><\/p>\n<p>\u00bb aplicar 1 bisnaga de Minilax\u00ae as 8 e 12 horas, no dia do exame, para limpar o reto, caso n\u00e3o seja al\u00e9rgico.<\/p>\n<p>\u00bb n\u00e3o h\u00e1 necessidade de dieta especial, jejum ou seda\u00e7\u00e3o.<\/p>\n<p>\u00bb comparecer \u00e0 Cl\u00ednica Procto Gastro no dia e hora marcados.<\/p>\n<p>\u00bb n\u00e3o h\u00e1 obrigatoriedade de vir acompanhado (a) por um adulto.<\/p>\n<p>\u00bb se estiver tomando alguma medica\u00e7\u00e3o via oral, mant\u00ea-la em seu hor\u00e1rio habitual.<\/p>\n<p><em><strong>O que voc\u00ea pode apresentar ap\u00f3s o procedimento:<\/strong><\/em><\/p>\n<p>A resposta e toler\u00e2ncia ao procedimento s\u00e3o individuais, enquanto umas pessoas voltam as atividades regulares quase que imediatamente, outras podem necessitar de 1 a 2 dias de repouso domiciliar.<\/p>\n<p>Dor anal: tipo aperto, ou mesmo um desconforto (vontade de evacuar), de curta dura\u00e7\u00e3o (24 a 36 horas), e melhora com o uso dos analg\u00e9sicos prescritos. Dor severa \u00e9 incomum e precisa ser comunicada por estar associado \u00e0 infec\u00e7\u00e3o.<\/p>\n<p>Sangramento anal: geralmente de pequeno volume e ocorre durante \u00e0s evacua\u00e7\u00f5es. S\u00e3o raros os sangramentos intensos que necessitam de hospitaliza\u00e7\u00e3o e cirurgia para a resolu\u00e7\u00e3o.<\/p>\n<p>Infec\u00e7\u00e3o local: complica\u00e7\u00e3o rara e caracterizada pela febre, dor anal intensa, latejante e cont\u00ednua; geralmente acompanhada da dificuldade para urinar, mas na sua maioria, responde rapidamente ao uso de antibi\u00f3ticos e raramente evolui.<\/p>\n<p>Retorno dos sintomas das hemorroidas: deve-se ao aparecimento de novas hemorroidas, as quais s\u00e3o, na sua maioria, facilmente religadas.<\/p>\n<\/div>\n<p><span class=\"article_separator\">\u00a0<\/span><\/p>\n<\/div>\n<\/div><\/div><\/div><\/div><\/div>","protected":false},"excerpt":{"rendered":"<p>A ligadura el\u00e1stica consiste na aplica\u00e7\u00e3o de um anel el\u00e1stico na por\u00e7\u00e3o mucosa dos mamilos hemorroid\u00e1rios (\u00e1rea menos sens\u00edvel para dor), causando assim, a necrose e elimina\u00e7\u00e3o da hemorroida, al\u00e9m de produzir uma fixa\u00e7\u00e3o inflamat\u00f3ria da mucosa, evitando a sua exterioriza\u00e7\u00e3o atrav\u00e9s do \u00e2nus, durante a evacua\u00e7\u00e3o. Quanto ao n\u00famero de sess\u00f5es necess\u00e1rias para o &hellip;<\/p>\n","protected":false},"author":1,"featured_media":0,"parent":1492,"menu_order":0,"comment_status":"closed","ping_status":"closed","template":"","meta":{"_joinchat":[]},"_links":{"self":[{"href":"https:\/\/proctogastro.com.br\/index.php\/wp-json\/wp\/v2\/pages\/1488"}],"collection":[{"href":"https:\/\/proctogastro.com.br\/index.php\/wp-json\/wp\/v2\/pages"}],"about":[{"href":"https:\/\/proctogastro.com.br\/index.php\/wp-json\/wp\/v2\/types\/page"}],"author":[{"embeddable":true,"href":"https:\/\/proctogastro.com.br\/index.php\/wp-json\/wp\/v2\/users\/1"}],"replies":[{"embeddable":true,"href":"https:\/\/proctogastro.com.br\/index.php\/wp-json\/wp\/v2\/comments?post=1488"}],"version-history":[{"count":4,"href":"https:\/\/proctogastro.com.br\/index.php\/wp-json\/wp\/v2\/pages\/1488\/revisions"}],"predecessor-version":[{"id":2031,"href":"https:\/\/proctogastro.com.br\/index.php\/wp-json\/wp\/v2\/pages\/1488\/revisions\/2031"}],"up":[{"embeddable":true,"href":"https:\/\/proctogastro.com.br\/index.php\/wp-json\/wp\/v2\/pages\/1492"}],"wp:attachment":[{"href":"https:\/\/proctogastro.com.br\/index.php\/wp-json\/wp\/v2\/media?parent=1488"}],"curies":[{"name":"wp","href":"https:\/\/api.w.org\/{rel}","templated":true}]}}