{"id":1492,"date":"2019-12-17T10:28:33","date_gmt":"2019-12-17T13:28:33","guid":{"rendered":"http:\/\/proctogastro.kinghost.net\/site1\/?page_id=1492"},"modified":"2020-03-12T16:23:28","modified_gmt":"2020-03-12T19:23:28","slug":"procedimentos-endoscopicos","status":"publish","type":"page","link":"https:\/\/proctogastro.com.br\/index.php\/exames-2\/procedimentos-endoscopicos\/","title":{"rendered":"Procedimentos Endosc\u00f3picos"},"content":{"rendered":"<div id=\"pl-1492\"  class=\"panel-layout\" ><div id=\"pg-1492-0\"  class=\"panel-grid panel-no-style\" ><div id=\"pgc-1492-0-0\"  class=\"panel-grid-cell\" ><div id=\"panel-1492-0-0-0\" class=\"so-panel widget widget_sow-editor panel-first-child panel-last-child\" data-index=\"0\" ><div class=\"so-widget-sow-editor so-widget-sow-editor-base\">\n<div class=\"siteorigin-widget-tinymce textwidget\">\n\t<p>&nbsp;<\/p>\n<p>S\u00e3o procedimentos intervencionistas realizados atrav\u00e9s ou em associa\u00e7\u00e3o com os exames de endoscopia. Entre os mais frequentes citamos:<\/p>\n<p>&nbsp;<\/p>\n<ul>\n<li><a href=\"http:\/\/proctogastro.com.br\/index.php\/exames-2\/endoscopia\/video-laparoscopia\/\"><strong>Gastrostomia Endosc\u00f3pica Percut\u00e2nea (GEP)<\/strong><\/a><\/li>\n<li><a href=\"http:\/\/proctogastro.com.br\/index.php\/exames-2\/procedimentos-endoscopicos\/dilatacao-endoscopica-de-estenose\/\"><strong>Dilata\u00e7\u00e3o Endosc\u00f3pica de Estenose<\/strong><\/a><\/li>\n<li><a href=\"http:\/\/proctogastro.com.br\/index.php\/exames-2\/procedimentos-endoscopicos\/esclerose-de-varizes-de-esofago\/\"><strong>Esclerose de Varizes de Es\u00f4fago<\/strong><\/a><\/li>\n<li><a href=\"http:\/\/proctogastro.com.br\/index.php\/exames-2\/procedimentos-endoscopicos\/ligadura-elastica-de-hemorroidas\/\"><strong>Ligadura El\u00e1stica de Hemorroidas<\/strong><\/a><\/li>\n<li><a href=\"http:\/\/proctogastro.com.br\/index.php\/exames-2\/endoscopia\/video-laparoscopia\/\"><strong>Exame de V\u00eddeo Laparoscopia<\/strong><\/a><\/li>\n<\/ul>\n<\/div>\n<\/div><\/div><\/div><div id=\"pgc-1492-0-1\"  class=\"panel-grid-cell\" ><div id=\"panel-1492-0-1-0\" class=\"so-panel widget widget_sow-image panel-first-child panel-last-child\" data-index=\"1\" ><div class=\"so-widget-sow-image so-widget-sow-image-default-d6014b76747a\">\n\n<div class=\"sow-image-container\">\n\t<img src=\"https:\/\/proctogastro.com.br\/wp-content\/uploads\/2019\/12\/retossigmoidoscopia1.jpg\" width=\"630\" height=\"419\" srcset=\"https:\/\/proctogastro.com.br\/wp-content\/uploads\/2019\/12\/retossigmoidoscopia1.jpg 630w, https:\/\/proctogastro.com.br\/wp-content\/uploads\/2019\/12\/retossigmoidoscopia1-300x200.jpg 300w, https:\/\/proctogastro.com.br\/wp-content\/uploads\/2019\/12\/retossigmoidoscopia1-600x399.jpg 600w, https:\/\/proctogastro.com.br\/wp-content\/uploads\/2019\/12\/retossigmoidoscopia1-272x182.jpg 272w\" sizes=\"(max-width: 630px) 100vw, 630px\" alt=\"\" \t\tclass=\"so-widget-image\"\/>\n<\/div>\n\n<\/div><\/div><\/div><\/div><\/div>","protected":false},"excerpt":{"rendered":"<p>&nbsp; S\u00e3o procedimentos intervencionistas realizados atrav\u00e9s ou em associa\u00e7\u00e3o com os exames de endoscopia. Entre os mais frequentes citamos: &nbsp; Gastrostomia Endosc\u00f3pica Percut\u00e2nea (GEP) Dilata\u00e7\u00e3o Endosc\u00f3pica de Estenose Esclerose de Varizes de Es\u00f4fago Ligadura El\u00e1stica de Hemorroidas Exame de V\u00eddeo Laparoscopia<\/p>\n","protected":false},"author":1,"featured_media":0,"parent":1290,"menu_order":0,"comment_status":"closed","ping_status":"closed","template":"","meta":{"_joinchat":[]},"_links":{"self":[{"href":"https:\/\/proctogastro.com.br\/index.php\/wp-json\/wp\/v2\/pages\/1492"}],"collection":[{"href":"https:\/\/proctogastro.com.br\/index.php\/wp-json\/wp\/v2\/pages"}],"about":[{"href":"https:\/\/proctogastro.com.br\/index.php\/wp-json\/wp\/v2\/types\/page"}],"author":[{"embeddable":true,"href":"https:\/\/proctogastro.com.br\/index.php\/wp-json\/wp\/v2\/users\/1"}],"replies":[{"embeddable":true,"href":"https:\/\/proctogastro.com.br\/index.php\/wp-json\/wp\/v2\/comments?post=1492"}],"version-history":[{"count":9,"href":"https:\/\/proctogastro.com.br\/index.php\/wp-json\/wp\/v2\/pages\/1492\/revisions"}],"predecessor-version":[{"id":2344,"href":"https:\/\/proctogastro.com.br\/index.php\/wp-json\/wp\/v2\/pages\/1492\/revisions\/2344"}],"up":[{"embeddable":true,"href":"https:\/\/proctogastro.com.br\/index.php\/wp-json\/wp\/v2\/pages\/1290"}],"wp:attachment":[{"href":"https:\/\/proctogastro.com.br\/index.php\/wp-json\/wp\/v2\/media?parent=1492"}],"curies":[{"name":"wp","href":"https:\/\/api.w.org\/{rel}","templated":true}]}}