{"id":1509,"date":"2019-12-17T10:55:09","date_gmt":"2019-12-17T13:55:09","guid":{"rendered":"http:\/\/proctogastro.kinghost.net\/site1\/?page_id=1509"},"modified":"2020-02-12T10:12:20","modified_gmt":"2020-02-12T13:12:20","slug":"video-laparoscopia","status":"publish","type":"page","link":"https:\/\/proctogastro.com.br\/index.php\/exames-2\/endoscopia\/video-laparoscopia\/","title":{"rendered":"Exame de V\u00eddeo Laparoscopia"},"content":{"rendered":"<div id=\"pl-1509\"  class=\"panel-layout\" ><div id=\"pg-1509-0\"  class=\"panel-grid panel-no-style\" ><div id=\"pgc-1509-0-0\"  class=\"panel-grid-cell\" ><div id=\"panel-1509-0-0-0\" class=\"so-panel widget widget_sow-editor panel-first-child panel-last-child\" data-index=\"0\" ><div class=\"so-widget-sow-editor so-widget-sow-editor-base\">\n<div class=\"siteorigin-widget-tinymce textwidget\">\n\t<p>\u00c9 um m\u00e9todo de diagn\u00f3stico invasivo das doen\u00e7as org\u00e2nicas que acometem os \u00f3rg\u00e3os da cavidade peritoneal, atrav\u00e9s da visualiza\u00e7\u00e3o direta dos \u00f3rg\u00e3os por meio de uma \u00f3tica conectada a uma microc\u00e2mara cir\u00fargica, introduzida na cavidade abdominal. Permite n\u00e3o s\u00f3 o diagn\u00f3stico de doen\u00e7as, mas tamb\u00e9m a coleta de material para estudo (bi\u00f3psia) ou at\u00e9 o seu tratamento (p.ex. drenagem de cole\u00e7\u00f5es, lise de ader\u00eancias, etc).<\/p>\n<ul>\n<li><em><strong>O exame<\/strong><\/em><\/li>\n<\/ul>\n<p>\u00c9 realizado em regime de interna\u00e7\u00e3o hospitalar em centro cir\u00fargico, com o paciente sedado ou sob anestesia geral, ap\u00f3s jejum de 8 horas. \u00c9 realizada uma pequena incis\u00e3o ao n\u00edvel da cicatriz umbilical, atrav\u00e9s da qual \u00e9 feita a introdu\u00e7\u00e3o de uma \u00f3tica conectada a uma microc\u00e2mera que projeta a imagem em um monitor de alta defini\u00e7\u00e3o permitindo a an\u00e1lise visual dos \u00f3rg\u00e3os da cavidade abdominal. Quando necess\u00e1rio \u00e9 feita a introdu\u00e7\u00e3o de instrumentos para realizar mobiliza\u00e7\u00e3o de v\u00edsceras ou procedimentos intervencionista com bi\u00f3psia p. ex.<\/p>\n<ul>\n<li><em><strong>Preparo pr\u00e9vio<\/strong><\/em><\/li>\n<\/ul>\n<p>O paciente deve passar em consulta pr\u00e9via com um membro da equipe cir\u00fargica da Procto Gastro, trazendo todos os exames j\u00e1 realizados, para receber as orienta\u00e7\u00f5es, esclarecimentos e solicita\u00e7\u00e3o de preparo pr\u00e9-operat\u00f3rio. Geralmente s\u00e3o solicitados exames de laborat\u00f3rio e avalia\u00e7\u00e3o cardiol\u00f3gica<\/p>\n<p>&nbsp;<\/p>\n<\/div>\n<\/div><\/div><\/div><\/div><div id=\"pg-1509-1\"  class=\"panel-grid panel-no-style\" ><div id=\"pgc-1509-1-0\"  class=\"panel-grid-cell\" ><div id=\"panel-1509-1-0-0\" class=\"so-panel widget widget_sow-editor panel-first-child panel-last-child\" data-index=\"1\" ><div class=\"so-widget-sow-editor so-widget-sow-editor-base\">\n<div class=\"siteorigin-widget-tinymce textwidget\">\n\t<p><img decoding=\"async\" loading=\"lazy\" class=\"alignnone wp-image-1512 size-full\" src=\"http:\/\/proctogastro.kinghost.net\/site1\/wp-content\/uploads\/2019\/12\/laparoscopia1.jpg\" alt=\"\" width=\"630\" height=\"419\" srcset=\"https:\/\/proctogastro.com.br\/wp-content\/uploads\/2019\/12\/laparoscopia1.jpg 630w, https:\/\/proctogastro.com.br\/wp-content\/uploads\/2019\/12\/laparoscopia1-300x200.jpg 300w, https:\/\/proctogastro.com.br\/wp-content\/uploads\/2019\/12\/laparoscopia1-600x399.jpg 600w, https:\/\/proctogastro.com.br\/wp-content\/uploads\/2019\/12\/laparoscopia1-272x182.jpg 272w\" sizes=\"(max-width: 630px) 100vw, 630px\" \/><\/p>\n<\/div>\n<\/div><\/div><\/div><div id=\"pgc-1509-1-1\"  class=\"panel-grid-cell\" ><div id=\"panel-1509-1-1-0\" class=\"so-panel widget widget_sow-editor panel-first-child panel-last-child\" data-index=\"2\" ><div class=\"so-widget-sow-editor so-widget-sow-editor-base\">\n<div class=\"siteorigin-widget-tinymce textwidget\">\n\t<p><img decoding=\"async\" loading=\"lazy\" class=\"alignnone wp-image-1511 size-full\" src=\"http:\/\/proctogastro.kinghost.net\/site1\/wp-content\/uploads\/2019\/12\/laparoscopia2.jpg\" alt=\"\" width=\"630\" height=\"419\" srcset=\"https:\/\/proctogastro.com.br\/wp-content\/uploads\/2019\/12\/laparoscopia2.jpg 630w, https:\/\/proctogastro.com.br\/wp-content\/uploads\/2019\/12\/laparoscopia2-300x200.jpg 300w, https:\/\/proctogastro.com.br\/wp-content\/uploads\/2019\/12\/laparoscopia2-600x399.jpg 600w, https:\/\/proctogastro.com.br\/wp-content\/uploads\/2019\/12\/laparoscopia2-272x182.jpg 272w\" sizes=\"(max-width: 630px) 100vw, 630px\" \/><\/p>\n<\/div>\n<\/div><\/div><\/div><\/div><\/div>","protected":false},"excerpt":{"rendered":"<p>\u00c9 um m\u00e9todo de diagn\u00f3stico invasivo das doen\u00e7as org\u00e2nicas que acometem os \u00f3rg\u00e3os da cavidade peritoneal, atrav\u00e9s da visualiza\u00e7\u00e3o direta dos \u00f3rg\u00e3os por meio de uma \u00f3tica conectada a uma microc\u00e2mara cir\u00fargica, introduzida na cavidade abdominal. Permite n\u00e3o s\u00f3 o diagn\u00f3stico de doen\u00e7as, mas tamb\u00e9m a coleta de material para estudo (bi\u00f3psia) ou at\u00e9 o &hellip;<\/p>\n","protected":false},"author":1,"featured_media":0,"parent":1462,"menu_order":0,"comment_status":"closed","ping_status":"closed","template":"","meta":{"_joinchat":[]},"_links":{"self":[{"href":"https:\/\/proctogastro.com.br\/index.php\/wp-json\/wp\/v2\/pages\/1509"}],"collection":[{"href":"https:\/\/proctogastro.com.br\/index.php\/wp-json\/wp\/v2\/pages"}],"about":[{"href":"https:\/\/proctogastro.com.br\/index.php\/wp-json\/wp\/v2\/types\/page"}],"author":[{"embeddable":true,"href":"https:\/\/proctogastro.com.br\/index.php\/wp-json\/wp\/v2\/users\/1"}],"replies":[{"embeddable":true,"href":"https:\/\/proctogastro.com.br\/index.php\/wp-json\/wp\/v2\/comments?post=1509"}],"version-history":[{"count":5,"href":"https:\/\/proctogastro.com.br\/index.php\/wp-json\/wp\/v2\/pages\/1509\/revisions"}],"predecessor-version":[{"id":2033,"href":"https:\/\/proctogastro.com.br\/index.php\/wp-json\/wp\/v2\/pages\/1509\/revisions\/2033"}],"up":[{"embeddable":true,"href":"https:\/\/proctogastro.com.br\/index.php\/wp-json\/wp\/v2\/pages\/1462"}],"wp:attachment":[{"href":"https:\/\/proctogastro.com.br\/index.php\/wp-json\/wp\/v2\/media?parent=1509"}],"curies":[{"name":"wp","href":"https:\/\/api.w.org\/{rel}","templated":true}]}}