{"id":151,"date":"2017-02-16T11:28:39","date_gmt":"2017-02-16T13:28:39","guid":{"rendered":"http:\/\/xml-io.proteusthemes.com\/medicpress\/?page_id=151"},"modified":"2020-03-12T10:03:29","modified_gmt":"2020-03-12T13:03:29","slug":"cirurgia-da-obesidade","status":"publish","type":"page","link":"https:\/\/proctogastro.com.br\/index.php\/especialidades\/cirurgias\/cirurgia-da-obesidade\/","title":{"rendered":"Cirurgia da Obesidade"},"content":{"rendered":"<div id=\"pl-151\"  class=\"panel-layout\" ><div id=\"pg-151-0\"  class=\"panel-grid panel-no-style\" ><div id=\"pgc-151-0-0\"  class=\"panel-grid-cell\" ><div id=\"panel-151-0-0-0\" class=\"so-panel widget widget_sow-editor panel-first-child panel-last-child\" data-index=\"0\" ><div class=\"so-widget-sow-editor so-widget-sow-editor-base\">\n<div class=\"siteorigin-widget-tinymce textwidget\">\n\t<p><strong>- Tratamento Endosc\u00f3pico e Cir\u00fargico da Obesidade (Bari\u00e1trica)<\/strong><\/p>\n<p>\u00c9 um Servi\u00e7o especializado, formado por uma equipe multiprofissional com experi\u00eancia na avalia\u00e7\u00e3o, preparo e acompanhamento de pacientes submetidos ao tratamento endosc\u00f3pico ou cir\u00fargico da obesidade. Este Servi\u00e7o iniciou suas atividades em 2002 e foi pioneiro ao realizar a primeira cirurgia por via laparosc\u00f3pica no tratamento da obesidade m\u00f3rbida no Par\u00e1. Desde o in\u00edcio, oferece um atendimento multidisciplinar e todos os m\u00e9todos aceitos mundialmente como eficazes no tratamento da obesidade, de maneiras que atualmente \u00e9 conhecido em todo o Brasil, tendo v\u00e1rios de seus membros sido convidados para palestrar e realizar cirurgias ao vivo em eventos m\u00e9dicos e congressos no Brasil.<\/p>\n<p>&nbsp;<\/p>\n<\/div>\n<\/div><\/div><\/div><\/div><div id=\"pg-151-1\"  class=\"panel-grid panel-no-style\" ><div id=\"pgc-151-1-0\"  class=\"panel-grid-cell panel-grid-cell-empty\" ><\/div><\/div><div id=\"pg-151-2\"  class=\"panel-grid panel-no-style\" ><div id=\"pgc-151-2-0\"  class=\"panel-grid-cell\" ><div id=\"panel-151-2-0-0\" class=\"so-panel widget widget_sow-editor panel-first-child panel-last-child\" data-index=\"1\" ><div class=\"so-widget-sow-editor so-widget-sow-editor-base\">\n<div class=\"siteorigin-widget-tinymce textwidget\">\n\t<p><img decoding=\"async\" loading=\"lazy\" class=\"alignnone wp-image-1161 size-medium\" src=\"http:\/\/proctogastro.kinghost.net\/site1\/wp-content\/uploads\/2019\/12\/pg-obesidade-01-300x182.jpg\" alt=\"\" width=\"300\" height=\"182\" srcset=\"https:\/\/proctogastro.com.br\/wp-content\/uploads\/2019\/12\/pg-obesidade-01-300x182.jpg 300w, https:\/\/proctogastro.com.br\/wp-content\/uploads\/2019\/12\/pg-obesidade-01-768x467.jpg 768w, https:\/\/proctogastro.com.br\/wp-content\/uploads\/2019\/12\/pg-obesidade-01-600x365.jpg 600w, https:\/\/proctogastro.com.br\/wp-content\/uploads\/2019\/12\/pg-obesidade-01.jpg 799w\" sizes=\"(max-width: 300px) 100vw, 300px\" \/><\/p>\n<\/div>\n<\/div><\/div><\/div><div id=\"pgc-151-2-1\"  class=\"panel-grid-cell\" ><div id=\"panel-151-2-1-0\" class=\"so-panel widget widget_sow-editor panel-first-child panel-last-child\" data-index=\"2\" ><div class=\"so-widget-sow-editor so-widget-sow-editor-base\">\n<div class=\"siteorigin-widget-tinymce textwidget\">\n\t<p><img decoding=\"async\" loading=\"lazy\" class=\"alignnone wp-image-1162 size-medium\" src=\"http:\/\/proctogastro.kinghost.net\/site1\/wp-content\/uploads\/2019\/12\/pg-obesidade-02-300x182.jpg\" alt=\"\" width=\"300\" height=\"182\" srcset=\"https:\/\/proctogastro.com.br\/wp-content\/uploads\/2019\/12\/pg-obesidade-02-300x182.jpg 300w, https:\/\/proctogastro.com.br\/wp-content\/uploads\/2019\/12\/pg-obesidade-02-768x467.jpg 768w, https:\/\/proctogastro.com.br\/wp-content\/uploads\/2019\/12\/pg-obesidade-02-600x365.jpg 600w, https:\/\/proctogastro.com.br\/wp-content\/uploads\/2019\/12\/pg-obesidade-02.jpg 799w\" sizes=\"(max-width: 300px) 100vw, 300px\" \/><\/p>\n<\/div>\n<\/div><\/div><\/div><\/div><div id=\"pg-151-3\"  class=\"panel-grid panel-no-style\" ><div id=\"pgc-151-3-0\"  class=\"panel-grid-cell\" ><div id=\"panel-151-3-0-0\" class=\"so-panel widget widget_sow-editor panel-first-child panel-last-child\" data-index=\"3\" ><div class=\"so-widget-sow-editor so-widget-sow-editor-base\">\n<div class=\"siteorigin-widget-tinymce textwidget\">\n\t<p><strong>- Tratamento Endosc\u00f3pico<\/strong><\/p>\n<h6 style=\"text-align: center;\"><a href=\"http:\/\/proctogastro.com.br\/index.php\/especialidades\/cirurgias\/cirurgia-da-obesidade\/balao-intragastrico\/\"><span class=\"icon-container\"><span class=\"fa mp mp-checkin-hospital fa-3x\"><\/span><\/span><\/a><\/h6>\n<h6 style=\"text-align: center;\"><a href=\"http:\/\/proctogastro.com.br\/index.php\/especialidades\/cirurgias\/cirurgia-da-obesidade\/balao-intragastrico\/\">Bal\u00e3o Intrag\u00e1strico<\/a><\/h6>\n<p>&nbsp;<\/p>\n<h6 style=\"text-align: center;\"><\/h6>\n<\/div>\n<\/div><\/div><\/div><\/div><div id=\"pg-151-4\"  class=\"panel-grid panel-no-style\" ><div id=\"pgc-151-4-0\"  class=\"panel-grid-cell\" ><div id=\"panel-151-4-0-0\" class=\"so-panel widget widget_sow-editor panel-first-child panel-last-child\" data-index=\"4\" ><div class=\"so-widget-sow-editor so-widget-sow-editor-base\">\n<div class=\"siteorigin-widget-tinymce textwidget\">\n\t<ul>\n<li><em><strong>Tratamento\u00a0<\/strong><\/em><b><i>Cir\u00fargico\u00a0<\/i><\/b><\/li>\n<\/ul>\n<p><strong>- Cirurgias Restritivas<\/strong><\/p>\n<p>S\u00e3o cirurgias que produzem perda de peso restringindo a quantidade de alimentos s\u00f3lidos que podem ser ingeridos nas refei\u00e7\u00f5es.<\/p>\n<p>&nbsp;<\/p>\n<\/div>\n<\/div><\/div><\/div><\/div><div id=\"pg-151-5\"  class=\"panel-grid panel-no-style\" ><div id=\"pgc-151-5-0\"  class=\"panel-grid-cell\" ><div id=\"panel-151-5-0-0\" class=\"so-panel widget widget_sow-editor panel-first-child panel-last-child\" data-index=\"5\" ><div class=\"so-widget-sow-editor so-widget-sow-editor-base\">\n<div class=\"siteorigin-widget-tinymce textwidget\">\n\t<h6 style=\"text-align: center;\"><a href=\"http:\/\/proctogastro.com.br\/index.php\/especialidades\/cirurgias\/cirurgia-da-obesidade\/cirurgia-da-banda-gastrica-ajustavel\/\"><span class=\"icon-container\"><span class=\"fa mp mp-checkin-hospital fa-3x\"><\/span><\/span><\/a><\/h6>\n<h6 style=\"text-align: center;\"><a href=\"http:\/\/proctogastro.com.br\/site1\/index.php\/especialidades\/cirurgias\/cirurgia-da-obesidade\/cirurgia-da-banda-gastrica-ajustavel\/\">Cirurgia da Banda G\u00e1strica Ajust\u00e1vel<\/a><\/h6>\n<h6 style=\"text-align: center;\"><\/h6>\n<h6 style=\"text-align: center;\"><\/h6>\n<\/div>\n<\/div><\/div><\/div><div id=\"pgc-151-5-1\"  class=\"panel-grid-cell\" ><div id=\"panel-151-5-1-0\" class=\"so-panel widget widget_sow-editor panel-first-child panel-last-child\" data-index=\"6\" ><div class=\"so-widget-sow-editor so-widget-sow-editor-base\">\n<div class=\"siteorigin-widget-tinymce textwidget\">\n\t<h6 style=\"text-align: center;\"><a href=\"http:\/\/proctogastro.com.br\/index.php\/especialidades\/cirurgias\/cirurgia-da-obesidade\/gastrectomia-em-manga-ou-sleeve-gastrectomy-sg\/\"><span class=\"icon-container\"><span class=\"fa mp mp-checkin-hospital fa-3x\"><\/span><\/span><\/a><\/h6>\n<h6 style=\"text-align: center;\"><a href=\"http:\/\/proctogastro.com.br\/index.php\/especialidades\/cirurgias\/cirurgia-da-obesidade\/gastrectomia-em-manga-ou-sleeve-gastrectomy-sg\/\">Cirurgia da Gastrectomia em Manga (sleeve)<\/a><\/h6>\n<h6 style=\"text-align: center;\"><\/h6>\n<\/div>\n<\/div><\/div><\/div><\/div><div id=\"pg-151-6\"  class=\"panel-grid panel-no-style\" ><div id=\"pgc-151-6-0\"  class=\"panel-grid-cell\" ><div id=\"panel-151-6-0-0\" class=\"so-panel widget widget_sow-editor panel-first-child panel-last-child\" data-index=\"7\" ><div class=\"so-widget-sow-editor so-widget-sow-editor-base\">\n<div class=\"siteorigin-widget-tinymce textwidget\">\n\t<p><strong>- Cirurgias Malabsortivas<\/strong><\/p>\n<p>S\u00e3o cirurgias que produzem uma redu\u00e7\u00e3o parcial do est\u00f4mago associada \u00e0 um grande desvio no intestino delgado de maneiras a criar uma separa\u00e7\u00e3o entre o trajeto do alimento e o dos sucos digestivos b\u00edleo-pancre\u00e1tico, que s\u00f3 se encontram h\u00e1 cerca de 50 a 100cm do final do intestino delgado, reduzindo de forma acentuada a digest\u00e3o e absor\u00e7\u00e3o dos alimentos ingeridos. A redu\u00e7\u00e3o na quantidade de alimento s\u00f3lido ingerido causada pela redu\u00e7\u00e3o do est\u00f4mago \u00e9 s\u00f3 no come\u00e7o, ap\u00f3s algum tempo o paciente poder\u00e1 alimentar-se em quantidade quase normal. Estas cirurgias por produzirem uma perda de peso importante, s\u00e3o utilizadas principalmente nos pacientes \u201csuper obesos\u201d ou como cirurgia \u201calternativa\u201d quando as outras cirurgias bari\u00e1tricas n\u00e3o deram bons resultados.<\/p>\n<p>Existem duas t\u00e9cnicas de cirurgias malabsortivas que podem ser realizadas por via convencional (cirurgia barriga aberta) ou por via laparosc\u00f3pica:<\/p>\n<p>&nbsp;<\/p>\n<\/div>\n<\/div><\/div><\/div><\/div><div id=\"pg-151-7\"  class=\"panel-grid panel-no-style\" ><div id=\"pgc-151-7-0\"  class=\"panel-grid-cell\" ><div id=\"panel-151-7-0-0\" class=\"so-panel widget widget_sow-editor panel-first-child panel-last-child\" data-index=\"8\" ><div class=\"so-widget-sow-editor so-widget-sow-editor-base\">\n<div class=\"siteorigin-widget-tinymce textwidget\">\n\t<h6 style=\"text-align: center;\"><\/h6>\n<h6 style=\"text-align: center;\"><a href=\"http:\/\/proctogastro.com.br\/index.php\/especialidades\/cirurgias\/cirurgia-da-obesidade\/cirurgia-de-scopinaro\/\"><span class=\"icon-container\"><span class=\"fa mp mp-checkin-hospital fa-3x\"><\/span><\/span><\/a><\/h6>\n<h6 style=\"text-align: center;\"><a href=\"http:\/\/proctogastro.com.br\/index.php\/especialidades\/cirurgias\/cirurgia-da-obesidade\/cirurgia-de-scopinaro\/\">Cirurgia de Scopinaro<\/a><\/h6>\n<h6 style=\"text-align: center;\"><\/h6>\n<h6 style=\"text-align: center;\"><\/h6>\n<\/div>\n<\/div><\/div><\/div><div id=\"pgc-151-7-1\"  class=\"panel-grid-cell\" ><div id=\"panel-151-7-1-0\" class=\"so-panel widget widget_sow-editor panel-first-child panel-last-child\" data-index=\"9\" ><div class=\"so-widget-sow-editor so-widget-sow-editor-base\">\n<div class=\"siteorigin-widget-tinymce textwidget\">\n\t<h6 style=\"text-align: center;\"><a href=\"http:\/\/proctogastro.com.br\/index.php\/especialidades\/cirurgias\/cirurgia-da-obesidade\/cirurgia-de-duodenal-switch\/\"><span class=\"icon-container\"><span class=\"fa mp mp-checkin-hospital fa-3x\"><\/span><\/span><\/a><\/h6>\n<h6 style=\"text-align: center;\"><a href=\"http:\/\/proctogastro.com.br\/index.php\/especialidades\/cirurgias\/cirurgia-da-obesidade\/cirurgia-de-duodenal-switch\/\">Cirurgia de \u201cDuodenal switch\u201d<\/a><\/h6>\n<h6 style=\"text-align: center;\"><\/h6>\n<h6 style=\"text-align: center;\"><\/h6>\n<\/div>\n<\/div><\/div><\/div><\/div><div id=\"pg-151-8\"  class=\"panel-grid panel-no-style\" ><div id=\"pgc-151-8-0\"  class=\"panel-grid-cell\" ><div id=\"panel-151-8-0-0\" class=\"so-panel widget widget_sow-editor panel-first-child\" data-index=\"10\" ><div class=\"so-widget-sow-editor so-widget-sow-editor-base\">\n<div class=\"siteorigin-widget-tinymce textwidget\">\n\t<p>As cirurgias malabsortivas t\u00eam como vantagens: produzirem uma perda de peso independe do h\u00e1bito alimentar \u201cos pacientes perdem peso mesmo comendo\u201d e produzirem uma perda de peso importante de cerca de 35 a 50% do peso inicial.<\/p>\n<p>Por\u00e9m, t\u00eam como desvantagens: o fato de poderem causar defici\u00eancias nutricionais severas e de dif\u00edcil controle como anemia por defici\u00eancia de ferro, osteoporose, osteomal\u00e1cia, hipovitaminoses, desnutri\u00e7\u00e3o proteica grave (em cerca de 6.6% dos pacientes), halitose, intoler\u00e2ncia importante \u00e0 lactose, produ\u00e7\u00e3o exagerada de gases, flatul\u00eancia com odor forte, distens\u00e3o abdominal, aumento da frequ\u00eancia intestinal e hipotireoidismo secund\u00e1rio. Queda de cabelo pode ocorrer em at\u00e9 52% dos pacientes, que perdura at\u00e9 a estabiliza\u00e7\u00e3o do peso. Em alguns casos de desnutri\u00e7\u00e3o ou diarreia importante podem necessitar de re-opera\u00e7\u00e3o para reverter a cirurgia. Devido \u00e0 essas desvantagens, estas cirurgias s\u00e3o muito pouco utilizadas nos dias de hoje.<\/p>\n<p>Os pacientes operados por estas t\u00e9cnicas exigem acompanhamento m\u00e9dico e nutricional mais intensos e em longo prazo, logo n\u00e3o devem ser utilizadas em pacientes que n\u00e3o podem comparecer \u00e0s revis\u00f5es peri\u00f3dicas.<\/p>\n<\/div>\n<\/div><\/div><div id=\"panel-151-8-0-1\" class=\"so-panel widget widget_sow-editor panel-last-child\" data-index=\"11\" ><div class=\"so-widget-sow-editor so-widget-sow-editor-base\">\n<div class=\"siteorigin-widget-tinymce textwidget\">\n\t<p><strong>- Cirurgia Combinada ou Mista<\/strong><\/p>\n<h6 style=\"text-align: center;\"><a href=\"http:\/\/proctogastro.com.br\/index.php\/especialidades\/cirurgias\/cirurgia-da-obesidade\/cirurgia-de-bypass-gastrico-em-y-de-roux\/\"><span class=\"icon-container\"><span class=\"fa mp mp-checkin-hospital fa-3x\"><\/span><\/span><\/a><\/h6>\n<h6 style=\"text-align: center;\"><a href=\"http:\/\/proctogastro.com.br\/index.php\/especialidades\/cirurgias\/cirurgia-da-obesidade\/cirurgia-de-bypass-gastrico-em-y-de-roux\/\">Cirurgia de \u201cbypass\u201d g\u00e1strico em Y de Roux<\/a><\/h6>\n<h6 style=\"text-align: center;\"><\/h6>\n<p>&nbsp;<\/p>\n<p><strong>- Acompanhamento nutricional p\u00f3s cirurgia bari\u00e1trica<\/strong><\/p>\n<p>O acompanhamento nutricional no tratamento da obesidade tem como objetivo o bem-estar f\u00edsico e emocional do paciente, atrav\u00e9s da sele\u00e7\u00e3o dos alimentos que contenham os nutrientes mais saud\u00e1veis e que estejam adequados \u00e0s necessidades de cada indiv\u00edduo.<\/p>\n<p>No pr\u00e9-operat\u00f3rio a avalia\u00e7\u00e3o nutricional inclui o hist\u00f3rico alimentar, medidas antropom\u00e9tricas (peso, altura, \u00cdndice de Massa Corp\u00f3rea, circunfer\u00eancia da cintura e circunfer\u00eancia do quadril) e BioImped\u00e2ncia. Essa avalia\u00e7\u00e3o visa conhecer o estado nutricional inicial do paciente, identificar h\u00e1bitos alimentares inadequados (baixa ingest\u00e3o proteica, que pode contraindicar as cirurgias malabsortivas), dist\u00farbios alimentares (gosta de doces, belisca entre as refei\u00e7\u00f5es, que pode contraindicar as cirurgias restritivas) e conscientizar o paciente da import\u00e2ncia da mastiga\u00e7\u00e3o e necessidade de reeduca\u00e7\u00e3o alimentar bem como orientar sobre as mudan\u00e7as na alimenta\u00e7\u00e3o que ir\u00e3o ocorrer no p\u00f3s-operat\u00f3rio.<\/p>\n<p>A reeduca\u00e7\u00e3o alimentar pr\u00e9-operat\u00f3ria (dieta pobre em carboidratos por duas semanas antes da cirurgia) tem como objetivo proporcionar a perda de peso no per\u00edodo pr\u00e9-operat\u00f3rio, para que as doen\u00e7as associadas \u00e0 obesidade como hipertens\u00e3o arterial, diabetes e doen\u00e7as articulares, entre outras, sejam mais facilmente controladas, diminuindo os riscos da cirurgia. A dieta l\u00edquida n\u00e3o fermentativa quatro dias antes da cirurgia tem por finalidade diminuir a distens\u00e3o das al\u00e7as intestinais durante a cirurgia. Al\u00e9m disso, muitas das orienta\u00e7\u00f5es alimentares pr\u00e9-operat\u00f3rias dever\u00e3o ser seguidas no p\u00f3s-operat\u00f3rio, para proporcionar uma perda de peso adequada ao final do primeiro ano, estabelecida como meta para o paciente.<\/p>\n<p>No processo de reeduca\u00e7\u00e3o alimentar ser\u00e1 considerada tamb\u00e9m a rela\u00e7\u00e3o que foi estabelecida com o alimento ao longo dos anos, onde o mesmo \u00e9 utilizado independentemente das sensa\u00e7\u00f5es de fome e saciedade. Como o alimento possui al\u00e9m do valor cal\u00f3rico, um valor simb\u00f3lico, ele pode estar sendo utilizado por necessidade emocional como: estresse, ansiedade, medo, inseguran\u00e7a, raiva, solid\u00e3o, etc. Portanto estes aspectos e suas interfer\u00eancias ser\u00e3o considerados e trabalhados durante a avalia\u00e7\u00e3o a fim de possibilitar o melhor resultado poss\u00edvel.<\/p>\n<p>No p\u00f3s-operat\u00f3rio, o paciente dever\u00e1 ser acompanhado por uma nutricionista com experi\u00eancia em cirurgia bari\u00e1trica, pois dever\u00e1 ter uma dieta pobre em calorias, mas que assegure boa hidrata\u00e7\u00e3o, seja nutricionalmente balanceada e respeite a limita\u00e7\u00e3o quantitativa que a cirurgia imp\u00f5e, para prevenir poss\u00edveis desconfortos p\u00f3s-operat\u00f3rios, defici\u00eancias nutricionais e promover uma perda de peso bem-sucedida. A fase inicial \u00e9 dif\u00edcil, porque o paciente est\u00e1 acostumado a comer muito e ter\u00e1 de comer muito pouco. Se comer mais, vomita. Por isso, ele ter\u00e1 de se reeducar, al\u00e9m de tomar suplementa\u00e7\u00e3o proteica nos seis primeiros meses, e suplementa\u00e7\u00e3o de vitaminas e sais minerais durante todo o resto da vida.<\/p>\n<p>A principal mudan\u00e7a na alimenta\u00e7\u00e3o ap\u00f3s a cirurgia \u00e9 uma diminui\u00e7\u00e3o importante na quantidade de alimentos consumidos diariamente devido a redu\u00e7\u00e3o do est\u00f4mago. No per\u00edodo p\u00f3s-operat\u00f3rio inicial o objetivo \u00e9 evitar n\u00e1useas, v\u00f4mitos, s\u00edndrome de \u00a8dumping\u00a8 (que \u00e9 o mal-estar que pode aparecer ap\u00f3s ingest\u00e3o de alimentos ricos em a\u00e7\u00facar) e desidrata\u00e7\u00e3o, al\u00e9m de prevenir o desenvolvimento de car\u00eancias nutricionais.<\/p>\n<p>A orienta\u00e7\u00e3o nutricional p\u00f3s-operat\u00f3ria pela nutricionista da Procto Gastro se inicia ainda no hospital, antes da alta hospitalar. A orienta\u00e7\u00e3o nutricional pode variar em fun\u00e7\u00e3o do tipo de procedimento cir\u00fargico usado e a evolu\u00e7\u00e3o de cada paciente.<\/p>\n<p>O paciente deve tomar no m\u00ednimo 1 a 1,5 litro\/dia de l\u00edquidos para evitar a desidrata\u00e7\u00e3o e favorecer o bom funcionamento dos rins, deixando a urina clara e evitando a forma\u00e7\u00e3o de \u201cpedras nos rins\u201d.<\/p>\n<p><strong>- Acompanhamento psicol\u00f3gico p\u00f3s cirurgia bari\u00e1trica<\/strong><\/p>\n<p>O que ouvimos a nosso respeito desde crian\u00e7a, a educa\u00e7\u00e3o familiar, como lidamos com nossas emo\u00e7\u00f5es, o nosso jeito de ser, o nosso estilo de vida, h\u00e1bitos alimentares, vida pessoal, profissional, social e autoestima, determina muito de nossos comportamentos diante da vida.<\/p>\n<p>A cirurgia bari\u00e1trica \u00e9 muito importante no controle da obesidade m\u00f3rbida, por\u00e9m precisa de um grande parceiro, o paciente, sua determina\u00e7\u00e3o e muita vontade de mudar.<\/p>\n<p>O atendimento psicol\u00f3gico deve come\u00e7ar na fase pr\u00e9-operat\u00f3ria, onde se pode avaliar as condi\u00e7\u00f5es psicol\u00f3gicas que o paciente se encontra atrav\u00e9s da anamnese e atendimento familiar. A interven\u00e7\u00e3o psicol\u00f3gica no tratamento da obesidade ser\u00e1 feita de acordo com o tipo de estrutura ps\u00edquica de cada pessoa, podendo estar associada ao tratamento psiqui\u00e1trico por ser comum a presen\u00e7a de quadros depressivos, de ansiedade e principalmente compulsivos, que necessitam muitas vezes de uma interven\u00e7\u00e3o medicamentosa associada \u00e0 psicoterapia.<\/p>\n<p>A cirurgia sozinha n\u00e3o faz milagre, \u00e9 preciso muita persist\u00eancia, for\u00e7a de vontade para mudar e principalmente seguir regras que a nova condi\u00e7\u00e3o imp\u00f5e. \u00c9 importante estar dispon\u00edvel as novas possibilidades que surgem nesse processo de mudan\u00e7a.<\/p>\n<p>Muitas mudan\u00e7as ocorrem ap\u00f3s a cirurgia, e o acompanhamento psicol\u00f3gico \u00e9 de grande import\u00e2ncia. A adapta\u00e7\u00e3o ao novo estilo de vida, deixar para tr\u00e1s antigos costumes, diminui\u00e7\u00e3o da ansiedade e nova forma de viver s\u00e3o importantes para o sucesso da cirurgia, principalmente para que n\u00e3o ocorra o deslocamento do sintoma (por exemplo, do comer para o uso abusivo de \u00e1lcool). O psic\u00f3logo interv\u00e9m de forma preventivamente visando a melhoria da qualidade de vida e adapta\u00e7\u00e3o a nova realidade.<\/p>\n<p>O atendimento psicol\u00f3gico nessa fase ajuda oferecendo suporte emocional, para passar pelo processo de mudan\u00e7a com menos ansiedade, melhor compreens\u00e3o de si, mudan\u00e7a dos h\u00e1bitos alimentares e todos os aspectos emocionais que podem aparecer nesse processo de emagrecimento.<\/p>\n<p>\u00c9 uma adapta\u00e7\u00e3o de longo prazo, onde se manter magro depender\u00e1 principalmente do fato de seguir as orienta\u00e7\u00f5es da equipe multiprofissional, cada uma com sua import\u00e2ncia e significado.<\/p>\n<p>&nbsp;<\/p>\n<p>&nbsp;<\/p>\n<\/div>\n<\/div><\/div><\/div><\/div><div id=\"pg-151-9\"  class=\"panel-grid panel-has-style\" ><div class=\"panel-row-style panel-row-style-for-151-9\" ><div id=\"pgc-151-9-0\"  class=\"panel-grid-cell\" ><div id=\"panel-151-9-0-0\" class=\"so-panel widget widget_pw_call_to_action widget-call-to-action panel-first-child panel-last-child\" data-index=\"12\" ><div class=\"panel-widget-style panel-widget-style-for-151-9-0-0\" >\t\t\t\t<div class=\"call-to-action\">\n\t\t\t\t\t<div class=\"call-to-action__text\">\n\t\t\t\t\t\t<h2 class=\"call-to-action__title\">\n\t\t\t\t\t\t\tQuer marcar uma consulta ou tirar uma d\u00favida?\t\t\t\t\t\t<\/h2>\n\t\t\t\t\t\t\t\t\t\t\t<\/div>\n\t\t\t\t\t<div class=\"call-to-action__button\">\n\t\t\t\t\t\t<a class=\"btn  btn-secondary\" href=\"http:\/\/proctogastro.com.br\/index.php\/contato\/\/\" target=\"_self\"> Clique aqui<\/a>\t\t\t\t\t<\/div>\n\t\t\t\t<\/div>\n\t\t\t<\/div><\/div><\/div><\/div><\/div><\/div>","protected":false},"excerpt":{"rendered":"<p>&#8211; Tratamento Endosc\u00f3pico e Cir\u00fargico da Obesidade (Bari\u00e1trica) \u00c9 um Servi\u00e7o especializado, formado por uma equipe multiprofissional com experi\u00eancia na avalia\u00e7\u00e3o, preparo e acompanhamento de pacientes submetidos ao tratamento endosc\u00f3pico ou cir\u00fargico da obesidade. Este Servi\u00e7o iniciou suas atividades em 2002 e foi pioneiro ao realizar a primeira cirurgia por via laparosc\u00f3pica no tratamento da &hellip;<\/p>\n","protected":false},"author":1,"featured_media":2155,"parent":1280,"menu_order":0,"comment_status":"closed","ping_status":"closed","template":"","meta":{"_joinchat":[]},"_links":{"self":[{"href":"https:\/\/proctogastro.com.br\/index.php\/wp-json\/wp\/v2\/pages\/151"}],"collection":[{"href":"https:\/\/proctogastro.com.br\/index.php\/wp-json\/wp\/v2\/pages"}],"about":[{"href":"https:\/\/proctogastro.com.br\/index.php\/wp-json\/wp\/v2\/types\/page"}],"author":[{"embeddable":true,"href":"https:\/\/proctogastro.com.br\/index.php\/wp-json\/wp\/v2\/users\/1"}],"replies":[{"embeddable":true,"href":"https:\/\/proctogastro.com.br\/index.php\/wp-json\/wp\/v2\/comments?post=151"}],"version-history":[{"count":42,"href":"https:\/\/proctogastro.com.br\/index.php\/wp-json\/wp\/v2\/pages\/151\/revisions"}],"predecessor-version":[{"id":2305,"href":"https:\/\/proctogastro.com.br\/index.php\/wp-json\/wp\/v2\/pages\/151\/revisions\/2305"}],"up":[{"embeddable":true,"href":"https:\/\/proctogastro.com.br\/index.php\/wp-json\/wp\/v2\/pages\/1280"}],"wp:featuredmedia":[{"embeddable":true,"href":"https:\/\/proctogastro.com.br\/index.php\/wp-json\/wp\/v2\/media\/2155"}],"wp:attachment":[{"href":"https:\/\/proctogastro.com.br\/index.php\/wp-json\/wp\/v2\/media?parent=151"}],"curies":[{"name":"wp","href":"https:\/\/api.w.org\/{rel}","templated":true}]}}