{"id":1528,"date":"2019-12-17T11:51:11","date_gmt":"2019-12-17T14:51:11","guid":{"rendered":"http:\/\/proctogastro.kinghost.net\/site1\/?page_id=1528"},"modified":"2020-02-12T10:01:23","modified_gmt":"2020-02-12T13:01:23","slug":"dilatacao-endoscopica-de-estenose","status":"publish","type":"page","link":"https:\/\/proctogastro.com.br\/index.php\/exames-2\/procedimentos-endoscopicos\/dilatacao-endoscopica-de-estenose\/","title":{"rendered":"Dilata\u00e7\u00e3o Endosc\u00f3pica de Estenose"},"content":{"rendered":"<div id=\"pl-1528\"  class=\"panel-layout\" ><div id=\"pg-1528-0\"  class=\"panel-grid panel-no-style\" ><div id=\"pgc-1528-0-0\"  class=\"panel-grid-cell\" ><div id=\"panel-1528-0-0-0\" class=\"so-panel widget widget_sow-editor panel-first-child panel-last-child\" data-index=\"0\" ><div class=\"so-widget-sow-editor so-widget-sow-editor-base\">\n<div class=\"siteorigin-widget-tinymce textwidget\">\n\t<p>\u00c9 indicada no tratamento de estenoses inflamat\u00f3rias (estreitamentos), estreitamento anat\u00f4mico (acalasia) ou estenose de anastomose cir\u00fargica do tubo digestivo. A dilata\u00e7\u00e3o endosc\u00f3pica consiste em passar um pequeno bal\u00e3o vazio atrav\u00e9s da estenose e posteriormente preench\u00ea-lo com ar at\u00e9 que seja atingida uma determinada press\u00e3o e volume, produzindo uma dilata\u00e7\u00e3o por igual de toda a estenose at\u00e9 um di\u00e2metro pr\u00e9-estabelecido. Na maioria das vezes apenas uma sess\u00e3o \u00e9 suficiente para o sucesso do tratamento, em poucos casos s\u00e3o necess\u00e1rias novas sess\u00f5es com bal\u00f5es de di\u00e2metros progressivamente maiores, at\u00e9 atingir o di\u00e2metro ideal.<\/p>\n<\/div>\n<\/div><\/div><\/div><\/div><\/div>","protected":false},"excerpt":{"rendered":"<p>\u00c9 indicada no tratamento de estenoses inflamat\u00f3rias (estreitamentos), estreitamento anat\u00f4mico (acalasia) ou estenose de anastomose cir\u00fargica do tubo digestivo. A dilata\u00e7\u00e3o endosc\u00f3pica consiste em passar um pequeno bal\u00e3o vazio atrav\u00e9s da estenose e posteriormente preench\u00ea-lo com ar at\u00e9 que seja atingida uma determinada press\u00e3o e volume, produzindo uma dilata\u00e7\u00e3o por igual de toda a estenose &hellip;<\/p>\n","protected":false},"author":1,"featured_media":0,"parent":1492,"menu_order":0,"comment_status":"closed","ping_status":"closed","template":"","meta":{"_joinchat":[]},"_links":{"self":[{"href":"https:\/\/proctogastro.com.br\/index.php\/wp-json\/wp\/v2\/pages\/1528"}],"collection":[{"href":"https:\/\/proctogastro.com.br\/index.php\/wp-json\/wp\/v2\/pages"}],"about":[{"href":"https:\/\/proctogastro.com.br\/index.php\/wp-json\/wp\/v2\/types\/page"}],"author":[{"embeddable":true,"href":"https:\/\/proctogastro.com.br\/index.php\/wp-json\/wp\/v2\/users\/1"}],"replies":[{"embeddable":true,"href":"https:\/\/proctogastro.com.br\/index.php\/wp-json\/wp\/v2\/comments?post=1528"}],"version-history":[{"count":3,"href":"https:\/\/proctogastro.com.br\/index.php\/wp-json\/wp\/v2\/pages\/1528\/revisions"}],"predecessor-version":[{"id":2029,"href":"https:\/\/proctogastro.com.br\/index.php\/wp-json\/wp\/v2\/pages\/1528\/revisions\/2029"}],"up":[{"embeddable":true,"href":"https:\/\/proctogastro.com.br\/index.php\/wp-json\/wp\/v2\/pages\/1492"}],"wp:attachment":[{"href":"https:\/\/proctogastro.com.br\/index.php\/wp-json\/wp\/v2\/media?parent=1528"}],"curies":[{"name":"wp","href":"https:\/\/api.w.org\/{rel}","templated":true}]}}