{"id":1532,"date":"2019-12-17T11:55:24","date_gmt":"2019-12-17T14:55:24","guid":{"rendered":"http:\/\/proctogastro.kinghost.net\/site1\/?page_id=1532"},"modified":"2020-02-12T10:04:36","modified_gmt":"2020-02-12T13:04:36","slug":"esclerose-de-varizes-de-esofago","status":"publish","type":"page","link":"https:\/\/proctogastro.com.br\/index.php\/exames-2\/procedimentos-endoscopicos\/esclerose-de-varizes-de-esofago\/","title":{"rendered":"Esclerose de Varizes de Es\u00f4fago"},"content":{"rendered":"<div id=\"pl-1532\"  class=\"panel-layout\" ><div id=\"pg-1532-0\"  class=\"panel-grid panel-no-style\" ><div id=\"pgc-1532-0-0\"  class=\"panel-grid-cell\" ><div id=\"panel-1532-0-0-0\" class=\"so-panel widget widget_sow-editor panel-first-child panel-last-child\" data-index=\"0\" ><div class=\"so-widget-sow-editor so-widget-sow-editor-base\">\n<div class=\"siteorigin-widget-tinymce textwidget\">\n\t<p>\u00c9 um procedimento ambulatorial realizado por v\u00eddeo endoscopia que tem como objetivo eliminar as varizes do es\u00f4fago atrav\u00e9s de inje\u00e7\u00f5es dentro e\/ou fora da veia dilatada, de subst\u00e2ncia especial, para produzir fibrose da variz. As varizes de es\u00f4fago geralmente aparecem em pacientes com hipertens\u00e3o portal por cirrose hep\u00e1tica ou esquistossomose. O tratamento \u00e9 realizado em sess\u00f5es endosc\u00f3picas com intervalo m\u00e9dio de 15 dias. S\u00e3o necess\u00e1rias ente 8 a 12 sess\u00f5es para total remiss\u00e3o das varizes.<\/p>\n<\/div>\n<\/div><\/div><\/div><\/div><\/div>","protected":false},"excerpt":{"rendered":"<p>\u00c9 um procedimento ambulatorial realizado por v\u00eddeo endoscopia que tem como objetivo eliminar as varizes do es\u00f4fago atrav\u00e9s de inje\u00e7\u00f5es dentro e\/ou fora da veia dilatada, de subst\u00e2ncia especial, para produzir fibrose da variz. As varizes de es\u00f4fago geralmente aparecem em pacientes com hipertens\u00e3o portal por cirrose hep\u00e1tica ou esquistossomose. O tratamento \u00e9 realizado em &hellip;<\/p>\n","protected":false},"author":1,"featured_media":0,"parent":1492,"menu_order":0,"comment_status":"closed","ping_status":"closed","template":"","meta":{"_joinchat":[]},"_links":{"self":[{"href":"https:\/\/proctogastro.com.br\/index.php\/wp-json\/wp\/v2\/pages\/1532"}],"collection":[{"href":"https:\/\/proctogastro.com.br\/index.php\/wp-json\/wp\/v2\/pages"}],"about":[{"href":"https:\/\/proctogastro.com.br\/index.php\/wp-json\/wp\/v2\/types\/page"}],"author":[{"embeddable":true,"href":"https:\/\/proctogastro.com.br\/index.php\/wp-json\/wp\/v2\/users\/1"}],"replies":[{"embeddable":true,"href":"https:\/\/proctogastro.com.br\/index.php\/wp-json\/wp\/v2\/comments?post=1532"}],"version-history":[{"count":3,"href":"https:\/\/proctogastro.com.br\/index.php\/wp-json\/wp\/v2\/pages\/1532\/revisions"}],"predecessor-version":[{"id":2030,"href":"https:\/\/proctogastro.com.br\/index.php\/wp-json\/wp\/v2\/pages\/1532\/revisions\/2030"}],"up":[{"embeddable":true,"href":"https:\/\/proctogastro.com.br\/index.php\/wp-json\/wp\/v2\/pages\/1492"}],"wp:attachment":[{"href":"https:\/\/proctogastro.com.br\/index.php\/wp-json\/wp\/v2\/media?parent=1532"}],"curies":[{"name":"wp","href":"https:\/\/api.w.org\/{rel}","templated":true}]}}