{"id":154,"date":"2017-02-16T11:29:40","date_gmt":"2017-02-16T13:29:40","guid":{"rendered":"http:\/\/xml-io.proteusthemes.com\/medicpress\/?page_id=154"},"modified":"2020-03-12T16:17:46","modified_gmt":"2020-03-12T19:17:46","slug":"nutricao","status":"publish","type":"page","link":"https:\/\/proctogastro.com.br\/index.php\/especialidades\/nutricao\/","title":{"rendered":"Nutri\u00e7\u00e3o"},"content":{"rendered":"<div id=\"pl-154\"  class=\"panel-layout\" ><div id=\"pg-154-0\"  class=\"panel-grid panel-no-style\" ><div id=\"pgc-154-0-0\"  class=\"panel-grid-cell\" ><div id=\"panel-154-0-0-0\" class=\"so-panel widget widget_sow-editor panel-first-child panel-last-child\" data-index=\"0\" ><div class=\"so-widget-sow-editor so-widget-sow-editor-base\">\n<div class=\"siteorigin-widget-tinymce textwidget\">\n\t<p>Nos \u00faltimos anos, as pessoas passaram a se preocupar em ter um estilo de vida mais saud\u00e1vel e uma boa qualidade de vida.\u00a0 A Ci\u00eancia da Nutri\u00e7\u00e3o tem assumido, ao longo dos anos, posi\u00e7\u00e3o de destaque, contribuindo sobremaneira para a promo\u00e7\u00e3o de sa\u00fade das pessoas. Cada vez mais as pesquisas t\u00eam demonstrado a import\u00e2ncia da ingest\u00e3o adequada de alimentos, sendo eles sadios ou doentes, sua alimenta\u00e7\u00e3o deve ser adequada ao estado em que se encontra.<\/p>\n<p>Nos procedimentos nutricionais, a prescri\u00e7\u00e3o diet\u00e9tica deve ser individualizada, logo, alguns fatores, s\u00e3o levados em considera\u00e7\u00e3o, como peso, estatura, necessidades cal\u00f3ricas, distribui\u00e7\u00e3o de macronutrientes, patologia encontrada, necessidades de restri\u00e7\u00e3o de nutrientes, bem como os h\u00e1bitos e prefer\u00eancias alimentares.<\/p>\n<p>O Nutricionista \u00e9 o profissional mais qualificado para elaborar o plano alimentar individualizado, que levar\u00e1 em considera\u00e7\u00e3o as necessidades individuais de cada paciente, respeitando caracter\u00edsticas bioqu\u00edmicas, al\u00e9m das avers\u00f5es e predile\u00e7\u00f5es de cada um na hora de elaborar um card\u00e1pio.<\/p>\n<p>Esses procedimentos significam um \u00f3timo custo-benef\u00edcio, possibilitado a melhoria da qualidade do servi\u00e7o oferecido. \u00c9 necess\u00e1rio que todos saibam da import\u00e2ncia da Nutri\u00e7\u00e3o para manuten\u00e7\u00e3o e\/ou recupera\u00e7\u00e3o do estado nutricional do paciente, procedimento geralmente fundamental para retir\u00e1-lo do estado patol\u00f3gico.<\/p>\n<\/div>\n<\/div><\/div><\/div><\/div><div id=\"pg-154-1\"  class=\"panel-grid panel-no-style\" ><div id=\"pgc-154-1-0\"  class=\"panel-grid-cell\" ><div id=\"panel-154-1-0-0\" class=\"so-panel widget widget_sow-editor panel-first-child panel-last-child\" data-index=\"1\" ><div class=\"so-widget-sow-editor so-widget-sow-editor-base\">\n<div class=\"siteorigin-widget-tinymce textwidget\">\n\t<p><img decoding=\"async\" loading=\"lazy\" class=\"alignnone wp-image-1398 size-full\" src=\"http:\/\/proctogastro.kinghost.net\/site1\/wp-content\/uploads\/2019\/12\/nutricao1.jpg\" alt=\"\" width=\"750\" height=\"420\" srcset=\"https:\/\/proctogastro.com.br\/wp-content\/uploads\/2019\/12\/nutricao1.jpg 750w, https:\/\/proctogastro.com.br\/wp-content\/uploads\/2019\/12\/nutricao1-300x168.jpg 300w, https:\/\/proctogastro.com.br\/wp-content\/uploads\/2019\/12\/nutricao1-600x336.jpg 600w\" sizes=\"(max-width: 750px) 100vw, 750px\" \/><\/p>\n<\/div>\n<\/div><\/div><\/div><div id=\"pgc-154-1-1\"  class=\"panel-grid-cell\" ><div id=\"panel-154-1-1-0\" class=\"so-panel widget widget_sow-editor panel-first-child panel-last-child\" data-index=\"2\" ><div class=\"so-widget-sow-editor so-widget-sow-editor-base\">\n<div class=\"siteorigin-widget-tinymce textwidget\">\n\t<p><img decoding=\"async\" loading=\"lazy\" class=\"alignnone wp-image-1399 size-full\" src=\"http:\/\/proctogastro.kinghost.net\/site1\/wp-content\/uploads\/2019\/12\/nutricao2.jpg\" alt=\"\" width=\"750\" height=\"420\" srcset=\"https:\/\/proctogastro.com.br\/wp-content\/uploads\/2019\/12\/nutricao2.jpg 750w, https:\/\/proctogastro.com.br\/wp-content\/uploads\/2019\/12\/nutricao2-300x168.jpg 300w, https:\/\/proctogastro.com.br\/wp-content\/uploads\/2019\/12\/nutricao2-600x336.jpg 600w\" sizes=\"(max-width: 750px) 100vw, 750px\" \/><\/p>\n<\/div>\n<\/div><\/div><\/div><\/div><div id=\"pg-154-2\"  class=\"panel-grid panel-no-style\" ><div id=\"pgc-154-2-0\"  class=\"panel-grid-cell panel-grid-cell-empty\" ><\/div><\/div><div id=\"pg-154-3\"  class=\"panel-grid panel-no-style\" ><div id=\"pgc-154-3-0\"  class=\"panel-grid-cell\" ><div id=\"panel-154-3-0-0\" class=\"so-panel widget widget_sow-editor panel-first-child panel-last-child\" data-index=\"3\" ><div class=\"so-widget-sow-editor so-widget-sow-editor-base\">\n<div class=\"siteorigin-widget-tinymce textwidget\">\n\t<h3>Exame relacionado a Nutri\u00e7\u00e3o<\/h3>\n<p>&nbsp;<\/p>\n<\/div>\n<\/div><\/div><\/div><\/div><div id=\"pg-154-4\"  class=\"panel-grid panel-no-style\" ><div id=\"pgc-154-4-0\"  class=\"panel-grid-cell panel-grid-cell-mobile-last\" ><div id=\"panel-154-4-0-0\" class=\"so-panel widget widget_sow-editor panel-first-child panel-last-child\" data-index=\"4\" ><div class=\"so-widget-sow-editor so-widget-sow-editor-base\">\n<div class=\"siteorigin-widget-tinymce textwidget\">\n\t<h6 style=\"text-align: center;\"><a href=\"http:\/\/proctogastro.com.br\/index.php\/exames-2\/bioimpendancia-corporal\/\"><span class=\"icon-container\"><span class=\"fa mp mp-checkin-hospital fa-3x\"><\/span><\/span><\/a><\/h6>\n<h6 style=\"text-align: center;\"><a href=\"http:\/\/proctogastro.com.br\/index.php\/exames-2\/bioimpendancia-corporal\/\">Bioimpend\u00e2ncia Corporral<\/a><\/h6>\n<h6 style=\"text-align: center;\"><\/h6>\n<\/div>\n<\/div><\/div><\/div><div id=\"pgc-154-4-1\"  class=\"panel-grid-cell panel-grid-cell-empty\" ><\/div><\/div><\/div>","protected":false},"excerpt":{"rendered":"<p>Nos \u00faltimos anos, as pessoas passaram a se preocupar em ter um estilo de vida mais saud\u00e1vel e uma boa qualidade de vida.\u00a0 A Ci\u00eancia da Nutri\u00e7\u00e3o tem assumido, ao longo dos anos, posi\u00e7\u00e3o de destaque, contribuindo sobremaneira para a promo\u00e7\u00e3o de sa\u00fade das pessoas. Cada vez mais as pesquisas t\u00eam demonstrado a import\u00e2ncia da &hellip;<\/p>\n","protected":false},"author":1,"featured_media":1654,"parent":116,"menu_order":0,"comment_status":"closed","ping_status":"closed","template":"","meta":{"_joinchat":[]},"_links":{"self":[{"href":"https:\/\/proctogastro.com.br\/index.php\/wp-json\/wp\/v2\/pages\/154"}],"collection":[{"href":"https:\/\/proctogastro.com.br\/index.php\/wp-json\/wp\/v2\/pages"}],"about":[{"href":"https:\/\/proctogastro.com.br\/index.php\/wp-json\/wp\/v2\/types\/page"}],"author":[{"embeddable":true,"href":"https:\/\/proctogastro.com.br\/index.php\/wp-json\/wp\/v2\/users\/1"}],"replies":[{"embeddable":true,"href":"https:\/\/proctogastro.com.br\/index.php\/wp-json\/wp\/v2\/comments?post=154"}],"version-history":[{"count":6,"href":"https:\/\/proctogastro.com.br\/index.php\/wp-json\/wp\/v2\/pages\/154\/revisions"}],"predecessor-version":[{"id":2339,"href":"https:\/\/proctogastro.com.br\/index.php\/wp-json\/wp\/v2\/pages\/154\/revisions\/2339"}],"up":[{"embeddable":true,"href":"https:\/\/proctogastro.com.br\/index.php\/wp-json\/wp\/v2\/pages\/116"}],"wp:featuredmedia":[{"embeddable":true,"href":"https:\/\/proctogastro.com.br\/index.php\/wp-json\/wp\/v2\/media\/1654"}],"wp:attachment":[{"href":"https:\/\/proctogastro.com.br\/index.php\/wp-json\/wp\/v2\/media?parent=154"}],"curies":[{"name":"wp","href":"https:\/\/api.w.org\/{rel}","templated":true}]}}