{"id":1608,"date":"2019-12-17T15:28:36","date_gmt":"2019-12-17T18:28:36","guid":{"rendered":"http:\/\/proctogastro.kinghost.net\/site1\/?page_id=1608"},"modified":"2020-03-12T16:43:28","modified_gmt":"2020-03-12T19:43:28","slug":"programas-especiais","status":"publish","type":"page","link":"https:\/\/proctogastro.com.br\/index.php\/programas-especiais\/","title":{"rendered":"Programas Especiais"},"content":{"rendered":"<div id=\"pl-1608\"  class=\"panel-layout\" ><div id=\"pg-1608-0\"  class=\"panel-grid panel-no-style\" ><div id=\"pgc-1608-0-0\"  class=\"panel-grid-cell\" ><div id=\"panel-1608-0-0-0\" class=\"so-panel widget widget_sow-editor panel-first-child panel-last-child\" data-index=\"0\" ><div class=\"so-widget-sow-editor so-widget-sow-editor-base\">\n<div class=\"siteorigin-widget-tinymce textwidget\">\n\t<p>&nbsp;<\/p>\n<p>A Cl\u00ednica Proctogastro oferece programas especias:<\/p>\n<ul>\n<li><a href=\"http:\/\/proctogastro.com.br\/index.php\/especialidades\/cirurgias\/cirurgia-da-obesidade\/programa-qualidade-de-vida-e-saude-pos-cirurgia-bariatrica-e-metabolica\/\">Programa Qualidade de Vida P\u00f3s-Cirurgia Bari\u00e1trica<\/a><\/li>\n<li><a href=\"http:\/\/proctogastro.com.br\/index.php\/programas-especiais\/programa-saude-solidaria\/\">Programa Sa\u00fade Solid\u00e1ria<\/a><\/li>\n<\/ul>\n<p>&nbsp;<\/p>\n<\/div>\n<\/div><\/div><\/div><\/div><\/div>","protected":false},"excerpt":{"rendered":"<p>&nbsp; A Cl\u00ednica Proctogastro oferece programas especias: Programa Qualidade de Vida P\u00f3s-Cirurgia Bari\u00e1trica Programa Sa\u00fade Solid\u00e1ria &nbsp;<\/p>\n","protected":false},"author":1,"featured_media":29,"parent":0,"menu_order":0,"comment_status":"closed","ping_status":"closed","template":"","meta":{"_joinchat":[]},"_links":{"self":[{"href":"https:\/\/proctogastro.com.br\/index.php\/wp-json\/wp\/v2\/pages\/1608"}],"collection":[{"href":"https:\/\/proctogastro.com.br\/index.php\/wp-json\/wp\/v2\/pages"}],"about":[{"href":"https:\/\/proctogastro.com.br\/index.php\/wp-json\/wp\/v2\/types\/page"}],"author":[{"embeddable":true,"href":"https:\/\/proctogastro.com.br\/index.php\/wp-json\/wp\/v2\/users\/1"}],"replies":[{"embeddable":true,"href":"https:\/\/proctogastro.com.br\/index.php\/wp-json\/wp\/v2\/comments?post=1608"}],"version-history":[{"count":8,"href":"https:\/\/proctogastro.com.br\/index.php\/wp-json\/wp\/v2\/pages\/1608\/revisions"}],"predecessor-version":[{"id":2350,"href":"https:\/\/proctogastro.com.br\/index.php\/wp-json\/wp\/v2\/pages\/1608\/revisions\/2350"}],"wp:featuredmedia":[{"embeddable":true,"href":"https:\/\/proctogastro.com.br\/index.php\/wp-json\/wp\/v2\/media\/29"}],"wp:attachment":[{"href":"https:\/\/proctogastro.com.br\/index.php\/wp-json\/wp\/v2\/media?parent=1608"}],"curies":[{"name":"wp","href":"https:\/\/api.w.org\/{rel}","templated":true}]}}