{"id":1621,"date":"2019-12-17T16:47:28","date_gmt":"2019-12-17T19:47:28","guid":{"rendered":"http:\/\/proctogastro.kinghost.net\/site1\/?page_id=1621"},"modified":"2019-12-17T16:49:05","modified_gmt":"2019-12-17T19:49:05","slug":"programa-de-check-up-preventivo","status":"publish","type":"page","link":"https:\/\/proctogastro.com.br\/index.php\/programas-especiais\/programa-de-check-up-preventivo\/","title":{"rendered":"Programa de &#8220;Check-up&#8221; Preventivo"},"content":{"rendered":"<div id=\"pl-1621\"  class=\"panel-layout\" ><div id=\"pg-1621-0\"  class=\"panel-grid panel-no-style\" ><div id=\"pgc-1621-0-0\"  class=\"panel-grid-cell\" ><div id=\"panel-1621-0-0-0\" class=\"so-panel widget widget_sow-editor panel-first-child panel-last-child\" data-index=\"0\" ><div class=\"so-widget-sow-editor so-widget-sow-editor-base\">\n<div class=\"siteorigin-widget-tinymce textwidget\">\n\t<p>A Cl\u00ednica Procto Gastro quer falar com voc\u00ea sobre preven\u00e7\u00e3o. Criado com o objetivo de antecipar-se \u00e0s enfermidades, detectando de modo precoce altera\u00e7\u00f5es no funcionamento do organismo, a Cl\u00ednica Procto Gastro oferece um programa de check-up para a identifica\u00e7\u00e3o de fatores de riscos, propiciando melhor qualidade de vida ao nossos clientes.<\/p>\n<p>No programa\u00a0 \u201cCheck-up Procto Gastro\u201d\u00a0 voc\u00ea \u00e9 avaliado por profissionais focados na preven\u00e7\u00e3o, diagn\u00f3stico e tratamento da obesidade e doen\u00e7a do aparelho digestivo. Tamb\u00e9m poder\u00e1 ser elaborado o programa de check-up de acordo com a necessidade do cliente. Por esses e outros motivos o Check-up Procto Gastro \u00e9 a melhor op\u00e7\u00e3o para realiza\u00e7\u00e3o de avalia\u00e7\u00f5es e programas de preven\u00e7\u00e3o.<\/p>\n<p>&nbsp;<\/p>\n<p><strong>Voc\u00ea \u00e9 um paciente 5 estrelas?<\/strong><\/p>\n<p>A melhor maneira de voc\u00ea cuidar da sua sa\u00fade \u00e9 atrav\u00e9s da Preven\u00e7\u00e3o!<\/p>\n<p>Seja um paciente 5 estrelas e tenha uma vida mais saud\u00e1vel !<\/p>\n<p>Aqui v\u00e3o as dicas para voc\u00ea ser desde j\u00e1 um paciente 5 estrelas.<\/p>\n<ul>\n<li>Seguir uma alimenta\u00e7\u00e3o saud\u00e1vel;<\/li>\n<\/ul>\n<ul>\n<li>Praticar exerc\u00edcios (pelo menos 3 vezes por semana);<\/li>\n<\/ul>\n<ul>\n<li>N\u00e3o fumar;<\/li>\n<\/ul>\n<ul>\n<li>Ingerir bebidas alc\u00f3olicas com modera\u00e7\u00e3o;<\/li>\n<\/ul>\n<ul>\n<li>Visitar seu m\u00e9dico anualmente para uma visita de \"Check up\";<\/li>\n<\/ul>\n<ul>\n<li>Estar com as vacinas em dia \u2013 incluindo T\u00e9tano, Hepatite B, Influenza e Pneumonia;<\/li>\n<\/ul>\n<ul>\n<li>Fazer exames preventivos contra o c\u00e2ncer.<\/li>\n<\/ul>\n<p>1. Mamografia (para as mulheres acima de 40 anos);<br \/>\n2. Colonoscopia (diagn\u00f3stico precoce do c\u00e2ncer de c\u00f3lon (para homens e mulheres acima de 50 anos);<br \/>\n3. Exame de Papanicolau \u2013 preven\u00e7\u00e3o do c\u00e2ncer de colo de \u00fatero nas mulheres.<\/p>\n<p>&nbsp;<\/p>\n<p><strong>\"Check-up\" Procto Gastro<\/strong><\/p>\n<ul>\n<li>Especialidades<\/li>\n<\/ul>\n<p>\u2022\u00a0\u00a0 \u00a0Cl\u00ednica M\u00e9dica<br \/>\n\u2022\u00a0\u00a0 \u00a0Proctologia<br \/>\n\u2022\u00a0\u00a0 \u00a0Gastroenterologia<br \/>\n\u2022\u00a0\u00a0 \u00a0Nutri\u00e7\u00e3o<br \/>\n\u2022\u00a0\u00a0 \u00a0Cirurgi\u00e3o<br \/>\n\u2022\u00a0\u00a0 \u00a0Professor de Educa\u00e7\u00e3o F\u00edsica<\/p>\n<ul>\n<li>Exames<\/li>\n<\/ul>\n<p>\u2022\u00a0\u00a0 \u00a0BioImped\u00e2ncia Corporal<br \/>\n\u2022\u00a0\u00a0 \u00a0Exames Laboratoriais<br \/>\n\u2022\u00a0\u00a0 \u00a0Eletrocardiograma (ECG)<br \/>\n\u2022\u00a0\u00a0 \u00a0Teste Ergom\u00e9trico<br \/>\n\u2022\u00a0\u00a0 \u00a0M.A.P.A.<br \/>\n\u2022\u00a0\u00a0 \u00a0Endoscopia Digestiva Alta<br \/>\n\u2022\u00a0\u00a0 \u00a0Colonoscopia (para homens e mulheres acima de 50 anos)<br \/>\n\u2022\u00a0\u00a0 \u00a0Ultra-sonografia de Abd\u00f4men Total<\/p>\n<\/div>\n<\/div><\/div><\/div><\/div><\/div>","protected":false},"excerpt":{"rendered":"<p>A Cl\u00ednica Procto Gastro quer falar com voc\u00ea sobre preven\u00e7\u00e3o. Criado com o objetivo de antecipar-se \u00e0s enfermidades, detectando de modo precoce altera\u00e7\u00f5es no funcionamento do organismo, a Cl\u00ednica Procto Gastro oferece um programa de check-up para a identifica\u00e7\u00e3o de fatores de riscos, propiciando melhor qualidade de vida ao nossos clientes. No programa\u00a0 \u201cCheck-up Procto &hellip;<\/p>\n","protected":false},"author":1,"featured_media":0,"parent":1608,"menu_order":0,"comment_status":"closed","ping_status":"closed","template":"","meta":{"_joinchat":[]},"_links":{"self":[{"href":"https:\/\/proctogastro.com.br\/index.php\/wp-json\/wp\/v2\/pages\/1621"}],"collection":[{"href":"https:\/\/proctogastro.com.br\/index.php\/wp-json\/wp\/v2\/pages"}],"about":[{"href":"https:\/\/proctogastro.com.br\/index.php\/wp-json\/wp\/v2\/types\/page"}],"author":[{"embeddable":true,"href":"https:\/\/proctogastro.com.br\/index.php\/wp-json\/wp\/v2\/users\/1"}],"replies":[{"embeddable":true,"href":"https:\/\/proctogastro.com.br\/index.php\/wp-json\/wp\/v2\/comments?post=1621"}],"version-history":[{"count":2,"href":"https:\/\/proctogastro.com.br\/index.php\/wp-json\/wp\/v2\/pages\/1621\/revisions"}],"predecessor-version":[{"id":1623,"href":"https:\/\/proctogastro.com.br\/index.php\/wp-json\/wp\/v2\/pages\/1621\/revisions\/1623"}],"up":[{"embeddable":true,"href":"https:\/\/proctogastro.com.br\/index.php\/wp-json\/wp\/v2\/pages\/1608"}],"wp:attachment":[{"href":"https:\/\/proctogastro.com.br\/index.php\/wp-json\/wp\/v2\/media?parent=1621"}],"curies":[{"name":"wp","href":"https:\/\/api.w.org\/{rel}","templated":true}]}}