{"id":1624,"date":"2019-12-17T16:50:17","date_gmt":"2019-12-17T19:50:17","guid":{"rendered":"http:\/\/proctogastro.kinghost.net\/site1\/?page_id=1624"},"modified":"2020-02-12T14:27:17","modified_gmt":"2020-02-12T17:27:17","slug":"programa-saude-solidaria","status":"publish","type":"page","link":"https:\/\/proctogastro.com.br\/index.php\/programas-especiais\/programa-saude-solidaria\/","title":{"rendered":"Programa Sa\u00fade Solid\u00e1ria"},"content":{"rendered":"<div id=\"pl-1624\"  class=\"panel-layout\" ><div id=\"pg-1624-0\"  class=\"panel-grid panel-no-style\" ><div id=\"pgc-1624-0-0\"  class=\"panel-grid-cell\" ><div id=\"panel-1624-0-0-0\" class=\"so-panel widget widget_sow-editor panel-first-child panel-last-child\" data-index=\"0\" ><div class=\"so-widget-sow-editor so-widget-sow-editor-base\">\n<div class=\"siteorigin-widget-tinymce textwidget\">\n\t<p>Esse programa \u00e9 voltado aos usu\u00e1rios do Sistema \u00danico de Sa\u00fade (SUS), em que consultas e exames s\u00e3o oferecidos com pre\u00e7os especiais.<\/p>\n<p>Com ele o paciente ganha em conforto, rapidez e seguran\u00e7a no atendimento e nos resultados, pois ser\u00e3o atendidos em uma estrutura confort\u00e1vel, por profissionais altamente qualificados e equipamentos de ponta, al\u00e9m da economia financeira.<\/p>\n<p>Para obter essa vantagem, o paciente deve comparecer \u00e0 Cl\u00ednica PROCTO GASTRO (Av. General\u00edssimo Deodoro, 817) trazendo a guia de solicita\u00e7\u00e3o de consulta ou exame no impresso do SUS.<\/p>\n<p>&nbsp;<\/p>\n<\/div>\n<\/div><\/div><\/div><\/div><div id=\"pg-1624-1\"  class=\"panel-grid panel-no-style\" ><div id=\"pgc-1624-1-0\"  class=\"panel-grid-cell\" ><div id=\"panel-1624-1-0-0\" class=\"so-panel widget widget_sow-image panel-first-child panel-last-child\" data-index=\"1\" ><div class=\"so-widget-sow-image so-widget-sow-image-default-17bc2272b535\">\n\n<div class=\"sow-image-container\">\n\t<img src=\"https:\/\/proctogastro.com.br\/wp-content\/uploads\/2020\/02\/saude-solid\u00e1ria.jpg\" width=\"900\" height=\"281\" srcset=\"https:\/\/proctogastro.com.br\/wp-content\/uploads\/2020\/02\/saude-solid\u00e1ria.jpg 900w, https:\/\/proctogastro.com.br\/wp-content\/uploads\/2020\/02\/saude-solid\u00e1ria-300x94.jpg 300w, https:\/\/proctogastro.com.br\/wp-content\/uploads\/2020\/02\/saude-solid\u00e1ria-768x240.jpg 768w, https:\/\/proctogastro.com.br\/wp-content\/uploads\/2020\/02\/saude-solid\u00e1ria-600x187.jpg 600w\" sizes=\"(max-width: 900px) 100vw, 900px\" title=\"saude solid\u00e1ria\" alt=\"\" \t\tclass=\"so-widget-image\"\/>\n<\/div>\n\n<\/div><\/div><\/div><\/div><\/div>","protected":false},"excerpt":{"rendered":"<p>Esse programa \u00e9 voltado aos usu\u00e1rios do Sistema \u00danico de Sa\u00fade (SUS), em que consultas e exames s\u00e3o oferecidos com pre\u00e7os especiais. Com ele o paciente ganha em conforto, rapidez e seguran\u00e7a no atendimento e nos resultados, pois ser\u00e3o atendidos em uma estrutura confort\u00e1vel, por profissionais altamente qualificados e equipamentos de ponta, al\u00e9m da economia &hellip;<\/p>\n","protected":false},"author":1,"featured_media":0,"parent":1608,"menu_order":0,"comment_status":"closed","ping_status":"closed","template":"","meta":{"_joinchat":[]},"_links":{"self":[{"href":"https:\/\/proctogastro.com.br\/index.php\/wp-json\/wp\/v2\/pages\/1624"}],"collection":[{"href":"https:\/\/proctogastro.com.br\/index.php\/wp-json\/wp\/v2\/pages"}],"about":[{"href":"https:\/\/proctogastro.com.br\/index.php\/wp-json\/wp\/v2\/types\/page"}],"author":[{"embeddable":true,"href":"https:\/\/proctogastro.com.br\/index.php\/wp-json\/wp\/v2\/users\/1"}],"replies":[{"embeddable":true,"href":"https:\/\/proctogastro.com.br\/index.php\/wp-json\/wp\/v2\/comments?post=1624"}],"version-history":[{"count":7,"href":"https:\/\/proctogastro.com.br\/index.php\/wp-json\/wp\/v2\/pages\/1624\/revisions"}],"predecessor-version":[{"id":2087,"href":"https:\/\/proctogastro.com.br\/index.php\/wp-json\/wp\/v2\/pages\/1624\/revisions\/2087"}],"up":[{"embeddable":true,"href":"https:\/\/proctogastro.com.br\/index.php\/wp-json\/wp\/v2\/pages\/1608"}],"wp:attachment":[{"href":"https:\/\/proctogastro.com.br\/index.php\/wp-json\/wp\/v2\/media?parent=1624"}],"curies":[{"name":"wp","href":"https:\/\/api.w.org\/{rel}","templated":true}]}}