{"id":1721,"date":"2020-01-08T12:13:42","date_gmt":"2020-01-08T15:13:42","guid":{"rendered":"http:\/\/proctogastro.kinghost.net\/site1\/?page_id=1721"},"modified":"2020-03-12T10:22:30","modified_gmt":"2020-03-12T13:22:30","slug":"cirurgia-oncologica","status":"publish","type":"page","link":"https:\/\/proctogastro.com.br\/index.php\/especialidades\/cirurgias\/cirurgia-oncologica\/","title":{"rendered":"Cirurgia Oncol\u00f3gica"},"content":{"rendered":"<div id=\"pl-1721\"  class=\"panel-layout\" ><div id=\"pg-1721-0\"  class=\"panel-grid panel-no-style\" ><div id=\"pgc-1721-0-0\"  class=\"panel-grid-cell\" ><div id=\"panel-1721-0-0-0\" class=\"so-panel widget widget_sow-editor panel-first-child panel-last-child\" data-index=\"0\" ><div class=\"so-widget-sow-editor so-widget-sow-editor-base\">\n<div class=\"siteorigin-widget-tinymce textwidget\">\n\t<p>\u00c9 um Servi\u00e7o completo no tratamento do c\u00e2ncer, comandado por um cirurgi\u00e3o oncol\u00f3gico, pois a cirurgia \u00e9 o principal m\u00e9todo de tratamento curativo para a maioria dos tumores. Assim, os pacientes, com suspeita de c\u00e2ncer, devem ter em mente que, desde o in\u00edcio da investiga\u00e7\u00e3o at\u00e9 a defini\u00e7\u00e3o do melhor esquema de tratamento, a participa\u00e7\u00e3o do cirurgi\u00e3o oncol\u00f3gico \u00e9 fundamental. Trata-se do especialista no tratamento do c\u00e2ncer, e fundamental na defini\u00e7\u00e3o da estrat\u00e9gia para o diagn\u00f3stico e, posteriormente, o melhor esquema de tratamento, atrav\u00e9s de uma abordagem multiprofissional com a participa\u00e7\u00e3o de oncologista cl\u00ednico e radio-oncologista. \u00c9 essa defini\u00e7\u00e3o da estrat\u00e9gia que resultar\u00e1 numa melhor ades\u00e3o e sucesso do tratamento.<\/p>\n<p>Atualmente, devido a exist\u00eancia de profissionais cada vez mais especializados, ocorre uma divis\u00e3o entre os especialistas para cada segmento, como mastologistas, urologistas, cirurgi\u00f5es de t\u00f3rax, cirurgi\u00f5es de cabe\u00e7a e pesco\u00e7o, dentre outros. No nosso servi\u00e7o, oferecemos o que se tem de mais atual no tratamento cir\u00fargico dos tumores do aparelho digestivo (tumores de es\u00f4fago, est\u00f4mago, p\u00e2ncreas, f\u00edgado, ves\u00edcula, vias biliares, col\u00f3n, reto e canal anal) e ginecol\u00f3gicos (tumor de colo do \u00fatero, endom\u00e9trio, ov\u00e1rio e vulva), tanto de maneira convencional (cirurgia aberta) quanto por via minimamente invasiva (cirurgia por v\u00eddeo laparoscopia)<\/p>\n<p>\u00c9 um servi\u00e7o composto por uma equipe multiprofissional com cirurgi\u00e3o oncol\u00f3gico, oncologista cl\u00ednico, servi\u00e7o de suporte nutricional, psic\u00f3loga e enfermeira, com experi\u00eancia no diagn\u00f3stico, tratamento e acompanhamento de pacientes com c\u00e2ncer.<\/p>\n<p>&nbsp;<\/p>\n<\/div>\n<\/div><\/div><\/div><\/div><div id=\"pg-1721-1\"  class=\"panel-grid panel-no-style\" ><div id=\"pgc-1721-1-0\"  class=\"panel-grid-cell\" ><div id=\"panel-1721-1-0-0\" class=\"so-panel widget widget_sow-editor panel-first-child panel-last-child\" data-index=\"1\" ><div class=\"so-widget-sow-editor so-widget-sow-editor-base\">\n<div class=\"siteorigin-widget-tinymce textwidget\">\n\t<p><img decoding=\"async\" loading=\"lazy\" class=\"alignnone wp-image-2168 size-full\" src=\"http:\/\/proctogastro.kinghost.net\/site1\/wp-content\/uploads\/2020\/02\/cirurgiaoncologica01.png\" alt=\"\" width=\"600\" height=\"341\" srcset=\"https:\/\/proctogastro.com.br\/wp-content\/uploads\/2020\/02\/cirurgiaoncologica01.png 600w, https:\/\/proctogastro.com.br\/wp-content\/uploads\/2020\/02\/cirurgiaoncologica01-300x171.png 300w\" sizes=\"(max-width: 600px) 100vw, 600px\" \/><\/p>\n<\/div>\n<\/div><\/div><\/div><div id=\"pgc-1721-1-1\"  class=\"panel-grid-cell\" ><div id=\"panel-1721-1-1-0\" class=\"so-panel widget widget_sow-editor panel-first-child panel-last-child\" data-index=\"2\" ><div class=\"so-widget-sow-editor so-widget-sow-editor-base\">\n<div class=\"siteorigin-widget-tinymce textwidget\">\n\t<p><img decoding=\"async\" loading=\"lazy\" class=\"alignnone wp-image-2167 size-full\" src=\"http:\/\/proctogastro.kinghost.net\/site1\/wp-content\/uploads\/2020\/02\/cirurgiaoncologica02.png\" alt=\"\" width=\"600\" height=\"341\" srcset=\"https:\/\/proctogastro.com.br\/wp-content\/uploads\/2020\/02\/cirurgiaoncologica02.png 600w, https:\/\/proctogastro.com.br\/wp-content\/uploads\/2020\/02\/cirurgiaoncologica02-300x171.png 300w\" sizes=\"(max-width: 600px) 100vw, 600px\" \/><\/p>\n<\/div>\n<\/div><\/div><\/div><\/div><div id=\"pg-1721-2\"  class=\"panel-grid panel-no-style\" ><div id=\"pgc-1721-2-0\"  class=\"panel-grid-cell panel-grid-cell-empty\" ><\/div><\/div><div id=\"pg-1721-3\"  class=\"panel-grid panel-no-style\" ><div id=\"pgc-1721-3-0\"  class=\"panel-grid-cell\" ><div id=\"panel-1721-3-0-0\" class=\"so-panel widget widget_sow-editor panel-first-child panel-last-child\" data-index=\"3\" ><div class=\"so-widget-sow-editor so-widget-sow-editor-base\">\n<div class=\"siteorigin-widget-tinymce textwidget\">\n\t<h3>Procedimentos relacionados a Cirurgia Oncol\u00f3gica<\/h3>\n<p>&nbsp;<\/p>\n<\/div>\n<\/div><\/div><\/div><\/div><div id=\"pg-1721-4\"  class=\"panel-grid panel-no-style\" ><div id=\"pgc-1721-4-0\"  class=\"panel-grid-cell panel-grid-cell-empty\" ><\/div><\/div><div id=\"pg-1721-5\"  class=\"panel-grid panel-no-style\" ><div id=\"pgc-1721-5-0\"  class=\"panel-grid-cell\" ><div id=\"panel-1721-5-0-0\" class=\"so-panel widget widget_sow-editor panel-first-child\" data-index=\"4\" ><div class=\"so-widget-sow-editor so-widget-sow-editor-base\">\n<div class=\"siteorigin-widget-tinymce textwidget\">\n\t<h6 style=\"text-align: center;\"><a href=\"http:\/\/proctogastro.com.br\/index.php\/exames-2\/endoscopia\/video-endoscopia-digestiva-alta\/\"><span class=\"icon-container\"><span class=\"fa mp mp-checkin-hospital fa-3x\"><\/span><\/span><\/a><\/h6>\n<h6 style=\"text-align: center;\"><a href=\"http:\/\/proctogastro.com.br\/index.php\/exames-2\/endoscopia\/video-endoscopia-digestiva-alta\/\">V\u00eddeo Endoscopia Digestiva Alta<\/a><\/h6>\n<h6 style=\"text-align: center;\"><\/h6>\n<\/div>\n<\/div><\/div><div id=\"panel-1721-5-0-1\" class=\"so-panel widget widget_sow-editor panel-last-child\" data-index=\"5\" ><div class=\"so-widget-sow-editor so-widget-sow-editor-base\">\n<div class=\"siteorigin-widget-tinymce textwidget\">\n\t<h6 style=\"text-align: center;\"><a href=\"http:\/\/proctogastro.com.br\/index.php\/exames-2\/endoscopia\/retossigmoidoscopia-rigida-ou-flexivel\/\"><span class=\"icon-container\"><span class=\"fa mp mp-checkin-hospital fa-3x\"><\/span><\/span><\/a><\/h6>\n<h6 style=\"text-align: center;\"><a href=\"http:\/\/proctogastro.com.br\/index.php\/exames-2\/endoscopia\/retossigmoidoscopia-rigida-ou-flexivel\/\">Retossigmoidoscopia<\/a><\/h6>\n<h6 style=\"text-align: center;\"><\/h6>\n<\/div>\n<\/div><\/div><\/div><div id=\"pgc-1721-5-1\"  class=\"panel-grid-cell\" ><div id=\"panel-1721-5-1-0\" class=\"so-panel widget widget_sow-editor panel-first-child\" data-index=\"6\" ><div class=\"so-widget-sow-editor so-widget-sow-editor-base\">\n<div class=\"siteorigin-widget-tinymce textwidget\">\n\t<h6 style=\"text-align: center;\"><a href=\"http:\/\/proctogastro.com.br\/index.php\/exames-2\/endoscopia\/video-colonoscopia\/\"><span class=\"icon-container\"><span class=\"fa mp mp-checkin-hospital fa-3x\"><\/span><\/span><\/a><\/h6>\n<h6 style=\"text-align: center;\"><a href=\"http:\/\/proctogastro.com.br\/index.php\/exames-2\/endoscopia\/video-colonoscopia\/\">V\u00eddeo Colonoscopia<\/a><\/h6>\n<\/div>\n<\/div><\/div><div id=\"panel-1721-5-1-1\" class=\"so-panel widget widget_sow-editor panel-last-child\" data-index=\"7\" ><div class=\"so-widget-sow-editor so-widget-sow-editor-base\">\n<div class=\"siteorigin-widget-tinymce textwidget\">\n\t<h6 style=\"text-align: center;\"><a href=\"http:\/\/proctogastro.com.br\/index.php\/exames-2\/ultrassonografia\/\"><span class=\"icon-container\"><span class=\"fa mp mp-checkin-hospital fa-3x\"><\/span><\/span><\/a><\/h6>\n<h6 style=\"text-align: center;\"><a href=\"http:\/\/proctogastro.com.br\/index.php\/exames-2\/ultrassonografia\/\">Ultrassonografia<\/a><\/h6>\n<\/div>\n<\/div><\/div><\/div><\/div><div id=\"pg-1721-6\"  class=\"panel-grid panel-has-style\" ><div class=\"panel-row-style panel-row-style-for-1721-6\" ><div id=\"pgc-1721-6-0\"  class=\"panel-grid-cell\" ><div id=\"panel-1721-6-0-0\" class=\"so-panel widget widget_pw_call_to_action widget-call-to-action panel-first-child panel-last-child\" data-index=\"8\" ><div class=\"panel-widget-style panel-widget-style-for-1721-6-0-0\" >\t\t\t\t<div class=\"call-to-action\">\n\t\t\t\t\t<div class=\"call-to-action__text\">\n\t\t\t\t\t\t<h2 class=\"call-to-action__title\">\n\t\t\t\t\t\t\tQuer marcar uma consulta ou tirar uma d\u00favida?\t\t\t\t\t\t<\/h2>\n\t\t\t\t\t\t\t\t\t\t\t<\/div>\n\t\t\t\t\t<div class=\"call-to-action__button\">\n\t\t\t\t\t\t<a class=\"btn  btn-secondary\" href=\"http:\/\/proctogastro.com.br\/index.php\/contato\/\" target=\"_self\"> Clique aqui<\/a>\t\t\t\t\t<\/div>\n\t\t\t\t<\/div>\n\t\t\t<\/div><\/div><\/div><\/div><\/div><\/div>","protected":false},"excerpt":{"rendered":"<p>\u00c9 um Servi\u00e7o completo no tratamento do c\u00e2ncer, comandado por um cirurgi\u00e3o oncol\u00f3gico, pois a cirurgia \u00e9 o principal m\u00e9todo de tratamento curativo para a maioria dos tumores. Assim, os pacientes, com suspeita de c\u00e2ncer, devem ter em mente que, desde o in\u00edcio da investiga\u00e7\u00e3o at\u00e9 a defini\u00e7\u00e3o do melhor esquema de tratamento, a participa\u00e7\u00e3o &hellip;<\/p>\n","protected":false},"author":1,"featured_media":2167,"parent":1280,"menu_order":0,"comment_status":"closed","ping_status":"closed","template":"","meta":{"_joinchat":[]},"_links":{"self":[{"href":"https:\/\/proctogastro.com.br\/index.php\/wp-json\/wp\/v2\/pages\/1721"}],"collection":[{"href":"https:\/\/proctogastro.com.br\/index.php\/wp-json\/wp\/v2\/pages"}],"about":[{"href":"https:\/\/proctogastro.com.br\/index.php\/wp-json\/wp\/v2\/types\/page"}],"author":[{"embeddable":true,"href":"https:\/\/proctogastro.com.br\/index.php\/wp-json\/wp\/v2\/users\/1"}],"replies":[{"embeddable":true,"href":"https:\/\/proctogastro.com.br\/index.php\/wp-json\/wp\/v2\/comments?post=1721"}],"version-history":[{"count":18,"href":"https:\/\/proctogastro.com.br\/index.php\/wp-json\/wp\/v2\/pages\/1721\/revisions"}],"predecessor-version":[{"id":2311,"href":"https:\/\/proctogastro.com.br\/index.php\/wp-json\/wp\/v2\/pages\/1721\/revisions\/2311"}],"up":[{"embeddable":true,"href":"https:\/\/proctogastro.com.br\/index.php\/wp-json\/wp\/v2\/pages\/1280"}],"wp:featuredmedia":[{"embeddable":true,"href":"https:\/\/proctogastro.com.br\/index.php\/wp-json\/wp\/v2\/media\/2167"}],"wp:attachment":[{"href":"https:\/\/proctogastro.com.br\/index.php\/wp-json\/wp\/v2\/media?parent=1721"}],"curies":[{"name":"wp","href":"https:\/\/api.w.org\/{rel}","templated":true}]}}