{"id":1727,"date":"2020-01-08T12:17:50","date_gmt":"2020-01-08T15:17:50","guid":{"rendered":"http:\/\/proctogastro.kinghost.net\/site1\/?page_id=1727"},"modified":"2020-03-12T15:30:09","modified_gmt":"2020-03-12T18:30:09","slug":"obesidade","status":"publish","type":"page","link":"https:\/\/proctogastro.com.br\/index.php\/especialidades\/obesidade\/","title":{"rendered":"Obesidade"},"content":{"rendered":"<div id=\"pl-1727\"  class=\"panel-layout\" ><div id=\"pg-1727-0\"  class=\"panel-grid panel-no-style\" ><div id=\"pgc-1727-0-0\"  class=\"panel-grid-cell\" ><div id=\"panel-1727-0-0-0\" class=\"so-panel widget widget_sow-editor panel-first-child\" data-index=\"0\" ><div class=\"so-widget-sow-editor so-widget-sow-editor-base\">\n<div class=\"siteorigin-widget-tinymce textwidget\">\n\t<h3><\/h3>\n<p>\u00c9 um servi\u00e7o especializado no tratamento endosc\u00f3pico e cir\u00fargico da obesidade atrav\u00e9s das v\u00e1rias t\u00e9cnicas (Bal\u00e3o intrag\u00e1strico, Gastrectomia em Manga (sleeve), Banda g\u00e1strica ajust\u00e1vel, \u201cbypass\u201d g\u00e1strico em Y de Roux, Cirurgia de Scopinaro e \u201cDuodenal switch\u201d). \u00c9 composto por uma equipe multiprofissional com experi\u00eancia no preparo e acompanhamento p\u00f3s-operat\u00f3rio de pacientes submetidos ao tratamento endosc\u00f3pico ou cir\u00fargico da obesidade. Este Servi\u00e7o iniciou suas atividades em 2002 e foi pioneiro ao realizar a primeira cirurgia por via laparosc\u00f3pica para tratamento da obesidade m\u00f3rbida no Par\u00e1. Desde o in\u00edcio, oferecemos um atendimento multidisciplinar e todos os m\u00e9todos s\u00e3o aceitos mundialmente como eficazes no tratamento da obesidade, de maneiras que atualmente \u00e9 conhecido em todo o Brasil, tendo v\u00e1rios de seus membros sido convidados para palestras em eventos m\u00e9dicos e congressos no Brasil.<\/p>\n<\/div>\n<\/div><\/div><div id=\"panel-1727-0-0-1\" class=\"so-panel widget widget_sow-editor panel-last-child\" data-index=\"1\" ><div class=\"so-widget-sow-editor so-widget-sow-editor-base\">\n<div class=\"siteorigin-widget-tinymce textwidget\">\n\t<p><img decoding=\"async\" loading=\"lazy\" class=\"alignnone wp-image-1162 size-medium\" src=\"http:\/\/proctogastro.kinghost.net\/site1\/wp-content\/uploads\/2019\/12\/pg-obesidade-02-300x182.jpg\" alt=\"\" width=\"300\" height=\"182\" srcset=\"https:\/\/proctogastro.com.br\/wp-content\/uploads\/2019\/12\/pg-obesidade-02-300x182.jpg 300w, https:\/\/proctogastro.com.br\/wp-content\/uploads\/2019\/12\/pg-obesidade-02-768x467.jpg 768w, https:\/\/proctogastro.com.br\/wp-content\/uploads\/2019\/12\/pg-obesidade-02-600x365.jpg 600w, https:\/\/proctogastro.com.br\/wp-content\/uploads\/2019\/12\/pg-obesidade-02.jpg 799w\" sizes=\"(max-width: 300px) 100vw, 300px\" \/>\u00a0 \u00a0\u00a0 \u00a0 <img decoding=\"async\" loading=\"lazy\" class=\"alignnone wp-image-1161 size-medium\" src=\"http:\/\/proctogastro.kinghost.net\/site1\/wp-content\/uploads\/2019\/12\/pg-obesidade-01-300x182.jpg\" alt=\"\" width=\"300\" height=\"182\" srcset=\"https:\/\/proctogastro.com.br\/wp-content\/uploads\/2019\/12\/pg-obesidade-01-300x182.jpg 300w, https:\/\/proctogastro.com.br\/wp-content\/uploads\/2019\/12\/pg-obesidade-01-768x467.jpg 768w, https:\/\/proctogastro.com.br\/wp-content\/uploads\/2019\/12\/pg-obesidade-01-600x365.jpg 600w, https:\/\/proctogastro.com.br\/wp-content\/uploads\/2019\/12\/pg-obesidade-01.jpg 799w\" sizes=\"(max-width: 300px) 100vw, 300px\" \/><\/p>\n<p>&nbsp;<\/p>\n<\/div>\n<\/div><\/div><\/div><\/div><div id=\"pg-1727-1\"  class=\"panel-grid panel-no-style\" ><div id=\"pgc-1727-1-0\"  class=\"panel-grid-cell panel-grid-cell-empty\" ><\/div><\/div><div id=\"pg-1727-2\"  class=\"panel-grid panel-no-style\" ><div id=\"pgc-1727-2-0\"  class=\"panel-grid-cell\" ><div id=\"panel-1727-2-0-0\" class=\"so-panel widget widget_sow-editor panel-first-child panel-last-child\" data-index=\"2\" ><div class=\"so-widget-sow-editor so-widget-sow-editor-base\">\n<div class=\"siteorigin-widget-tinymce textwidget\">\n\t<h3>Procedimentos relacionados a obesidade<\/h3>\n<p>&nbsp;<\/p>\n<\/div>\n<\/div><\/div><\/div><\/div><div id=\"pg-1727-3\"  class=\"panel-grid panel-no-style\" ><div id=\"pgc-1727-3-0\"  class=\"panel-grid-cell\" ><div id=\"panel-1727-3-0-0\" class=\"so-panel widget widget_sow-editor panel-first-child panel-last-child\" data-index=\"3\" ><div class=\"so-widget-sow-editor so-widget-sow-editor-base\">\n<div class=\"siteorigin-widget-tinymce textwidget\">\n\t<h6 style=\"text-align: center;\"><a href=\"http:\/\/proctogastro.com.br\/index.php\/especialidades\/cirurgias\/cirurgia-da-obesidade\/balao-intragastrico\/\"><span class=\"icon-container\"><span class=\"fa mp mp-checkin-hospital fa-3x\"><\/span><\/span><\/a><\/h6>\n<h6 style=\"text-align: center;\"><a href=\"http:\/\/proctogastro.com.br\/index.php\/especialidades\/cirurgias\/cirurgia-da-obesidade\/balao-intragastrico\/\">Bal\u00e3o Intrag\u00e1strico<\/a><\/h6>\n<h6 style=\"text-align: center;\"><\/h6>\n<\/div>\n<\/div><\/div><\/div><div id=\"pgc-1727-3-1\"  class=\"panel-grid-cell\" ><div id=\"panel-1727-3-1-0\" class=\"so-panel widget widget_sow-editor panel-first-child panel-last-child\" data-index=\"4\" ><div class=\"so-widget-sow-editor so-widget-sow-editor-base\">\n<div class=\"siteorigin-widget-tinymce textwidget\">\n\t<h6 style=\"text-align: center;\"><a href=\"http:\/\/proctogastro.com.br\/index.php\/especialidades\/cirurgias\/cirurgia-da-obesidade\/gastrectomia-em-manga-ou-sleeve-gastrectomy-sg\/\"><span class=\"icon-container\"><span class=\"fa mp mp-checkin-hospital fa-3x\"><\/span><\/span><\/a><\/h6>\n<h6 style=\"text-align: center;\"><a href=\"http:\/\/proctogastro.com.br\/index.php\/especialidades\/cirurgias\/cirurgia-da-obesidade\/gastrectomia-em-manga-ou-sleeve-gastrectomy-sg\/\">Cirurgia da Gastrectomia em Manga (sleeve)<\/a><\/h6>\n<h6 style=\"text-align: center;\"><\/h6>\n<\/div>\n<\/div><\/div><\/div><\/div><div id=\"pg-1727-4\"  class=\"panel-grid panel-no-style\" ><div id=\"pgc-1727-4-0\"  class=\"panel-grid-cell\" ><div id=\"panel-1727-4-0-0\" class=\"so-panel widget widget_sow-editor panel-first-child panel-last-child\" data-index=\"5\" ><div class=\"so-widget-sow-editor so-widget-sow-editor-base\">\n<div class=\"siteorigin-widget-tinymce textwidget\">\n\t<h6 style=\"text-align: center;\"><a href=\"http:\/\/proctogastro.com.br\/index.php\/especialidades\/cirurgias\/cirurgia-da-obesidade\/cirurgia-da-banda-gastrica-ajustavel\/\"><span class=\"icon-container\"><span class=\"fa mp mp-checkin-hospital fa-3x\"><\/span><\/span><\/a><\/h6>\n<h6 style=\"text-align: center;\"><a href=\"http:\/\/proctogastro.com.br\/index.php\/especialidades\/cirurgias\/cirurgia-da-obesidade\/cirurgia-da-banda-gastrica-ajustavel\/\">Cirurgia da Banda G\u00e1strica Ajust\u00e1vel<\/a><\/h6>\n<h6 style=\"text-align: center;\"><\/h6>\n<\/div>\n<\/div><\/div><\/div><div id=\"pgc-1727-4-1\"  class=\"panel-grid-cell\" ><div id=\"panel-1727-4-1-0\" class=\"so-panel widget widget_sow-editor panel-first-child panel-last-child\" data-index=\"6\" ><div class=\"so-widget-sow-editor so-widget-sow-editor-base\">\n<div class=\"siteorigin-widget-tinymce textwidget\">\n\t<h6 style=\"text-align: center;\"><a href=\"http:\/\/proctogastro.com.br\/index.php\/especialidades\/cirurgias\/cirurgia-da-obesidade\/cirurgia-de-bypass-gastrico-em-y-de-roux\/\"><span class=\"icon-container\"><span class=\"fa mp mp-checkin-hospital fa-3x\"><\/span><\/span><\/a><\/h6>\n<h6 style=\"text-align: center;\"><a href=\"http:\/\/proctogastro.com.br\/index.php\/especialidades\/cirurgias\/cirurgia-da-obesidade\/cirurgia-de-bypass-gastrico-em-y-de-roux\/\">Cirurgia de \u201cbypass\u201d g\u00e1strico em Y de Roux<\/a><\/h6>\n<h6 style=\"text-align: center;\"><\/h6>\n<\/div>\n<\/div><\/div><\/div><\/div><div id=\"pg-1727-5\"  class=\"panel-grid panel-no-style\" ><div id=\"pgc-1727-5-0\"  class=\"panel-grid-cell\" ><div id=\"panel-1727-5-0-0\" class=\"so-panel widget widget_sow-editor panel-first-child panel-last-child\" data-index=\"7\" ><div class=\"so-widget-sow-editor so-widget-sow-editor-base\">\n<div class=\"siteorigin-widget-tinymce textwidget\">\n\t<h6 style=\"text-align: center;\"><a href=\"http:\/\/proctogastro.com.br\/index.php\/especialidades\/cirurgias\/cirurgia-da-obesidade\/cirurgia-de-scopinaro\/\"><span class=\"icon-container\"><span class=\"fa mp mp-checkin-hospital fa-3x\"><\/span><\/span><\/a><\/h6>\n<h6 style=\"text-align: center;\"><a href=\"http:\/\/proctogastro.com.br\/index.php\/especialidades\/cirurgias\/cirurgia-da-obesidade\/cirurgia-de-scopinaro\/\">Cirurgia de Scopinaro<\/a><\/h6>\n<h6 style=\"text-align: center;\"><\/h6>\n<\/div>\n<\/div><\/div><\/div><div id=\"pgc-1727-5-1\"  class=\"panel-grid-cell\" ><div id=\"panel-1727-5-1-0\" class=\"so-panel widget widget_sow-editor panel-first-child panel-last-child\" data-index=\"8\" ><div class=\"so-widget-sow-editor so-widget-sow-editor-base\">\n<div class=\"siteorigin-widget-tinymce textwidget\">\n\t<h6 style=\"text-align: center;\"><a href=\"http:\/\/proctogastro.com.br\/index.php\/especialidades\/cirurgias\/cirurgia-da-obesidade\/cirurgia-de-duodenal-switch\/\"><span class=\"icon-container\"><span class=\"fa mp mp-checkin-hospital fa-3x\"><\/span><\/span><\/a><\/h6>\n<h6 style=\"text-align: center;\"><a href=\"http:\/\/proctogastro.com.br\/index.php\/especialidades\/cirurgias\/cirurgia-da-obesidade\/cirurgia-de-duodenal-switch\/\">Cirurgia de \u201cDuodenal switch\u201d<\/a><\/h6>\n<h6 style=\"text-align: center;\"><\/h6>\n<\/div>\n<\/div><\/div><\/div><\/div><div id=\"pg-1727-6\"  class=\"panel-grid panel-has-style\" ><div class=\"panel-row-style panel-row-style-for-1727-6\" ><div id=\"pgc-1727-6-0\"  class=\"panel-grid-cell\" ><div id=\"panel-1727-6-0-0\" class=\"so-panel widget widget_pw_call_to_action widget-call-to-action panel-first-child panel-last-child\" data-index=\"9\" ><div class=\"panel-widget-style panel-widget-style-for-1727-6-0-0\" >\t\t\t\t<div class=\"call-to-action\">\n\t\t\t\t\t<div class=\"call-to-action__text\">\n\t\t\t\t\t\t<h2 class=\"call-to-action__title\">\n\t\t\t\t\t\t\tCirurgia para Obesidade (Bari\u00e1trica)\t\t\t\t\t\t<\/h2>\n\t\t\t\t\t\t\t\t\t\t\t\t<p class=\"call-to-action__subtitle\">\n\t\t\t\t\t\t\tCentro de Refer\u00eancia no Tratamento Endosc\u00f3pico e Cir\u00fargico da Obesidade\t\t\t\t\t\t<\/p>\n\t\t\t\t\t\t\t\t\t\t\t<\/div>\n\t\t\t\t\t<div class=\"call-to-action__button\">\n\t\t\t\t\t\t<a class=\"btn  btn-secondary\" href=\"http:\/\/proctogastro.com.br\/index.php\/especialidades\/cirurgias\/cirurgia-da-obesidade\/\" target=\"_self\"> Saiba Mais<\/a>\t\t\t\t\t<\/div>\n\t\t\t\t<\/div>\n\t\t\t<\/div><\/div><\/div><\/div><\/div><\/div>","protected":false},"excerpt":{"rendered":"<p>\u00c9 um servi\u00e7o especializado no tratamento endosc\u00f3pico e cir\u00fargico da obesidade atrav\u00e9s das v\u00e1rias t\u00e9cnicas (Bal\u00e3o intrag\u00e1strico, Gastrectomia em Manga (sleeve), Banda g\u00e1strica ajust\u00e1vel, \u201cbypass\u201d g\u00e1strico em Y de Roux, Cirurgia de Scopinaro e \u201cDuodenal switch\u201d). \u00c9 composto por uma equipe multiprofissional com experi\u00eancia no preparo e acompanhamento p\u00f3s-operat\u00f3rio de pacientes submetidos ao tratamento endosc\u00f3pico &hellip;<\/p>\n","protected":false},"author":1,"featured_media":1161,"parent":116,"menu_order":0,"comment_status":"closed","ping_status":"closed","template":"","meta":{"_joinchat":[]},"_links":{"self":[{"href":"https:\/\/proctogastro.com.br\/index.php\/wp-json\/wp\/v2\/pages\/1727"}],"collection":[{"href":"https:\/\/proctogastro.com.br\/index.php\/wp-json\/wp\/v2\/pages"}],"about":[{"href":"https:\/\/proctogastro.com.br\/index.php\/wp-json\/wp\/v2\/types\/page"}],"author":[{"embeddable":true,"href":"https:\/\/proctogastro.com.br\/index.php\/wp-json\/wp\/v2\/users\/1"}],"replies":[{"embeddable":true,"href":"https:\/\/proctogastro.com.br\/index.php\/wp-json\/wp\/v2\/comments?post=1727"}],"version-history":[{"count":17,"href":"https:\/\/proctogastro.com.br\/index.php\/wp-json\/wp\/v2\/pages\/1727\/revisions"}],"predecessor-version":[{"id":2327,"href":"https:\/\/proctogastro.com.br\/index.php\/wp-json\/wp\/v2\/pages\/1727\/revisions\/2327"}],"up":[{"embeddable":true,"href":"https:\/\/proctogastro.com.br\/index.php\/wp-json\/wp\/v2\/pages\/116"}],"wp:featuredmedia":[{"embeddable":true,"href":"https:\/\/proctogastro.com.br\/index.php\/wp-json\/wp\/v2\/media\/1161"}],"wp:attachment":[{"href":"https:\/\/proctogastro.com.br\/index.php\/wp-json\/wp\/v2\/media?parent=1727"}],"curies":[{"name":"wp","href":"https:\/\/api.w.org\/{rel}","templated":true}]}}