{"id":1950,"date":"2020-01-23T15:16:46","date_gmt":"2020-01-23T18:16:46","guid":{"rendered":"http:\/\/proctogastro.kinghost.net\/site1\/?page_id=1950"},"modified":"2020-02-12T08:56:48","modified_gmt":"2020-02-12T11:56:48","slug":"trabalhe-conosco","status":"publish","type":"page","link":"https:\/\/proctogastro.com.br\/index.php\/trabalhe-conosco\/","title":{"rendered":"Trabalhe Conosco"},"content":{"rendered":"<div id=\"pl-1950\"  class=\"panel-layout\" ><div id=\"pg-1950-0\"  class=\"panel-grid panel-has-style\" ><div class=\"siteorigin-panels-stretch panel-row-style panel-row-style-for-1950-0\" data-stretch-type=\"full\" ><div id=\"pgc-1950-0-0\"  class=\"panel-grid-cell\" ><div id=\"panel-1950-0-0-0\" class=\"so-panel widget widget_sow-editor panel-first-child\" data-index=\"0\" ><div class=\"so-widget-sow-editor so-widget-sow-editor-base\">\n<div class=\"siteorigin-widget-tinymce textwidget\">\n\t<h3 style=\"text-align: center;\">Se voc\u00ea deseja fazer parte de nossa equipe, preencha o formul\u00e1rio.<\/h3>\n<\/div>\n<\/div><\/div><div id=\"panel-1950-0-0-1\" class=\"so-panel widget widget_sow-editor panel-last-child\" data-index=\"1\" ><div class=\"so-widget-sow-editor so-widget-sow-editor-base\">\n<div class=\"siteorigin-widget-tinymce textwidget\">\n\t<div role=\"form\" class=\"wpcf7\" id=\"wpcf7-f1953-o1\" lang=\"en-US\" dir=\"ltr\">\n<div class=\"screen-reader-response\"><\/div>\n<form action=\"\/index.php\/wp-json\/wp\/v2\/pages\/1950#wpcf7-f1953-o1\" method=\"post\" class=\"wpcf7-form\" novalidate=\"novalidate\">\n<div style=\"display: none;\">\n<input type=\"hidden\" name=\"_wpcf7\" value=\"1953\" \/>\n<input type=\"hidden\" name=\"_wpcf7_version\" value=\"5.1.7\" \/>\n<input type=\"hidden\" name=\"_wpcf7_locale\" value=\"en_US\" \/>\n<input type=\"hidden\" name=\"_wpcf7_unit_tag\" value=\"wpcf7-f1953-o1\" \/>\n<input type=\"hidden\" name=\"_wpcf7_container_post\" value=\"0\" \/>\n<\/div>\n<div class=\"row\">\n<div class=\"col-xs-12\">\n<div>Selecione o cargo desejado*<br \/>\n    <span class=\"wpcf7-form-control-wrap your-subject\"><select name=\"your-subject\" class=\"wpcf7-form-control wpcf7-select wpcf7-validates-as-required form-control\" aria-required=\"true\" aria-invalid=\"false\"><option value=\"---\">---<\/option><option value=\"M\u00e9dico\">M\u00e9dico<\/option><option value=\"Enfermagem\">Enfermagem<\/option><option value=\"Recepcionista\">Recepcionista<\/option><option value=\"Setor Administrativo\">Setor Administrativo<\/option><option value=\"Coordena\u00e7\u00e3o de Atendimento\">Coordena\u00e7\u00e3o de Atendimento<\/option><option value=\"Servi\u00e7os Gerais\">Servi\u00e7os Gerais<\/option><\/select><\/span> <\/div>\n<div class=\"col-xs-12  col-lg-4\">\n    <span class=\"wpcf7-form-control-wrap your-name\"><input type=\"text\" name=\"your-name\" value=\"\" size=\"40\" class=\"wpcf7-form-control wpcf7-text wpcf7-validates-as-required form-control\" aria-required=\"true\" aria-invalid=\"false\" placeholder=\"Nome*\" \/><\/span>\n  <\/div>\n<div class=\"col-xs-12  col-lg-4\">\n    <span class=\"wpcf7-form-control-wrap your-phone\"><input type=\"tel\" name=\"your-phone\" value=\"\" size=\"40\" class=\"wpcf7-form-control wpcf7-text wpcf7-tel wpcf7-validates-as-tel form-control\" aria-invalid=\"false\" placeholder=\"Telefone*\" \/><\/span>\n  <\/div>\n<div class=\"col-xs-12  col-lg-4\">\n    <span class=\"wpcf7-form-control-wrap your-email\"><input type=\"email\" name=\"your-email\" value=\"\" size=\"40\" class=\"wpcf7-form-control wpcf7-text wpcf7-email wpcf7-validates-as-required wpcf7-validates-as-email form-control\" aria-required=\"true\" aria-invalid=\"false\" placeholder=\"E-mail*\" \/><\/span>\n  <\/div>\n<div class=\"col-xs-12\">\n    <span class=\"wpcf7-form-control-wrap your-message\"><textarea name=\"your-message\" cols=\"40\" rows=\"10\" class=\"wpcf7-form-control wpcf7-textarea form-control\" aria-invalid=\"false\" placeholder=\"S\u00edntese Curricular\"><\/textarea><\/span><input type=\"submit\" value=\"Enviar Mensagem\" class=\"wpcf7-form-control wpcf7-submit btn btn-secondary\" \/>\n  <\/div>\n<\/div>\n<div class=\"wpcf7-response-output wpcf7-display-none\"><\/div><\/form><\/div>\n<\/div>\n<\/div><\/div><\/div><\/div><\/div><div id=\"pg-1950-1\"  class=\"panel-grid panel-no-style\" ><div id=\"pgc-1950-1-0\"  class=\"panel-grid-cell panel-grid-cell-empty\" ><\/div><\/div><div id=\"pg-1950-2\"  class=\"panel-grid panel-no-style\" ><div id=\"pgc-1950-2-0\"  class=\"panel-grid-cell\" ><div id=\"panel-1950-2-0-0\" class=\"so-panel widget widget_pw_person_profile widget-person-profile panel-first-child\" data-index=\"2\" >\n\t<div class=\"person-profile  h-card\">\n\t\t\t\t\t\t<div class=\"person-profile__container\">\n\t\t\t<div class=\"person-profile__basic-info\">\n\t\t\t\t\t\t\t\t\t<h4 class=\"person-profile__name  p-name\">\n\t\t\t\t\t\t\t\t\t\tContatos\t\t\t\t\t\t\t\t\t\t<\/h4>\n\t\t\t\t\n\t\t\t\t\n\t\t\t<\/div>\n\n\t\t\t\n\t\t\t\n\t\t\t\t\t\t\t<div class=\"person-profile__icon-list  icon-list\">\n\t\t\t\t\t\t\t\t\t\t\t<a href=\"tel:9133475990\" class=\"icon-list__item  icon-list__item--featured\">\n\t\t\t\t\t\t\t<i class=\"fa  fa-phone\" aria-hidden=\"true\"><\/i>\n\t\t\t\t\t\t\t\t\t\t\t\t\t\t<div class=\"icon-list__content\">\n\t\t\t\t\t\t\t\t<div class=\"icon-list__description\">\n\t\t\t\t\t\t\t\t\t\t\t\t\t\t\t\t\t<\/div>\n\t\t\t\t\t\t\t\t\t\t\t\t\t\t\t<div class=\"icon-list__text\">\n\t\t\t\t\t\t\t\t\t(91) 3347-5990\t\t\t\t\t\t\t\t<\/div>\n\t\t\t\t\t\t\t\t\t\t\t\t\t\t<\/div>\n\t\t\t\t\t\t\t\t\t\t\t\t\t<\/a>\n\t\t\t\t\t\t\t\t\t\t\t<a href=\"tel:913347-5991\" class=\"icon-list__item  icon-list__item--featured\">\n\t\t\t\t\t\t\t<i class=\"fa  fa-phone\" aria-hidden=\"true\"><\/i>\n\t\t\t\t\t\t\t\t\t\t\t\t\t\t<div class=\"icon-list__content\">\n\t\t\t\t\t\t\t\t<div class=\"icon-list__description\">\n\t\t\t\t\t\t\t\t\t\t\t\t\t\t\t\t\t<\/div>\n\t\t\t\t\t\t\t\t\t\t\t\t\t\t\t<div class=\"icon-list__text\">\n\t\t\t\t\t\t\t\t\t(91) 3347-5991\t\t\t\t\t\t\t\t<\/div>\n\t\t\t\t\t\t\t\t\t\t\t\t\t\t<\/div>\n\t\t\t\t\t\t\t\t\t\t\t\t\t<\/a>\n\t\t\t\t\t\t\t\t\t\t\t<a href=\"tel:9130858620\" class=\"icon-list__item  icon-list__item--featured\">\n\t\t\t\t\t\t\t<i class=\"fa  fa-phone\" aria-hidden=\"true\"><\/i>\n\t\t\t\t\t\t\t\t\t\t\t\t\t\t<div class=\"icon-list__content\">\n\t\t\t\t\t\t\t\t<div class=\"icon-list__description\">\n\t\t\t\t\t\t\t\t\t\t\t\t\t\t\t\t\t<\/div>\n\t\t\t\t\t\t\t\t\t\t\t\t\t\t\t<div class=\"icon-list__text\">\n\t\t\t\t\t\t\t\t\t(91) 3085-8620\t\t\t\t\t\t\t\t<\/div>\n\t\t\t\t\t\t\t\t\t\t\t\t\t\t<\/div>\n\t\t\t\t\t\t\t\t\t\t\t\t\t<\/a>\n\t\t\t\t\t\t\t\t\t\t\t<a href=\"tel:9132247675\" class=\"icon-list__item  icon-list__item--featured\">\n\t\t\t\t\t\t\t<i class=\"fa  fa-phone\" aria-hidden=\"true\"><\/i>\n\t\t\t\t\t\t\t\t\t\t\t\t\t\t<div class=\"icon-list__content\">\n\t\t\t\t\t\t\t\t<div class=\"icon-list__description\">\n\t\t\t\t\t\t\t\t\t\t\t\t\t\t\t\t\t<\/div>\n\t\t\t\t\t\t\t\t\t\t\t\t\t\t\t<div class=\"icon-list__text\">\n\t\t\t\t\t\t\t\t\t(91) 3224-7675\t\t\t\t\t\t\t\t<\/div>\n\t\t\t\t\t\t\t\t\t\t\t\t\t\t<\/div>\n\t\t\t\t\t\t\t\t\t\t\t\t\t<\/a>\n\t\t\t\t\t\t\t\t\t<\/div>\n\t\t\t\n\t\t\t\n\t\t<\/div>\n\t<\/div>\n\n<\/div><div id=\"panel-1950-2-0-1\" class=\"so-panel widget widget_pw_person_profile widget-person-profile panel-last-child\" data-index=\"3\" >\n\t<div class=\"person-profile  h-card\">\n\t\t\t\t\t\t<div class=\"person-profile__container\">\n\t\t\t<div class=\"person-profile__basic-info\">\n\t\t\t\t\t\t\t\t\t<h4 class=\"person-profile__name  p-name\">\n\t\t\t\t\t\t\t\t\t\tWhatsapp\t\t\t\t\t\t\t\t\t\t<\/h4>\n\t\t\t\t\n\t\t\t\t\n\t\t\t<\/div>\n\n\t\t\t\n\t\t\t\n\t\t\t\t\t\t\t<div class=\"person-profile__icon-list  icon-list\">\n\t\t\t\t\t\t\t\t\t\t\t<a href=\"tel:98481-4066\" class=\"icon-list__item  icon-list__item--featured\">\n\t\t\t\t\t\t\t<i class=\"fa  fa-whatsapp\" aria-hidden=\"true\"><\/i>\n\t\t\t\t\t\t\t\t\t\t\t\t\t\t<div class=\"icon-list__content\">\n\t\t\t\t\t\t\t\t<div class=\"icon-list__description\">\n\t\t\t\t\t\t\t\t\t\t\t\t\t\t\t\t\t<\/div>\n\t\t\t\t\t\t\t\t\t\t\t\t\t\t\t<div class=\"icon-list__text\">\n\t\t\t\t\t\t\t\t\t(91) 98481-4066\t\t\t\t\t\t\t\t<\/div>\n\t\t\t\t\t\t\t\t\t\t\t\t\t\t<\/div>\n\t\t\t\t\t\t\t\t\t\t\t\t\t<\/a>\n\t\t\t\t\t\t\t\t\t<\/div>\n\t\t\t\n\t\t\t\n\t\t<\/div>\n\t<\/div>\n\n<\/div><\/div><div id=\"pgc-1950-2-1\"  class=\"panel-grid-cell\" ><div id=\"panel-1950-2-1-0\" class=\"so-panel widget widget_pw_person_profile widget-person-profile panel-first-child\" data-index=\"4\" >\n\t<div class=\"person-profile  h-card\">\n\t\t\t\t\t\t<div class=\"person-profile__container\">\n\t\t\t<div class=\"person-profile__basic-info\">\n\t\t\t\t\t\t\t\t\t<h4 class=\"person-profile__name  p-name\">\n\t\t\t\t\t\t\t\t\t\tEndere\u00e7o\t\t\t\t\t\t\t\t\t\t<\/h4>\n\t\t\t\t\n\t\t\t\t\n\t\t\t<\/div>\n\n\t\t\t\n\t\t\t\n\t\t\t\t\t\t\t<div class=\"person-profile__icon-list  icon-list\">\n\t\t\t\t\t\t\t\t\t\t\t<div class=\"icon-list__item  icon-list__item--featured\">\n\t\t\t\t\t\t\t<i class=\"fa  fa-home\" aria-hidden=\"true\"><\/i>\n\t\t\t\t\t\t\t\t\t\t\t\t\t\t<div class=\"icon-list__content\">\n\t\t\t\t\t\t\t\t<div class=\"icon-list__description\">\n\t\t\t\t\t\t\t\t\t\t\t\t\t\t\t\t\t<\/div>\n\t\t\t\t\t\t\t\t\t\t\t\t\t\t\t<div class=\"icon-list__text\">\n\t\t\t\t\t\t\t\t\tAv. General\u00edssimo Deodoro, 817 - Entre Boaventura e Jo\u00e3o Balbi - Nazar\u00e9, Bel\u00e9m - PA\t\t\t\t\t\t\t\t<\/div>\n\t\t\t\t\t\t\t\t\t\t\t\t\t\t<\/div>\n\t\t\t\t\t\t\t\t\t\t\t\t\t<\/div>\n\t\t\t\t\t\t\t\t\t\t\t<div class=\"icon-list__item  icon-list__item--featured\">\n\t\t\t\t\t\t\t<i class=\"fa  fa-envelope-o\" aria-hidden=\"true\"><\/i>\n\t\t\t\t\t\t\t\t\t\t\t\t\t\t<div class=\"icon-list__content\">\n\t\t\t\t\t\t\t\t<div class=\"icon-list__description\">\n\t\t\t\t\t\t\t\t\tEmail\t\t\t\t\t\t\t\t<\/div>\n\t\t\t\t\t\t\t\t\t\t\t\t\t\t\t<div class=\"icon-list__text\">\n\t\t\t\t\t\t\t\t\tcontato@proctogastro.com.br\t\t\t\t\t\t\t\t<\/div>\n\t\t\t\t\t\t\t\t\t\t\t\t\t\t<\/div>\n\t\t\t\t\t\t\t\t\t\t\t\t\t<\/div>\n\t\t\t\t\t\t\t\t\t<\/div>\n\t\t\t\n\t\t\t\n\t\t<\/div>\n\t<\/div>\n\n<\/div><div id=\"panel-1950-2-1-1\" class=\"so-panel widget widget_pw_person_profile widget-person-profile panel-last-child\" data-index=\"5\" >\n\t<div class=\"person-profile  h-card\">\n\t\t\t\t\t\t<div class=\"person-profile__container\">\n\t\t\t<div class=\"person-profile__basic-info\">\n\t\t\t\t\t\t\t\t\t<h4 class=\"person-profile__name  p-name\">\n\t\t\t\t\t\t\t\t\t\tNos siga em nossas rede socias\t\t\t\t\t\t\t\t\t\t<\/h4>\n\t\t\t\t\n\t\t\t\t\n\t\t\t<\/div>\n\n\t\t\t\n\t\t\t\n\t\t\t\t\t\t\t<div class=\"person-profile__icon-list  icon-list\">\n\t\t\t\t\t\t\t\t\t\t\t<a href=\"https:\/\/www.facebook.com\/clinica.proctogastro\/\" class=\"icon-list__item  icon-list__item--default\">\n\t\t\t\t\t\t\t<i class=\"fa  fa-facebook\" aria-hidden=\"true\"><\/i>\n\t\t\t\t\t\t\t\t\t\t\t\t\t\t\t<div class=\"icon-list__text\">\n\t\t\t\t\t\t\t\t\tFacebook\/clinica.proctogastro\t\t\t\t\t\t\t\t<\/div>\n\t\t\t\t\t\t\t\t\t\t\t\t\t<\/a>\n\t\t\t\t\t\t\t\t\t\t\t<a href=\"https:\/\/www.instagram.com\/proctogastro\/\" class=\"icon-list__item  icon-list__item--default\">\n\t\t\t\t\t\t\t<i class=\"fa  fa-instagram\" aria-hidden=\"true\"><\/i>\n\t\t\t\t\t\t\t\t\t\t\t\t\t\t\t<div class=\"icon-list__text\">\n\t\t\t\t\t\t\t\t\tInstagram\/proctogastro\t\t\t\t\t\t\t\t<\/div>\n\t\t\t\t\t\t\t\t\t\t\t\t\t<\/a>\n\t\t\t\t\t\t\t\t\t<\/div>\n\t\t\t\n\t\t\t\n\t\t<\/div>\n\t<\/div>\n\n<\/div><\/div><div id=\"pgc-1950-2-2\"  class=\"panel-grid-cell\" ><div id=\"panel-1950-2-2-0\" class=\"so-panel widget widget_sow-editor panel-first-child\" data-index=\"6\" ><div class=\"panel-widget-style panel-widget-style-for-1950-2-2-0\" ><div class=\"so-widget-sow-editor so-widget-sow-editor-base\">\n<div class=\"siteorigin-widget-tinymce textwidget\">\n\t<h6 class=\"person-profile__name p-name\"><img decoding=\"async\" loading=\"lazy\" class=\"alignnone wp-image-1176 size-medium\" src=\"http:\/\/proctogastro.kinghost.net\/site1\/wp-content\/uploads\/2019\/12\/frente-clinica-procto-300x191.jpg\" alt=\"\" width=\"300\" height=\"191\" srcset=\"https:\/\/proctogastro.com.br\/wp-content\/uploads\/2019\/12\/frente-clinica-procto-300x191.jpg 300w, https:\/\/proctogastro.com.br\/wp-content\/uploads\/2019\/12\/frente-clinica-procto-1024x651.jpg 1024w, https:\/\/proctogastro.com.br\/wp-content\/uploads\/2019\/12\/frente-clinica-procto-768x488.jpg 768w, https:\/\/proctogastro.com.br\/wp-content\/uploads\/2019\/12\/frente-clinica-procto-1536x977.jpg 1536w, https:\/\/proctogastro.com.br\/wp-content\/uploads\/2019\/12\/frente-clinica-procto-600x382.jpg 600w, https:\/\/proctogastro.com.br\/wp-content\/uploads\/2019\/12\/frente-clinica-procto.jpg 2044w\" sizes=\"(max-width: 300px) 100vw, 300px\" \/><\/h6>\n<\/div>\n<\/div><\/div><\/div><div id=\"panel-1950-2-2-1\" class=\"so-panel widget widget_sow-editor\" data-index=\"7\" ><div class=\"panel-widget-style panel-widget-style-for-1950-2-2-1\" ><div class=\"so-widget-sow-editor so-widget-sow-editor-base\">\n<div class=\"siteorigin-widget-tinymce textwidget\">\n\t<h6 class=\"person-profile__name p-name\">Hor\u00e1rio de Funcionamento<\/h6>\n<\/div>\n<\/div><\/div><\/div><div id=\"panel-1950-2-2-2\" class=\"so-panel widget widget_pw_opening_time widget-opening-time panel-last-child\" data-index=\"8\" ><div class=\"panel-widget-style panel-widget-style-for-1950-2-2-2\" >\t\t\t<div class=\"opening-time\">\n\t\t\t\t\t\t\t<div class=\"opening-time__item\">\n\t\t\t\t\t<div class=\"opening-time__day\">\n\t\t\t\t\t\tSeg - Qui\t\t\t\t\t<\/div>\n\t\t\t\t\t<div class=\"opening-time__time\">\n\t\t\t\t\t\t07:00 - 19:00\t\t\t\t\t<\/div>\n\t\t\t\t<\/div>\n\t\t\t\t\t\t\t<div class=\"opening-time__item\">\n\t\t\t\t\t<div class=\"opening-time__day\">\n\t\t\t\t\t\tSex\t\t\t\t\t<\/div>\n\t\t\t\t\t<div class=\"opening-time__time\">\n\t\t\t\t\t\t07:00 - 18:00\t\t\t\t\t<\/div>\n\t\t\t\t<\/div>\n\t\t\t\t\t\t\t<div class=\"opening-time__item\">\n\t\t\t\t\t<div class=\"opening-time__day\">\n\t\t\t\t\t\tS\u00e1b\t\t\t\t\t<\/div>\n\t\t\t\t\t<div class=\"opening-time__time\">\n\t\t\t\t\t\t7:00 - 12:00\t\t\t\t\t<\/div>\n\t\t\t\t<\/div>\n\t\t\t\t\t\t\t<div class=\"opening-time__item\">\n\t\t\t\t\t<div class=\"opening-time__day\">\n\t\t\t\t\t\tDom\t\t\t\t\t<\/div>\n\t\t\t\t\t<div class=\"opening-time__time\">\n\t\t\t\t\t\tFechado\t\t\t\t\t<\/div>\n\t\t\t\t<\/div>\n\t\t\t\t\t\t<\/div>\n\t\t<\/div><\/div><\/div><\/div><\/div>","protected":false},"excerpt":{"rendered":"<p>Se voc\u00ea deseja fazer parte de nossa equipe, preencha o formul\u00e1rio.<\/p>\n","protected":false},"author":1,"featured_media":0,"parent":0,"menu_order":0,"comment_status":"closed","ping_status":"closed","template":"","meta":{"_joinchat":[]},"_links":{"self":[{"href":"https:\/\/proctogastro.com.br\/index.php\/wp-json\/wp\/v2\/pages\/1950"}],"collection":[{"href":"https:\/\/proctogastro.com.br\/index.php\/wp-json\/wp\/v2\/pages"}],"about":[{"href":"https:\/\/proctogastro.com.br\/index.php\/wp-json\/wp\/v2\/types\/page"}],"author":[{"embeddable":true,"href":"https:\/\/proctogastro.com.br\/index.php\/wp-json\/wp\/v2\/users\/1"}],"replies":[{"embeddable":true,"href":"https:\/\/proctogastro.com.br\/index.php\/wp-json\/wp\/v2\/comments?post=1950"}],"version-history":[{"count":14,"href":"https:\/\/proctogastro.com.br\/index.php\/wp-json\/wp\/v2\/pages\/1950\/revisions"}],"predecessor-version":[{"id":2014,"href":"https:\/\/proctogastro.com.br\/index.php\/wp-json\/wp\/v2\/pages\/1950\/revisions\/2014"}],"wp:attachment":[{"href":"https:\/\/proctogastro.com.br\/index.php\/wp-json\/wp\/v2\/media?parent=1950"}],"curies":[{"name":"wp","href":"https:\/\/api.w.org\/{rel}","templated":true}]}}