{"id":2056,"date":"2020-02-12T11:49:38","date_gmt":"2020-02-12T14:49:38","guid":{"rendered":"http:\/\/proctogastro.kinghost.net\/site1\/?page_id=2056"},"modified":"2020-03-12T16:32:27","modified_gmt":"2020-03-12T19:32:27","slug":"preparo-de-exames","status":"publish","type":"page","link":"https:\/\/proctogastro.com.br\/index.php\/exames-2\/preparo-de-exames\/","title":{"rendered":"Preparo de Exames"},"content":{"rendered":"<div id=\"pl-2056\"  class=\"panel-layout\" ><div id=\"pg-2056-0\"  class=\"panel-grid panel-no-style\" ><div id=\"pgc-2056-0-0\"  class=\"panel-grid-cell\" ><div id=\"panel-2056-0-0-0\" class=\"so-panel widget widget_sow-editor panel-first-child panel-last-child\" data-index=\"0\" ><div class=\"so-widget-sow-editor so-widget-sow-editor-base\">\n<div class=\"siteorigin-widget-tinymce textwidget\">\n\t<p>- Preparo de Exames, clique no exame para ler as orienta\u00e7\u00f5es!<\/p>\n<p><a href=\"http:\/\/proctogastro.com.br\/index.php\/exames-2\/endoscopia\/video-endoscopia-digestiva-alta\/\">01- V\u00eddeo Endoscopia Digestiva Alta<\/a><\/p>\n<p><a href=\"http:\/\/proctogastro.com.br\/index.php\/exames-2\/endoscopia\/video-colonoscopia\/\">02- V\u00eddeo Colonoscopia<\/a><\/p>\n<p><a href=\"http:\/\/proctogastro.com.br\/index.php\/exames-2\/endoscopia\/retossigmoidoscopia-rigida-ou-flexivel\/\">03- Retossigmoidoscopia R\u00edgida ou Flex\u00edvel<\/a><\/p>\n<p><a href=\"http:\/\/proctogastro.com.br\/index.php\/exames-2\/procedimentos-endoscopicos\/\">04- Procedimentos Endosc\u00f3picos Intervencionistas<\/a><\/p>\n<p><a href=\"http:\/\/proctogastro.com.br\/index.php\/exames-2\/endoscopia\/video-laparoscopia\/\">05- Exame de V\u00eddeo Laparoscopia<\/a><\/p>\n<p><a href=\"http:\/\/proctogastro.com.br\/index.php\/exames-2\/fisiologia-digestiva\/phmetria-esofagica-de-24h\/\">06- pHmetria Esof\u00e1gica de 24 Horas<\/a><\/p>\n<p><a href=\"http:\/\/proctogastro.com.br\/index.php\/exames-2\/fisiologia-digestiva\/impedanciophmetria-esofagica-de-24h\/\">07- ImpedanciopHmetria Esof\u00e1gica de 24 Horas<\/a><\/p>\n<p><a href=\"http:\/\/proctogastro.com.br\/index.php\/exames-2\/fisiologia-digestiva\/manometria-esofagica-alta-resolucao\/\">08- Manometria Esof\u00e1gica Convencional ou de Alta Resolu\u00e7\u00e3o<\/a><\/p>\n<p><a href=\"http:\/\/proctogastro.com.br\/index.php\/exames-2\/fisiologia-digestiva\/manometria-anorretal\/\">09- Manometria Anorretal Convencional<\/a><\/p>\n<p><a href=\"http:\/\/proctogastro.com.br\/index.php\/exames-2\/fisiologia-digestiva\/determinacao-do-tempo-de-transito-colonico-com-marcadores-radiopacos\/\">10- Determina\u00e7\u00e3o do Tempo de Tr\u00e2nsito Col\u00f4nico com Marcadores Radiopacos<\/a><\/p>\n<p><a href=\"http:\/\/proctogastro.com.br\/index.php\/exames-2\/fisiologia-digestiva\/biofeedback-no-tratamento-das-disfuncoes-do-soalho-pelvico\/\">11- \"<em>Biofeedback<\/em>\" Anorretal<\/a><\/p>\n<p><a href=\"http:\/\/proctogastro.com.br\/index.php\/exames-2\/preparo-de-exames\/preparo-de-exame-ultrassonografia-do-abdomem\/\">12- Ultrassonografia do Abd\u00f4men Total<\/a><\/p>\n<p><a href=\"http:\/\/proctogastro.com.br\/index.php\/exames-2\/preparo-de-exames\/preparo-de-exame-ultrassonografia-do-abdomem\/\">13- Ultrassonografia do Abd\u00f4men Superior<\/a><\/p>\n<p>14- Ultrassonografia das Vias Urin\u00e1rias<\/p>\n<p>15- Ultrassonografia P\u00e9lvica ou Transvaginal<\/p>\n<p>16- Ultrassonografia de Pr\u00f3stata por via Abdominal<\/p>\n<p>17- Ultrassonografia de Pr\u00f3stata Transretal<\/p>\n<p>18- Ultrassonografia Obst\u00e9trica<\/p>\n<p>19- Ultrassonografia de Partes Moles (Tireoide, T\u00f3rax, Mamas, Parede Abdominal, Bolsa Escrotal e Test\u00edculos)<\/p>\n<p>&nbsp;<\/p>\n<\/div>\n<\/div><\/div><\/div><\/div><\/div>","protected":false},"excerpt":{"rendered":"<p>&#8211; Preparo de Exames, clique no exame para ler as orienta\u00e7\u00f5es! 01- V\u00eddeo Endoscopia Digestiva Alta 02- V\u00eddeo Colonoscopia 03- Retossigmoidoscopia R\u00edgida ou Flex\u00edvel 04- Procedimentos Endosc\u00f3picos Intervencionistas 05- Exame de V\u00eddeo Laparoscopia 06- pHmetria Esof\u00e1gica de 24 Horas 07- ImpedanciopHmetria Esof\u00e1gica de 24 Horas 08- Manometria Esof\u00e1gica Convencional ou de Alta Resolu\u00e7\u00e3o 09- Manometria &hellip;<\/p>\n","protected":false},"author":1,"featured_media":0,"parent":1290,"menu_order":0,"comment_status":"closed","ping_status":"closed","template":"","meta":{"_joinchat":[]},"_links":{"self":[{"href":"https:\/\/proctogastro.com.br\/index.php\/wp-json\/wp\/v2\/pages\/2056"}],"collection":[{"href":"https:\/\/proctogastro.com.br\/index.php\/wp-json\/wp\/v2\/pages"}],"about":[{"href":"https:\/\/proctogastro.com.br\/index.php\/wp-json\/wp\/v2\/types\/page"}],"author":[{"embeddable":true,"href":"https:\/\/proctogastro.com.br\/index.php\/wp-json\/wp\/v2\/users\/1"}],"replies":[{"embeddable":true,"href":"https:\/\/proctogastro.com.br\/index.php\/wp-json\/wp\/v2\/comments?post=2056"}],"version-history":[{"count":5,"href":"https:\/\/proctogastro.com.br\/index.php\/wp-json\/wp\/v2\/pages\/2056\/revisions"}],"predecessor-version":[{"id":2346,"href":"https:\/\/proctogastro.com.br\/index.php\/wp-json\/wp\/v2\/pages\/2056\/revisions\/2346"}],"up":[{"embeddable":true,"href":"https:\/\/proctogastro.com.br\/index.php\/wp-json\/wp\/v2\/pages\/1290"}],"wp:attachment":[{"href":"https:\/\/proctogastro.com.br\/index.php\/wp-json\/wp\/v2\/media?parent=2056"}],"curies":[{"name":"wp","href":"https:\/\/api.w.org\/{rel}","templated":true}]}}