{"id":2125,"date":"2020-02-14T08:31:43","date_gmt":"2020-02-14T11:31:43","guid":{"rendered":"http:\/\/proctogastro.kinghost.net\/site1\/?page_id=2125"},"modified":"2020-03-12T16:16:48","modified_gmt":"2020-03-12T19:16:48","slug":"terapia-nutricional","status":"publish","type":"page","link":"https:\/\/proctogastro.com.br\/index.php\/especialidades\/terapia-nutricional\/","title":{"rendered":"Terapia Nutricional"},"content":{"rendered":"<div id=\"pl-2125\"  class=\"panel-layout\" ><div id=\"pg-2125-0\"  class=\"panel-grid panel-no-style\" ><div id=\"pgc-2125-0-0\"  class=\"panel-grid-cell\" ><div id=\"panel-2125-0-0-0\" class=\"so-panel widget widget_sow-editor panel-first-child\" data-index=\"0\" ><div class=\"so-widget-sow-editor so-widget-sow-editor-base\">\n<div class=\"siteorigin-widget-tinymce textwidget\">\n\t<h3><\/h3>\n<p>A Cl\u00ednica Procto Gastro conta com uma Equipe Multiprofissional de Terapia Nutricional (EMTN) completa com o objetivo de dar suporte nutricional oral, enteral ou parenteral, a pacientes desnutridos, ou com risco de desnutri\u00e7\u00e3o, em regime hospitalar, ambulatorial e domiciliar.<\/p>\n<p>A equipe de terapia nutricional faz avalia\u00e7\u00e3o e aplica as melhores formas de suporte nutricional adequadas a cada paciente de forma individualizada. O suporte nutricional geralmente \u00e9 utilizado em pacientes idosos com disfagia (dificuldade de deglutir) ou dem\u00eancia avan\u00e7ada com baixa ingesta alimentar oral, pacientes com c\u00e2ncer, pacientes que sofreram acidente vascular cerebral (AVC), pacientes com sequelas neurol\u00f3gicas, pneumopatas, cardiopatas, diab\u00e9ticos, renais cr\u00f4nicos dial\u00edticos e n\u00e3o dial\u00edticos, \u00a0com baixa ingesta alimentar, ou perda acentuada do peso.<\/p>\n<p>Al\u00e9m de realizar todo tipo de suporte nutricional, a equipe de terapia nutricional realiza passagem de sonda nasoenteral, implante ou troca de gastrostomia endosc\u00f3pica percut\u00e2nea, gastrostomia cir\u00fargica, implante e troca de Button e implante de cateter venoso central duplo l\u00famen.<\/p>\n<\/div>\n<\/div><\/div><div id=\"panel-2125-0-0-1\" class=\"so-panel widget widget_sow-editor panel-last-child\" data-index=\"1\" ><div class=\"so-widget-sow-editor so-widget-sow-editor-base\">\n<div class=\"siteorigin-widget-tinymce textwidget\">\n\t<p style=\"text-align: center;\"><img decoding=\"async\" loading=\"lazy\" class=\"alignnone wp-image-2144 size-medium\" src=\"http:\/\/proctogastro.kinghost.net\/site1\/wp-content\/uploads\/2020\/02\/terapianutricional01-300x266.png\" alt=\"\" width=\"300\" height=\"266\" srcset=\"https:\/\/proctogastro.com.br\/wp-content\/uploads\/2020\/02\/terapianutricional01-300x266.png 300w, https:\/\/proctogastro.com.br\/wp-content\/uploads\/2020\/02\/terapianutricional01.png 420w\" sizes=\"(max-width: 300px) 100vw, 300px\" \/>\u00a0 \u00a0\u00a0 \u00a0 <img decoding=\"async\" loading=\"lazy\" class=\"alignnone wp-image-2143 size-medium\" src=\"http:\/\/proctogastro.kinghost.net\/site1\/wp-content\/uploads\/2020\/02\/terapianutricional02-300x266.png\" alt=\"\" width=\"300\" height=\"266\" srcset=\"https:\/\/proctogastro.com.br\/wp-content\/uploads\/2020\/02\/terapianutricional02-300x266.png 300w, https:\/\/proctogastro.com.br\/wp-content\/uploads\/2020\/02\/terapianutricional02.png 420w\" sizes=\"(max-width: 300px) 100vw, 300px\" \/><\/p>\n<p>&nbsp;<\/p>\n<\/div>\n<\/div><\/div><\/div><\/div><div id=\"pg-2125-1\"  class=\"panel-grid panel-no-style\" ><div id=\"pgc-2125-1-0\"  class=\"panel-grid-cell panel-grid-cell-empty\" ><\/div><\/div><div id=\"pg-2125-2\"  class=\"panel-grid panel-no-style\" ><div id=\"pgc-2125-2-0\"  class=\"panel-grid-cell panel-grid-cell-empty\" ><\/div><\/div><div id=\"pg-2125-3\"  class=\"panel-grid panel-no-style\" ><div id=\"pgc-2125-3-0\"  class=\"panel-grid-cell\" ><div id=\"panel-2125-3-0-0\" class=\"so-panel widget widget_sow-editor panel-first-child panel-last-child\" data-index=\"2\" ><div class=\"so-widget-sow-editor so-widget-sow-editor-base\">\n<div class=\"siteorigin-widget-tinymce textwidget\">\n\t<h3><\/h3>\n<h3>Exames relacionados a Terapia Nutricional<\/h3>\n<p>&nbsp;<\/p>\n<\/div>\n<\/div><\/div><\/div><\/div><div id=\"pg-2125-4\"  class=\"panel-grid panel-no-style\" ><div id=\"pgc-2125-4-0\"  class=\"panel-grid-cell\" ><div id=\"panel-2125-4-0-0\" class=\"so-panel widget widget_sow-editor panel-first-child panel-last-child\" data-index=\"3\" ><div class=\"so-widget-sow-editor so-widget-sow-editor-base\">\n<div class=\"siteorigin-widget-tinymce textwidget\">\n\t<h6 style=\"text-align: center;\"><a href=\"http:\/\/proctogastro.com.br\/index.php\/exames-2\/bioimpendancia-corporal\/\"><span class=\"icon-container\"><span class=\"fa mp mp-checkin-hospital fa-3x\"><\/span><\/span><\/a><\/h6>\n<h6 style=\"text-align: center;\"><a href=\"http:\/\/proctogastro.com.br\/index.php\/exames-2\/bioimpendancia-corporal\/\">Bioimpend\u00e2ncia Corporal<\/a><\/h6>\n<h6 style=\"text-align: center;\"><\/h6>\n<\/div>\n<\/div><\/div><\/div><div id=\"pgc-2125-4-1\"  class=\"panel-grid-cell\" ><div id=\"panel-2125-4-1-0\" class=\"so-panel widget widget_sow-editor panel-first-child panel-last-child\" data-index=\"4\" ><div class=\"so-widget-sow-editor so-widget-sow-editor-base\">\n<div class=\"siteorigin-widget-tinymce textwidget\">\n\t<h6 style=\"text-align: center;\"><a href=\"http:\/\/proctogastro.com.br\/index.php\/exames-2\/procedimentos-endoscopicos\/gastrostomia-por-endoscopia\/\"><span class=\"icon-container\"><span class=\"fa mp mp-checkin-hospital fa-3x\"><\/span><\/span><\/a><\/h6>\n<h6 style=\"text-align: center;\"><a href=\"http:\/\/proctogastro.com.br\/index.php\/exames-2\/procedimentos-endoscopicos\/gastrostomia-por-endoscopia\/\">Gastrostomia End\u00f3sc\u00f3pica Percut\u00e2nea (GEP)<\/a><\/h6>\n<h1 class=\"page-header__title\"><\/h1>\n<h6 style=\"text-align: center;\"><\/h6>\n<\/div>\n<\/div><\/div><\/div><\/div><div id=\"pg-2125-5\"  class=\"panel-grid panel-no-style\" ><div id=\"pgc-2125-5-0\"  class=\"panel-grid-cell panel-grid-cell-empty\" ><\/div><\/div><div id=\"pg-2125-6\"  class=\"panel-grid panel-no-style\" ><div id=\"pgc-2125-6-0\"  class=\"panel-grid-cell panel-grid-cell-empty\" ><\/div><\/div><div id=\"pg-2125-7\"  class=\"panel-grid panel-has-style\" ><div class=\"panel-row-style panel-row-style-for-2125-7\" ><div id=\"pgc-2125-7-0\"  class=\"panel-grid-cell\" ><div id=\"panel-2125-7-0-0\" class=\"so-panel widget widget_pw_call_to_action widget-call-to-action panel-first-child panel-last-child\" data-index=\"5\" ><div class=\"panel-widget-style panel-widget-style-for-2125-7-0-0\" >\t\t\t\t<div class=\"call-to-action\">\n\t\t\t\t\t<div class=\"call-to-action__text\">\n\t\t\t\t\t\t<h2 class=\"call-to-action__title\">\n\t\t\t\t\t\t\tQuer marcar uma consulta ou tirar uma d\u00favida?\t\t\t\t\t\t<\/h2>\n\t\t\t\t\t\t\t\t\t\t\t<\/div>\n\t\t\t\t\t<div class=\"call-to-action__button\">\n\t\t\t\t\t\t<a class=\"btn  btn-secondary\" href=\"http:\/\/proctogastro.com.br\/index.php\/contato\/\" target=\"_self\"> Clique aqui<\/a>\t\t\t\t\t<\/div>\n\t\t\t\t<\/div>\n\t\t\t<\/div><\/div><\/div><\/div><\/div><\/div>","protected":false},"excerpt":{"rendered":"<p>A Cl\u00ednica Procto Gastro conta com uma Equipe Multiprofissional de Terapia Nutricional (EMTN) completa com o objetivo de dar suporte nutricional oral, enteral ou parenteral, a pacientes desnutridos, ou com risco de desnutri\u00e7\u00e3o, em regime hospitalar, ambulatorial e domiciliar. A equipe de terapia nutricional faz avalia\u00e7\u00e3o e aplica as melhores formas de suporte nutricional adequadas &hellip;<\/p>\n","protected":false},"author":1,"featured_media":2144,"parent":116,"menu_order":0,"comment_status":"closed","ping_status":"closed","template":"","meta":{"_joinchat":[]},"_links":{"self":[{"href":"https:\/\/proctogastro.com.br\/index.php\/wp-json\/wp\/v2\/pages\/2125"}],"collection":[{"href":"https:\/\/proctogastro.com.br\/index.php\/wp-json\/wp\/v2\/pages"}],"about":[{"href":"https:\/\/proctogastro.com.br\/index.php\/wp-json\/wp\/v2\/types\/page"}],"author":[{"embeddable":true,"href":"https:\/\/proctogastro.com.br\/index.php\/wp-json\/wp\/v2\/users\/1"}],"replies":[{"embeddable":true,"href":"https:\/\/proctogastro.com.br\/index.php\/wp-json\/wp\/v2\/comments?post=2125"}],"version-history":[{"count":15,"href":"https:\/\/proctogastro.com.br\/index.php\/wp-json\/wp\/v2\/pages\/2125\/revisions"}],"predecessor-version":[{"id":2338,"href":"https:\/\/proctogastro.com.br\/index.php\/wp-json\/wp\/v2\/pages\/2125\/revisions\/2338"}],"up":[{"embeddable":true,"href":"https:\/\/proctogastro.com.br\/index.php\/wp-json\/wp\/v2\/pages\/116"}],"wp:featuredmedia":[{"embeddable":true,"href":"https:\/\/proctogastro.com.br\/index.php\/wp-json\/wp\/v2\/media\/2144"}],"wp:attachment":[{"href":"https:\/\/proctogastro.com.br\/index.php\/wp-json\/wp\/v2\/media?parent=2125"}],"curies":[{"name":"wp","href":"https:\/\/api.w.org\/{rel}","templated":true}]}}