{"id":2184,"date":"2020-02-18T16:19:54","date_gmt":"2020-02-18T19:19:54","guid":{"rendered":"http:\/\/proctogastro.kinghost.net\/site1\/?page_id=2184"},"modified":"2020-03-12T16:34:53","modified_gmt":"2020-03-12T19:34:53","slug":"consentimento-informado-dos-exames-e-procedimentos","status":"publish","type":"page","link":"https:\/\/proctogastro.com.br\/index.php\/exames-2\/consentimento-informado-dos-exames-e-procedimentos\/","title":{"rendered":"Consentimento (Exames e Procedimentos)"},"content":{"rendered":"<div id=\"pl-2184\"  class=\"panel-layout\" ><div id=\"pg-2184-0\"  class=\"panel-grid panel-no-style\" ><div id=\"pgc-2184-0-0\"  class=\"panel-grid-cell\" ><div id=\"panel-2184-0-0-0\" class=\"so-panel widget widget_sow-editor panel-first-child panel-last-child\" data-index=\"0\" ><div class=\"so-widget-sow-editor so-widget-sow-editor-base\">\n<div class=\"siteorigin-widget-tinymce textwidget\">\n\t<p><a href=\"http:\/\/proctogastro.com.br\/wp-content\/uploads\/2020\/02\/Consentimento-Endoscopia.pdf\">Consentimento Informado Endoscopia<\/a><\/p>\n<p><a href=\"http:\/\/proctogastro.com.br\/wp-content\/uploads\/2020\/02\/Consentimento-Colonoscopia.pdf\">Consentimento Informado Colonoscopia<\/a><\/p>\n<p><a href=\"http:\/\/proctogastro.com.br\/wp-content\/uploads\/2020\/02\/Consentimento-Manometria-Esof\u00e1gica-2.pdf\">Consentimento Informado Manometria Esof\u00e1gica Convencional e de Alta Resolu\u00e7\u00e3o<\/a><\/p>\n<p><a href=\"http:\/\/proctogastro.com.br\/wp-content\/uploads\/2020\/02\/Consentimento-MANOMETRIA-ANORRETAL.pdf\">Consentimento Informado Manometria Anorretal<\/a><\/p>\n<p><a href=\"http:\/\/proctogastro.com.br\/wp-content\/uploads\/2020\/02\/Consentimento-pHmetria-esof\u00e1gica-de-24hrs.pdf\">Consentimento Informado pHmetria ou ImpedanciopHmetria de 24 horas<\/a><\/p>\n<p><a href=\"http:\/\/proctogastro.com.br\/wp-content\/uploads\/2020\/02\/CONSENTIMENTO-Balao-obesidade.pdf\">Consentimento Informado para Bal\u00e3o Intrag\u00e1strico para Tratamento da Obesidade<\/a><\/p>\n<p><a href=\"http:\/\/proctogastro.com.br\/wp-content\/uploads\/2020\/02\/CONSENTIMENTO-Gastrostomia-por-EDA.pdf\">Consentimento Informado Gastrostomia Endosc\u00f3pica Percut\u00e2nea (GEP)<\/a><\/p>\n<\/div>\n<\/div><\/div><\/div><\/div><\/div>","protected":false},"excerpt":{"rendered":"<p>Consentimento Informado Endoscopia Consentimento Informado Colonoscopia Consentimento Informado Manometria Esof\u00e1gica Convencional e de Alta Resolu\u00e7\u00e3o Consentimento Informado Manometria Anorretal Consentimento Informado pHmetria ou ImpedanciopHmetria de 24 horas Consentimento Informado para Bal\u00e3o Intrag\u00e1strico para Tratamento da Obesidade Consentimento Informado Gastrostomia Endosc\u00f3pica Percut\u00e2nea (GEP)<\/p>\n","protected":false},"author":1,"featured_media":0,"parent":1290,"menu_order":0,"comment_status":"closed","ping_status":"closed","template":"","meta":{"_joinchat":[]},"_links":{"self":[{"href":"https:\/\/proctogastro.com.br\/index.php\/wp-json\/wp\/v2\/pages\/2184"}],"collection":[{"href":"https:\/\/proctogastro.com.br\/index.php\/wp-json\/wp\/v2\/pages"}],"about":[{"href":"https:\/\/proctogastro.com.br\/index.php\/wp-json\/wp\/v2\/types\/page"}],"author":[{"embeddable":true,"href":"https:\/\/proctogastro.com.br\/index.php\/wp-json\/wp\/v2\/users\/1"}],"replies":[{"embeddable":true,"href":"https:\/\/proctogastro.com.br\/index.php\/wp-json\/wp\/v2\/comments?post=2184"}],"version-history":[{"count":9,"href":"https:\/\/proctogastro.com.br\/index.php\/wp-json\/wp\/v2\/pages\/2184\/revisions"}],"predecessor-version":[{"id":2347,"href":"https:\/\/proctogastro.com.br\/index.php\/wp-json\/wp\/v2\/pages\/2184\/revisions\/2347"}],"up":[{"embeddable":true,"href":"https:\/\/proctogastro.com.br\/index.php\/wp-json\/wp\/v2\/pages\/1290"}],"wp:attachment":[{"href":"https:\/\/proctogastro.com.br\/index.php\/wp-json\/wp\/v2\/media?parent=2184"}],"curies":[{"name":"wp","href":"https:\/\/api.w.org\/{rel}","templated":true}]}}