{"id":2215,"date":"2020-02-19T09:10:15","date_gmt":"2020-02-19T12:10:15","guid":{"rendered":"http:\/\/proctogastro.kinghost.net\/site1\/?page_id=2215"},"modified":"2020-03-02T10:44:07","modified_gmt":"2020-03-02T13:44:07","slug":"cirurgia-de-scopinaro","status":"publish","type":"page","link":"https:\/\/proctogastro.com.br\/index.php\/especialidades\/cirurgias\/cirurgia-da-obesidade\/cirurgia-de-scopinaro\/","title":{"rendered":"Cirurgia de Scopinaro"},"content":{"rendered":"<div id=\"pl-2215\"  class=\"panel-layout\" ><div id=\"pg-2215-0\"  class=\"panel-grid panel-no-style\" ><div id=\"pgc-2215-0-0\"  class=\"panel-grid-cell\" ><div id=\"panel-2215-0-0-0\" class=\"so-panel widget widget_sow-editor panel-first-child\" data-index=\"0\" ><div class=\"so-widget-sow-editor so-widget-sow-editor-base\">\n<div class=\"siteorigin-widget-tinymce textwidget\">\n\t<p>A Cirurgia de Scopinaro consiste na retirada dos 2\/3 distais do est\u00f4mago (o est\u00f4mago \u00e9 cortado transversalmente), seguida da costura do 1\/3 proximal remanescente do est\u00f4mago com o intestino dividido em forma de \u201cY\u201d, de maneira que o alimento ingerido s\u00f3 entra em contato com o suco biliar e pancre\u00e1tico, nos 50 a 100 cm finais do intestino delgado.<\/p>\n<\/div>\n<\/div><\/div><div id=\"panel-2215-0-0-1\" class=\"so-panel widget widget_sow-editor panel-last-child\" data-index=\"1\" ><div class=\"so-widget-sow-editor so-widget-sow-editor-base\">\n<div class=\"siteorigin-widget-tinymce textwidget\">\n\t<p><img decoding=\"async\" loading=\"lazy\" class=\"aligncenter wp-image-2281\" src=\"http:\/\/proctogastro.kinghost.net\/site1\/wp-content\/uploads\/2020\/03\/scopinaro01-300x148.jpg\" alt=\"\" width=\"600\" height=\"296\" srcset=\"https:\/\/proctogastro.com.br\/wp-content\/uploads\/2020\/03\/scopinaro01-300x148.jpg 300w, https:\/\/proctogastro.com.br\/wp-content\/uploads\/2020\/03\/scopinaro01-768x378.jpg 768w, https:\/\/proctogastro.com.br\/wp-content\/uploads\/2020\/03\/scopinaro01-600x296.jpg 600w, https:\/\/proctogastro.com.br\/wp-content\/uploads\/2020\/03\/scopinaro01.jpg 800w\" sizes=\"(max-width: 600px) 100vw, 600px\" \/><\/p>\n<\/div>\n<\/div><\/div><\/div><\/div><\/div>","protected":false},"excerpt":{"rendered":"<p>A Cirurgia de Scopinaro consiste na retirada dos 2\/3 distais do est\u00f4mago (o est\u00f4mago \u00e9 cortado transversalmente), seguida da costura do 1\/3 proximal remanescente do est\u00f4mago com o intestino dividido em forma de \u201cY\u201d, de maneira que o alimento ingerido s\u00f3 entra em contato com o suco biliar e pancre\u00e1tico, nos 50 a 100 cm &hellip;<\/p>\n","protected":false},"author":1,"featured_media":0,"parent":151,"menu_order":0,"comment_status":"closed","ping_status":"closed","template":"","meta":{"_joinchat":[]},"_links":{"self":[{"href":"https:\/\/proctogastro.com.br\/index.php\/wp-json\/wp\/v2\/pages\/2215"}],"collection":[{"href":"https:\/\/proctogastro.com.br\/index.php\/wp-json\/wp\/v2\/pages"}],"about":[{"href":"https:\/\/proctogastro.com.br\/index.php\/wp-json\/wp\/v2\/types\/page"}],"author":[{"embeddable":true,"href":"https:\/\/proctogastro.com.br\/index.php\/wp-json\/wp\/v2\/users\/1"}],"replies":[{"embeddable":true,"href":"https:\/\/proctogastro.com.br\/index.php\/wp-json\/wp\/v2\/comments?post=2215"}],"version-history":[{"count":3,"href":"https:\/\/proctogastro.com.br\/index.php\/wp-json\/wp\/v2\/pages\/2215\/revisions"}],"predecessor-version":[{"id":2282,"href":"https:\/\/proctogastro.com.br\/index.php\/wp-json\/wp\/v2\/pages\/2215\/revisions\/2282"}],"up":[{"embeddable":true,"href":"https:\/\/proctogastro.com.br\/index.php\/wp-json\/wp\/v2\/pages\/151"}],"wp:attachment":[{"href":"https:\/\/proctogastro.com.br\/index.php\/wp-json\/wp\/v2\/media?parent=2215"}],"curies":[{"name":"wp","href":"https:\/\/api.w.org\/{rel}","templated":true}]}}