{"id":2250,"date":"2020-02-19T10:49:11","date_gmt":"2020-02-19T13:49:11","guid":{"rendered":"http:\/\/proctogastro.kinghost.net\/site1\/?page_id=2250"},"modified":"2020-02-19T10:54:08","modified_gmt":"2020-02-19T13:54:08","slug":"preparo-de-exame-ultrassonografia-do-abdomem","status":"publish","type":"page","link":"https:\/\/proctogastro.com.br\/index.php\/exames-2\/preparo-de-exames\/preparo-de-exame-ultrassonografia-do-abdomem\/","title":{"rendered":"Preparo de Exame Ultrassonografia do Abd\u00f4mem"},"content":{"rendered":"<div id=\"pl-2250\"  class=\"panel-layout\" ><div id=\"pg-2250-0\"  class=\"panel-grid panel-no-style\" ><div id=\"pgc-2250-0-0\"  class=\"panel-grid-cell\" ><div id=\"panel-2250-0-0-0\" class=\"so-panel widget widget_sow-editor panel-first-child panel-last-child\" data-index=\"0\" ><div class=\"so-widget-sow-editor so-widget-sow-editor-base\">\n<div class=\"siteorigin-widget-tinymce textwidget\">\n\t<p><strong>V\u00e9spera do Exame<\/strong><\/p>\n<ul>\n<li>Tomar 40 gotas de MYLICON Gotas, uma vez (\u00e0s 20 horas).<\/li>\n<li>Jantar: refei\u00e7\u00e3o leve, sem gordura (ch\u00e1 com torrada, bife grelhado, legumes cozidos em \u00e1gua e sal).<\/li>\n<li>Evitar bebida gasosa (refrigerante, \u00e1gua mineral com g\u00e1s, etc), leite e seus derivados como manteiga e queijo.<\/li>\n<li>Evitar fumo.<\/li>\n<\/ul>\n<p>COMPARECER AO EXAME EM JEJUM<\/p>\n<\/div>\n<\/div><\/div><\/div><\/div><\/div>","protected":false},"excerpt":{"rendered":"<p>V\u00e9spera do Exame Tomar 40 gotas de MYLICON Gotas, uma vez (\u00e0s 20 horas). Jantar: refei\u00e7\u00e3o leve, sem gordura (ch\u00e1 com torrada, bife grelhado, legumes cozidos em \u00e1gua e sal). Evitar bebida gasosa (refrigerante, \u00e1gua mineral com g\u00e1s, etc), leite e seus derivados como manteiga e queijo. Evitar fumo. COMPARECER AO EXAME EM JEJUM<\/p>\n","protected":false},"author":1,"featured_media":0,"parent":2056,"menu_order":0,"comment_status":"closed","ping_status":"closed","template":"","meta":{"_joinchat":[]},"_links":{"self":[{"href":"https:\/\/proctogastro.com.br\/index.php\/wp-json\/wp\/v2\/pages\/2250"}],"collection":[{"href":"https:\/\/proctogastro.com.br\/index.php\/wp-json\/wp\/v2\/pages"}],"about":[{"href":"https:\/\/proctogastro.com.br\/index.php\/wp-json\/wp\/v2\/types\/page"}],"author":[{"embeddable":true,"href":"https:\/\/proctogastro.com.br\/index.php\/wp-json\/wp\/v2\/users\/1"}],"replies":[{"embeddable":true,"href":"https:\/\/proctogastro.com.br\/index.php\/wp-json\/wp\/v2\/comments?post=2250"}],"version-history":[{"count":2,"href":"https:\/\/proctogastro.com.br\/index.php\/wp-json\/wp\/v2\/pages\/2250\/revisions"}],"predecessor-version":[{"id":2252,"href":"https:\/\/proctogastro.com.br\/index.php\/wp-json\/wp\/v2\/pages\/2250\/revisions\/2252"}],"up":[{"embeddable":true,"href":"https:\/\/proctogastro.com.br\/index.php\/wp-json\/wp\/v2\/pages\/2056"}],"wp:attachment":[{"href":"https:\/\/proctogastro.com.br\/index.php\/wp-json\/wp\/v2\/media?parent=2250"}],"curies":[{"name":"wp","href":"https:\/\/api.w.org\/{rel}","templated":true}]}}