{"id":2549,"date":"2022-01-25T14:23:58","date_gmt":"2022-01-25T17:23:58","guid":{"rendered":"http:\/\/proctogastro.com.br\/?page_id=2549"},"modified":"2022-01-25T14:23:58","modified_gmt":"2022-01-25T17:23:58","slug":"enteroscopia-do-intestino-delgado-com-capsula-endoscopica","status":"publish","type":"page","link":"https:\/\/proctogastro.com.br\/index.php\/exames-2\/endoscopia\/enteroscopia-do-intestino-delgado-com-capsula-endoscopica\/","title":{"rendered":"Enteroscopia Do Intestino Delgado Com C\u00e1psula Endosc\u00f3pica"},"content":{"rendered":"<div id=\"pl-2549\"  class=\"panel-layout\" ><div id=\"pg-2549-0\"  class=\"panel-grid panel-no-style\" ><div id=\"pgc-2549-0-0\"  class=\"panel-grid-cell\" ><div id=\"panel-2549-0-0-0\" class=\"so-panel widget widget_sow-editor panel-first-child panel-last-child\" data-index=\"0\" ><div class=\"so-widget-sow-editor so-widget-sow-editor-base\">\n<div class=\"siteorigin-widget-tinymce textwidget\">\n\t<p>\u00c9 um importante m\u00e9todo diagn\u00f3stico das doen\u00e7as do intestino delgado, sendo indicado nos quadros de sangramento de origem obscura, anemia ferropriva de causa desconhecida, hemorragia digestiva onde a endoscopia e a colonoscopia n\u00e3o identificaram a causa do sangramento, Doen\u00e7a de Crohn (conhecida ou suspeitada), diagn\u00f3stico de tumores do intestino delgado, nas s\u00edndromes polipoides e doen\u00e7a cel\u00edaca complicada ou refrat\u00e1ria ao tratamento. Ocasionalmente pode ser indicado nos casos de dor abdominal, diarreia cr\u00f4nica e quadros de desnutri\u00e7\u00e3o em que exames de rotina n\u00e3o conseguiram identificar a causa. O exame n\u00e3o substitui a endoscopia digestiva alta, nem a colonoscopia, ele \u00e9 um exame complementar.<\/p>\n<p>O exame tem como vantagens: n\u00e3o expor o paciente a radia\u00e7\u00e3o ionizante e n\u00e3o necessitar de seda\u00e7\u00e3o.<\/p>\n<ul>\n<li><em><strong>Contra-Indica\u00e7\u00f5es<\/strong><\/em><\/li>\n<\/ul>\n<p>\u00bb estenose intestinal, f\u00edstula digestiva, obstru\u00e7\u00e3o intestinal.<\/p>\n<p>\u00bb gravidez.<\/p>\n<p>\u00bb pacientes com Marca-passo ou dispositivos eletrom\u00e9dicos implantados.<\/p>\n<p>\u00bb relativa em pacientes com dist\u00farbio de degluti\u00e7\u00e3o\/disfagia, pois a c\u00e1psula pode ser implantada no intestino com aux\u00edlio da endoscopia digestiva alta.<\/p>\n<p>&nbsp;<\/p>\n<\/div>\n<\/div><\/div><\/div><div id=\"pgc-2549-0-1\"  class=\"panel-grid-cell\" ><div id=\"panel-2549-0-1-0\" class=\"so-panel widget widget_sow-editor panel-first-child panel-last-child\" data-index=\"1\" ><div class=\"so-widget-sow-editor so-widget-sow-editor-base\">\n<div class=\"siteorigin-widget-tinymce textwidget\">\n\t<p><img decoding=\"async\" loading=\"lazy\" class=\"alignnone wp-image-2552\" src=\"http:\/\/proctogastro.com.br\/wp-content\/uploads\/2022\/01\/enteroscopia-do-intest-delgado02.jpg\" alt=\"\" width=\"400\" height=\"228\" srcset=\"https:\/\/proctogastro.com.br\/wp-content\/uploads\/2022\/01\/enteroscopia-do-intest-delgado02.jpg 360w, https:\/\/proctogastro.com.br\/wp-content\/uploads\/2022\/01\/enteroscopia-do-intest-delgado02-300x171.jpg 300w\" sizes=\"(max-width: 400px) 100vw, 400px\" \/><\/p>\n<p>&nbsp;<\/p>\n<p><img decoding=\"async\" loading=\"lazy\" class=\"alignnone wp-image-2551\" src=\"http:\/\/proctogastro.com.br\/wp-content\/uploads\/2022\/01\/enteroscopia-do-intest-delgado01.jpg\" alt=\"\" width=\"400\" height=\"283\" srcset=\"https:\/\/proctogastro.com.br\/wp-content\/uploads\/2022\/01\/enteroscopia-do-intest-delgado01.jpg 300w, https:\/\/proctogastro.com.br\/wp-content\/uploads\/2022\/01\/enteroscopia-do-intest-delgado01-100x70.jpg 100w\" sizes=\"(max-width: 400px) 100vw, 400px\" \/><\/p>\n<p>&nbsp;<\/p>\n<\/div>\n<\/div><\/div><\/div><\/div><div id=\"pg-2549-1\"  class=\"panel-grid panel-no-style\" ><div id=\"pgc-2549-1-0\"  class=\"panel-grid-cell\" ><div id=\"panel-2549-1-0-0\" class=\"so-panel widget widget_sow-editor panel-first-child panel-last-child\" data-index=\"2\" ><div class=\"so-widget-sow-editor so-widget-sow-editor-base\">\n<div class=\"siteorigin-widget-tinymce textwidget\">\n\t<ul>\n<li><em><strong>O exame\u00a0<\/strong><\/em><\/li>\n<\/ul>\n<p>Inicialmente s\u00e3o fixados alguns eletrodos ou um cintur\u00e3o no abd\u00f4men, e em seguida o paciente ingere uma c\u00e1psula (microc\u00e2mera) de 26.2 mm x 11.4 mm - que permite a visualiza\u00e7\u00e3o do interior do intestino delgado, e eventualmente do c\u00f3lon - e fixado o gravador digital que ir\u00e1 gravar as imagens enviadas pela microc\u00e2mera. O exame n\u00e3o precisa de seda\u00e7\u00e3o e tem dura\u00e7\u00e3o de 8 horas.<\/p>\n<p>&nbsp;<\/p>\n<ul>\n<li><strong>Antes do exame<\/strong><\/li>\n<\/ul>\n<p><em>Se estiver tomando Noripurum\u00ae, suspender 1 semana antes do exame.<\/em><\/p>\n<p>&nbsp;<\/p>\n<ul>\n<li><strong>Preparo para o exame<\/strong><\/li>\n<\/ul>\n<ul>\n<li><strong><em>Na v\u00e9spera do exame \u2013 Dieta sem res\u00edduos.<\/em><\/strong>\n<ul>\n<li>Suspender o cigarro 24 horas antes do exame.<\/li>\n<li>Almo\u00e7ar ao meio-dia: Macarr\u00e3o alho e \u00f3leo (<u>SEM MOLHO<\/u>); arroz; pur\u00ea de batata; ovo cozido; sopa instant\u00e2nea.<\/li>\n<li>Ap\u00f3s o almo\u00e7o ingerir apenas \u00e1gua, ch\u00e1s claros, \u00e1gua de coco, isot\u00f4nicos de lim\u00e3o, tangerina ou maracuj\u00e1 (Gatorade, Jungle, Powerade, TNT, Aptonia, etc.) e suco de frutas como laranja, maracuj\u00e1 ou tangerina, sem sementes e coado a vontade at\u00e9 10 horas antes do hor\u00e1rio do exame. <strong>Proibido a ingesta de s\u00f3lidos, alimentos vermelhos, a\u00e7a\u00ed, frutas, verduras, caf\u00e9, leite e seus derivados.<\/strong><\/li>\n<\/ul>\n<\/li>\n<\/ul>\n<p>&nbsp;<\/p>\n<ul>\n<li><strong><em>No dia do exame<\/em><\/strong>\n<ul>\n<li>Jejum absoluto de pelo menos 8 horas.<\/li>\n<li>N\u00e3o utilizar nenhum creme ou hidratante no abd\u00f4men, pois isso compromete a fixa\u00e7\u00e3o dos eletrodos. Pode haver necessidade de raspagem dos pelos da parede abdominal.<\/li>\n<li>N\u00e3o tomar nenhum medicamento nas 2 horas anteriores ao exame.<\/li>\n<li>Comparecer \u00e0 Cl\u00ednica Procto Gastro no dia e hora marcados com roupas folgadas e de duas pe\u00e7as.<\/li>\n<li>Tomar 100 gotas de simeticona (Luftal\u00ae) ou dimeticona (Filigas\u00ae) 1 hora antes do exame.<\/li>\n<li>Manter Jejum at\u00e9 a passagem da c\u00e1psula para o duodeno (intestino).<\/li>\n<\/ul>\n<\/li>\n<\/ul>\n<p>&nbsp;<\/p>\n<ul>\n<li><strong><em>No dia do exame<\/em><\/strong>\n<ul>\n<li>Jejum absoluto de pelo menos 8 horas.<\/li>\n<li>N\u00e3o utilizar nenhum creme ou hidratante no abd\u00f4men, pois isso compromete a fixa\u00e7\u00e3o dos eletrodos. Pode haver necessidade de raspagem dos pelos da parede abdominal.<\/li>\n<li>N\u00e3o tomar nenhum medicamento nas 2 horas anteriores ao exame.<\/li>\n<li>Comparecer \u00e0 Cl\u00ednica Procto Gastro no dia e hora marcados com roupas folgadas e de duas pe\u00e7as.<\/li>\n<li>Tomar 100 gotas de simeticona (Luftal\u00ae) ou dimeticona (Filigas\u00ae) 1 hora antes do exame.<\/li>\n<li>Manter Jejum at\u00e9 a passagem da c\u00e1psula para o duodeno (intestino).<\/li>\n<\/ul>\n<\/li>\n<\/ul>\n<ul>\n<li><strong><em>Durante o exame<\/em><\/strong><\/li>\n<\/ul>\n<p>\u00bb ap\u00f3s 3 horas da passagem da c\u00e1psula para o duodeno (intestino) iniciar ingest\u00e3o de l\u00edquidos claros (\u00e1gua, \u00e1gua de coco, suco de lim\u00e3o, suco de abacaxi, suco de ma\u00e7\u00e3, ou Gatorade nos sabores de lim\u00e3o, ou ma\u00e7\u00e3).<\/p>\n<p>\u00bb ap\u00f3s 5 horas da passagem da c\u00e1psula para o duodeno (intestino) pode almo\u00e7ar frango com arroz branco e pur\u00ea de batata.<\/p>\n<p>\u00bb n\u00e3o ingerir bebidas gasosas (\u00e1gua com g\u00e1s, refrigerantes etc.).<\/p>\n<p>\u00bb n\u00e3o ingerir carne vermelha nem a\u00e7a\u00ed, nem beterraba.<\/p>\n<p>\u00bb n\u00e3o realizar Resson\u00e2ncia Magn\u00e9tica, Tomografia, nem passar em portas eletromagn\u00e9ticas durante o exame.<\/p>\n<p>\u00bb 8 horas ap\u00f3s da passagem da c\u00e1psula para o duodeno (intestino) retornar a Cl\u00ednica para retirada do equipamento.<\/p>\n<p>&nbsp;<\/p>\n<ul>\n<li><strong><em>Cuidados p\u00f3s-exame<\/em><\/strong><\/li>\n<\/ul>\n<p>\u00bb confirmar visualmente a elimina\u00e7\u00e3o da c\u00e1psula pelas fezes.<br \/>\n\u00bb se n\u00e3o conseguir confirmar visualmente a elimina\u00e7\u00e3o da c\u00e1psula, dever\u00e1 realizar Rx do abd\u00f4men ap\u00f3s 2 semanas do exame, para confirmar a elimina\u00e7\u00e3o ou reten\u00e7\u00e3o.<\/p>\n<p>&nbsp;<\/p>\n<ul>\n<li><strong><em>Complica\u00e7\u00f5es<\/em><\/strong><\/li>\n<\/ul>\n<p>\u00bb pode ocorrer a reten\u00e7\u00e3o da microc\u00e2mera ao n\u00edvel de estenoses, divert\u00edculos e tumores, em 1 - 2% dos pacientes, com necessidade de cirurgia para remo\u00e7\u00e3o.<\/p>\n<p>\u00bb a aspira\u00e7\u00e3o da c\u00e1psula \u00e9 rara.<\/p>\n<p>&nbsp;<\/p>\n<ul>\n<li><strong><em>Tratamento das principais queixas p\u00f3s-exame<\/em><\/strong><\/li>\n<\/ul>\n<p>\u00bb em caso de dor abdominal persistente antes da confirma\u00e7\u00e3o visual da elimina\u00e7\u00e3o da c\u00e1psula, entrar em contato com a Cl\u00ednica Procto Gastro.<\/p>\n<p>&nbsp;<\/p>\n<p class=\"EtiquetaEscura\" style=\"text-align: center;\"><span style=\"color: #333399;\"><strong><span lang=\"PT\">Qualquer d\u00favida a equipe da Cl\u00ednica Procto Gastro ter\u00e1 o prazer de lhe ajudar. <\/span><\/strong><\/span><\/p>\n<p class=\"EtiquetaEscura\" style=\"text-align: center;\"><span style=\"color: #333399;\"><strong><span lang=\"PT\">Contato:\u00a0 (91) 3347-5990 0U 3347-5991 \/ Zap 98481-4066.<\/span><\/strong><\/span><\/p>\n<\/div>\n<\/div><\/div><\/div><\/div><\/div>","protected":false},"excerpt":{"rendered":"<p>\u00c9 um importante m\u00e9todo diagn\u00f3stico das doen\u00e7as do intestino delgado, sendo indicado nos quadros de sangramento de origem obscura, anemia ferropriva de causa desconhecida, hemorragia digestiva onde a endoscopia e a colonoscopia n\u00e3o identificaram a causa do sangramento, Doen\u00e7a de Crohn (conhecida ou suspeitada), diagn\u00f3stico de tumores do intestino delgado, nas s\u00edndromes polipoides e doen\u00e7a &hellip;<\/p>\n","protected":false},"author":1,"featured_media":0,"parent":1462,"menu_order":0,"comment_status":"closed","ping_status":"closed","template":"","meta":{"_joinchat":[]},"_links":{"self":[{"href":"https:\/\/proctogastro.com.br\/index.php\/wp-json\/wp\/v2\/pages\/2549"}],"collection":[{"href":"https:\/\/proctogastro.com.br\/index.php\/wp-json\/wp\/v2\/pages"}],"about":[{"href":"https:\/\/proctogastro.com.br\/index.php\/wp-json\/wp\/v2\/types\/page"}],"author":[{"embeddable":true,"href":"https:\/\/proctogastro.com.br\/index.php\/wp-json\/wp\/v2\/users\/1"}],"replies":[{"embeddable":true,"href":"https:\/\/proctogastro.com.br\/index.php\/wp-json\/wp\/v2\/comments?post=2549"}],"version-history":[{"count":4,"href":"https:\/\/proctogastro.com.br\/index.php\/wp-json\/wp\/v2\/pages\/2549\/revisions"}],"predecessor-version":[{"id":2555,"href":"https:\/\/proctogastro.com.br\/index.php\/wp-json\/wp\/v2\/pages\/2549\/revisions\/2555"}],"up":[{"embeddable":true,"href":"https:\/\/proctogastro.com.br\/index.php\/wp-json\/wp\/v2\/pages\/1462"}],"wp:attachment":[{"href":"https:\/\/proctogastro.com.br\/index.php\/wp-json\/wp\/v2\/media?parent=2549"}],"curies":[{"name":"wp","href":"https:\/\/api.w.org\/{rel}","templated":true}]}}