{"id":303,"date":"2017-02-17T09:23:50","date_gmt":"2017-02-17T11:23:50","guid":{"rendered":"http:\/\/xml-io.proteusthemes.com\/medicpress\/?page_id=303"},"modified":"2020-01-20T10:19:21","modified_gmt":"2020-01-20T13:19:21","slug":"cirurgia-do-aparelho-digestivo","status":"publish","type":"page","link":"https:\/\/proctogastro.com.br\/index.php\/especialidades\/cirurgias\/cirurgia-do-aparelho-digestivo\/","title":{"rendered":"Cirurgia do Aparelho Digestivo**"},"content":{"rendered":"<div id=\"pl-303\"  class=\"panel-layout\" ><div id=\"pg-303-0\"  class=\"panel-grid panel-no-style\" ><div id=\"pgc-303-0-0\"  class=\"panel-grid-cell\" ><div id=\"panel-303-0-0-0\" class=\"so-panel widget widget_sow-editor panel-first-child panel-last-child\" data-index=\"0\" ><div class=\"so-widget-sow-editor so-widget-sow-editor-base\">\n<div class=\"siteorigin-widget-tinymce textwidget\">\n\t<p>Especialidade que abrange o diagn\u00f3stico e tratamento cir\u00fargico das doen\u00e7as que acometem os v\u00e1rios \u00f3rg\u00e3os que formam o aparelho digestivo (es\u00f4fago, est\u00f4mago, duodeno, intestino delgado, c\u00f3lon, f\u00edgado, ves\u00edcula e vias biliares, p\u00e2ncreas e ba\u00e7o), e que n\u00e3o s\u00e3o suscept\u00edveis ou n\u00e3o respondem ao tratamento cl\u00ednico. p.ex. tumores, c\u00e1lculo na ves\u00edcula biliar, apendicite.<\/p>\n<\/div>\n<\/div><\/div><\/div><\/div><div id=\"pg-303-1\"  class=\"panel-grid panel-no-style\" ><div id=\"pgc-303-1-0\"  class=\"panel-grid-cell panel-grid-cell-empty\" ><\/div><\/div><div id=\"pg-303-2\"  class=\"panel-grid panel-has-style\" ><div class=\"panel-row-style panel-row-style-for-303-2\" ><div id=\"pgc-303-2-0\"  class=\"panel-grid-cell\" ><div id=\"panel-303-2-0-0\" class=\"so-panel widget widget_pw_call_to_action widget-call-to-action panel-first-child panel-last-child\" data-index=\"1\" ><div class=\"panel-widget-style panel-widget-style-for-303-2-0-0\" >\t\t\t\t<div class=\"call-to-action\">\n\t\t\t\t\t<div class=\"call-to-action__text\">\n\t\t\t\t\t\t<h2 class=\"call-to-action__title\">\n\t\t\t\t\t\t\tQuer saber mais sobre o assunto?\t\t\t\t\t\t<\/h2>\n\t\t\t\t\t\t\t\t\t\t\t\t<p class=\"call-to-action__subtitle\">\n\t\t\t\t\t\t\tLigue para a Cl\u00ednica Proctogastro e marque sua consulta\t\t\t\t\t\t<\/p>\n\t\t\t\t\t\t\t\t\t\t\t<\/div>\n\t\t\t\t\t<div class=\"call-to-action__button\">\n\t\t\t\t\t\t<a class=\"btn  btn-secondary\" href=\"http:\/\/proctogastro.kinghost.net\/site1\/index.php\/contato\/\" target=\"_self\"> Clique aqui<\/a>\t\t\t\t\t<\/div>\n\t\t\t\t<\/div>\n\t\t\t<\/div><\/div><\/div><\/div><\/div><\/div>","protected":false},"excerpt":{"rendered":"<p>World over people use massage therapy to help promote healthy skin, nourish and strengthen the body, relieve stress, reduce pain, and encourage balance and well being. Massage opens and increases the flow of energy.<\/p>\n","protected":false},"author":1,"featured_media":1645,"parent":1280,"menu_order":0,"comment_status":"closed","ping_status":"closed","template":"","meta":{"_joinchat":[]},"_links":{"self":[{"href":"https:\/\/proctogastro.com.br\/index.php\/wp-json\/wp\/v2\/pages\/303"}],"collection":[{"href":"https:\/\/proctogastro.com.br\/index.php\/wp-json\/wp\/v2\/pages"}],"about":[{"href":"https:\/\/proctogastro.com.br\/index.php\/wp-json\/wp\/v2\/types\/page"}],"author":[{"embeddable":true,"href":"https:\/\/proctogastro.com.br\/index.php\/wp-json\/wp\/v2\/users\/1"}],"replies":[{"embeddable":true,"href":"https:\/\/proctogastro.com.br\/index.php\/wp-json\/wp\/v2\/comments?post=303"}],"version-history":[{"count":11,"href":"https:\/\/proctogastro.com.br\/index.php\/wp-json\/wp\/v2\/pages\/303\/revisions"}],"predecessor-version":[{"id":1846,"href":"https:\/\/proctogastro.com.br\/index.php\/wp-json\/wp\/v2\/pages\/303\/revisions\/1846"}],"up":[{"embeddable":true,"href":"https:\/\/proctogastro.com.br\/index.php\/wp-json\/wp\/v2\/pages\/1280"}],"wp:featuredmedia":[{"embeddable":true,"href":"https:\/\/proctogastro.com.br\/index.php\/wp-json\/wp\/v2\/media\/1645"}],"wp:attachment":[{"href":"https:\/\/proctogastro.com.br\/index.php\/wp-json\/wp\/v2\/media?parent=303"}],"curies":[{"name":"wp","href":"https:\/\/api.w.org\/{rel}","templated":true}]}}