{"id":307,"date":"2017-02-17T09:25:58","date_gmt":"2017-02-17T11:25:58","guid":{"rendered":"http:\/\/xml-io.proteusthemes.com\/medicpress\/?page_id=307"},"modified":"2020-03-12T15:22:22","modified_gmt":"2020-03-12T18:22:22","slug":"gastroenteroligia","status":"publish","type":"page","link":"https:\/\/proctogastro.com.br\/index.php\/especialidades\/gastroenteroligia\/","title":{"rendered":"Gastroenterologia"},"content":{"rendered":"<div id=\"pl-307\"  class=\"panel-layout\" ><div id=\"pg-307-0\"  class=\"panel-grid panel-no-style\" ><div id=\"pgc-307-0-0\"  class=\"panel-grid-cell\" ><div id=\"panel-307-0-0-0\" class=\"so-panel widget widget_sow-editor panel-first-child panel-last-child\" data-index=\"0\" ><div class=\"so-widget-sow-editor so-widget-sow-editor-base\">\n<div class=\"siteorigin-widget-tinymce textwidget\">\n\t<h3><\/h3>\n<p>Especialidade que abrange o diagn\u00f3stico e tratamento cl\u00ednico das doen\u00e7as que acometem os v\u00e1rios \u00f3rg\u00e3os que formam o aparelho digestivo (es\u00f4fago, est\u00f4mago, duodeno, intestino delgado, c\u00f3lon, f\u00edgado, ves\u00edcula, vias biliares, p\u00e2ncreas e ba\u00e7o).<\/p>\n<p>&nbsp;<\/p>\n<\/div>\n<\/div><\/div><\/div><div id=\"pgc-307-0-1\"  class=\"panel-grid-cell\" ><div id=\"panel-307-0-1-0\" class=\"so-panel widget widget_sow-editor panel-first-child panel-last-child\" data-index=\"1\" ><div class=\"so-widget-sow-editor so-widget-sow-editor-base\">\n<div class=\"siteorigin-widget-tinymce textwidget\">\n\t<p><img decoding=\"async\" loading=\"lazy\" class=\"alignnone wp-image-1166 size-medium\" src=\"http:\/\/proctogastro.kinghost.net\/site1\/wp-content\/uploads\/2019\/12\/pg-gastroenterologia-01-300x182.jpg\" alt=\"\" width=\"300\" height=\"182\" srcset=\"https:\/\/proctogastro.com.br\/wp-content\/uploads\/2019\/12\/pg-gastroenterologia-01-300x182.jpg 300w, https:\/\/proctogastro.com.br\/wp-content\/uploads\/2019\/12\/pg-gastroenterologia-01-768x467.jpg 768w, https:\/\/proctogastro.com.br\/wp-content\/uploads\/2019\/12\/pg-gastroenterologia-01-600x365.jpg 600w, https:\/\/proctogastro.com.br\/wp-content\/uploads\/2019\/12\/pg-gastroenterologia-01.jpg 799w\" sizes=\"(max-width: 300px) 100vw, 300px\" \/><\/p>\n<\/div>\n<\/div><\/div><\/div><\/div><div id=\"pg-307-1\"  class=\"panel-grid panel-no-style\" ><div id=\"pgc-307-1-0\"  class=\"panel-grid-cell panel-grid-cell-empty\" ><\/div><\/div><div id=\"pg-307-2\"  class=\"panel-grid panel-no-style\" ><div id=\"pgc-307-2-0\"  class=\"panel-grid-cell\" ><div id=\"panel-307-2-0-0\" class=\"so-panel widget widget_sow-editor panel-first-child panel-last-child\" data-index=\"2\" ><div class=\"so-widget-sow-editor so-widget-sow-editor-base\">\n<div class=\"siteorigin-widget-tinymce textwidget\">\n\t<h3>Exames relacionados a Gastroenterologia<\/h3>\n<p>Al\u00e9m da consulta comum, com o exame f\u00edsico e o hist\u00f3rico m\u00e9dico, o m\u00e9dico da \u00e1rea de gastroenterologia pode pedir ultrassom e exames complementares para ajudar no seu diagn\u00f3stico. Por exemplo:<\/p>\n<\/div>\n<\/div><\/div><\/div><\/div><div id=\"pg-307-3\"  class=\"panel-grid panel-no-style\" ><div id=\"pgc-307-3-0\"  class=\"panel-grid-cell panel-grid-cell-empty\" ><\/div><\/div><div id=\"pg-307-4\"  class=\"panel-grid panel-no-style\" ><div id=\"pgc-307-4-0\"  class=\"panel-grid-cell\" ><div id=\"panel-307-4-0-0\" class=\"so-panel widget widget_sow-editor panel-first-child panel-last-child\" data-index=\"3\" ><div class=\"so-widget-sow-editor so-widget-sow-editor-base\">\n<div class=\"siteorigin-widget-tinymce textwidget\">\n\t<h6 style=\"text-align: center;\"><a href=\"http:\/\/proctogastro.com.br\/index.php\/exames-2\/endoscopia\/video-endoscopia-digestiva-alta\/\"><span class=\"icon-container\"><span class=\"fa mp mp-checkin-hospital fa-3x\"><\/span><\/span><\/a><\/h6>\n<h6 style=\"text-align: center;\"><a href=\"http:\/\/proctogastro.com.br\/index.php\/exames-2\/endoscopia\/video-endoscopia-digestiva-alta\/\">V\u00eddeo Endoscopia Digestiva Alta<\/a><\/h6>\n<h6 style=\"text-align: center;\"><\/h6>\n<\/div>\n<\/div><\/div><\/div><div id=\"pgc-307-4-1\"  class=\"panel-grid-cell\" ><div id=\"panel-307-4-1-0\" class=\"so-panel widget widget_sow-editor panel-first-child panel-last-child\" data-index=\"4\" ><div class=\"so-widget-sow-editor so-widget-sow-editor-base\">\n<div class=\"siteorigin-widget-tinymce textwidget\">\n\t<h6 style=\"text-align: center;\"><a href=\"http:\/\/proctogastro.com.br\/index.php\/exames-2\/endoscopia\/video-colonoscopia\/\"><span class=\"icon-container\"><span class=\"fa mp mp-checkin-hospital fa-3x\"><\/span><\/span><\/a><\/h6>\n<h6 style=\"text-align: center;\"><a href=\"http:\/\/proctogastro.com.br\/index.php\/exames-2\/endoscopia\/video-colonoscopia\/\">V\u00eddeo Colonoscopia<\/a><\/h6>\n<h6 style=\"text-align: center;\"><\/h6>\n<\/div>\n<\/div><\/div><\/div><\/div><div id=\"pg-307-5\"  class=\"panel-grid panel-no-style\" ><div id=\"pgc-307-5-0\"  class=\"panel-grid-cell\" ><div id=\"panel-307-5-0-0\" class=\"so-panel widget widget_sow-editor panel-first-child panel-last-child\" data-index=\"5\" ><div class=\"so-widget-sow-editor so-widget-sow-editor-base\">\n<div class=\"siteorigin-widget-tinymce textwidget\">\n\t<h6 style=\"text-align: center;\"><a href=\"http:\/\/proctogastro.com.br\/index.php\/exames-2\/ultrassonografia\/\"><span class=\"icon-container\"><span class=\"fa mp mp-checkin-hospital fa-3x\"><\/span><\/span><\/a><\/h6>\n<h6 style=\"text-align: center;\"><a href=\"http:\/\/proctogastro.com.br\/index.php\/exames-2\/ultrassonografia\/\">Ultrassonografia<\/a><\/h6>\n<h6 style=\"text-align: center;\"><\/h6>\n<\/div>\n<\/div><\/div><\/div><div id=\"pgc-307-5-1\"  class=\"panel-grid-cell\" ><div id=\"panel-307-5-1-0\" class=\"so-panel widget widget_sow-editor panel-first-child panel-last-child\" data-index=\"6\" ><div class=\"so-widget-sow-editor so-widget-sow-editor-base\">\n<div class=\"siteorigin-widget-tinymce textwidget\">\n\t<h6 style=\"text-align: center;\"><a href=\"http:\/\/proctogastro.com.br\/index.php\/exames-2\/fisiologia-digestiva\/manometria-esofagica-convencional\/\"><span class=\"icon-container\"><span class=\"fa mp mp-checkin-hospital fa-3x\"><\/span><\/span><\/a><\/h6>\n<h6 style=\"text-align: center;\"><a href=\"http:\/\/proctogastro.com.br\/index.php\/exames-2\/fisiologia-digestiva\/manometria-esofagica-convencional\/\">Manometria Esof\u00e1gica Convencional<\/a><\/h6>\n<h6 style=\"text-align: center;\"><\/h6>\n<\/div>\n<\/div><\/div><\/div><\/div><div id=\"pg-307-6\"  class=\"panel-grid panel-no-style\" ><div id=\"pgc-307-6-0\"  class=\"panel-grid-cell\" ><div id=\"panel-307-6-0-0\" class=\"so-panel widget widget_sow-editor panel-first-child panel-last-child\" data-index=\"7\" ><div class=\"so-widget-sow-editor so-widget-sow-editor-base\">\n<div class=\"siteorigin-widget-tinymce textwidget\">\n\t<h6 style=\"text-align: center;\"><a href=\"http:\/\/proctogastro.com.br\/index.php\/exames-2\/fisiologia-digestiva\/manometria-esofagica-alta-resolucao\/\"><span class=\"icon-container\"><span class=\"fa mp mp-checkin-hospital fa-3x\"><\/span><\/span><\/a><\/h6>\n<h6 style=\"text-align: center;\"><a href=\"http:\/\/proctogastro.com.br\/index.php\/exames-2\/fisiologia-digestiva\/manometria-esofagica-alta-resolucao\/\">Manometria Esof\u00e1gica de Alta Resolu\u00e7\u00e3o<\/a><\/h6>\n<h6 style=\"text-align: center;\"><\/h6>\n<\/div>\n<\/div><\/div><\/div><div id=\"pgc-307-6-1\"  class=\"panel-grid-cell\" ><div id=\"panel-307-6-1-0\" class=\"so-panel widget widget_sow-editor panel-first-child panel-last-child\" data-index=\"8\" ><div class=\"so-widget-sow-editor so-widget-sow-editor-base\">\n<div class=\"siteorigin-widget-tinymce textwidget\">\n\t<h6 style=\"text-align: center;\"><a href=\"http:\/\/proctogastro.com.br\/index.php\/exames-2\/fisiologia-digestiva\/phmetria-esofagica-de-24h\/\"><span class=\"icon-container\"><span class=\"fa mp mp-checkin-hospital fa-3x\"><\/span><\/span><\/a><\/h6>\n<h6 style=\"text-align: center;\"><a href=\"http:\/\/proctogastro.com.br\/index.php\/exames-2\/fisiologia-digestiva\/phmetria-esofagica-de-24h\/\">pHmetria Esof\u00e1gica de 24h<\/a><\/h6>\n<h6 style=\"text-align: center;\"><\/h6>\n<\/div>\n<\/div><\/div><\/div><\/div><div id=\"pg-307-7\"  class=\"panel-grid panel-no-style\" ><div id=\"pgc-307-7-0\"  class=\"panel-grid-cell panel-grid-cell-mobile-last\" ><div id=\"panel-307-7-0-0\" class=\"so-panel widget widget_sow-editor panel-first-child panel-last-child\" data-index=\"9\" ><div class=\"so-widget-sow-editor so-widget-sow-editor-base\">\n<div class=\"siteorigin-widget-tinymce textwidget\">\n\t<h6 style=\"text-align: center;\"><a href=\"http:\/\/proctogastro.com.br\/index.php\/exames-2\/fisiologia-digestiva\/impedanciophmetria-esofagica-de-24h\/\"><span class=\"icon-container\"><span class=\"fa mp mp-checkin-hospital fa-3x\"><\/span><\/span><\/a><\/h6>\n<h6 style=\"text-align: center;\"><a href=\"http:\/\/proctogastro.com.br\/index.php\/exames-2\/fisiologia-digestiva\/impedanciophmetria-esofagica-de-24h\/\">ImpendanciopHmetria Esof\u00e1gica de 24h<\/a><\/h6>\n<h6 style=\"text-align: center;\"><\/h6>\n<\/div>\n<\/div><\/div><\/div><div id=\"pgc-307-7-1\"  class=\"panel-grid-cell panel-grid-cell-empty\" ><\/div><\/div><div id=\"pg-307-8\"  class=\"panel-grid panel-no-style\" ><div id=\"pgc-307-8-0\"  class=\"panel-grid-cell panel-grid-cell-empty\" ><\/div><\/div><\/div>","protected":false},"excerpt":{"rendered":"<p>Especialidade que abrange o diagn\u00f3stico e tratamento cl\u00ednico das doen\u00e7as que acometem os v\u00e1rios \u00f3rg\u00e3os que formam o aparelho digestivo (es\u00f4fago, est\u00f4mago, duodeno, intestino delgado, c\u00f3lon, f\u00edgado, ves\u00edcula, vias biliares, p\u00e2ncreas e ba\u00e7o). &nbsp;<\/p>\n","protected":false},"author":1,"featured_media":1166,"parent":116,"menu_order":0,"comment_status":"closed","ping_status":"closed","template":"","meta":{"_joinchat":[]},"_links":{"self":[{"href":"https:\/\/proctogastro.com.br\/index.php\/wp-json\/wp\/v2\/pages\/307"}],"collection":[{"href":"https:\/\/proctogastro.com.br\/index.php\/wp-json\/wp\/v2\/pages"}],"about":[{"href":"https:\/\/proctogastro.com.br\/index.php\/wp-json\/wp\/v2\/types\/page"}],"author":[{"embeddable":true,"href":"https:\/\/proctogastro.com.br\/index.php\/wp-json\/wp\/v2\/users\/1"}],"replies":[{"embeddable":true,"href":"https:\/\/proctogastro.com.br\/index.php\/wp-json\/wp\/v2\/comments?post=307"}],"version-history":[{"count":11,"href":"https:\/\/proctogastro.com.br\/index.php\/wp-json\/wp\/v2\/pages\/307\/revisions"}],"predecessor-version":[{"id":2324,"href":"https:\/\/proctogastro.com.br\/index.php\/wp-json\/wp\/v2\/pages\/307\/revisions\/2324"}],"up":[{"embeddable":true,"href":"https:\/\/proctogastro.com.br\/index.php\/wp-json\/wp\/v2\/pages\/116"}],"wp:featuredmedia":[{"embeddable":true,"href":"https:\/\/proctogastro.com.br\/index.php\/wp-json\/wp\/v2\/media\/1166"}],"wp:attachment":[{"href":"https:\/\/proctogastro.com.br\/index.php\/wp-json\/wp\/v2\/media?parent=307"}],"curies":[{"name":"wp","href":"https:\/\/api.w.org\/{rel}","templated":true}]}}