{"id":955,"date":"2017-02-16T11:05:03","date_gmt":"2017-02-16T13:05:03","guid":{"rendered":"https:\/\/xml-io.proteusthemes.com\/medicpress\/?page_id=112"},"modified":"2020-03-12T16:19:00","modified_gmt":"2020-03-12T19:19:00","slug":"medicos","status":"publish","type":"page","link":"https:\/\/proctogastro.com.br\/index.php\/medicos\/","title":{"rendered":"M\u00e9dicos"},"content":{"rendered":"<div id=\"pl-955\"  class=\"panel-layout\" ><div id=\"pg-955-0\"  class=\"panel-grid panel-no-style\" ><div id=\"pgc-955-0-0\"  class=\"panel-grid-cell\" ><div id=\"panel-955-0-0-0\" class=\"so-panel widget widget_sow-editor panel-first-child panel-last-child\" data-index=\"0\" ><div class=\"so-widget-sow-editor so-widget-sow-editor-base\">\n<div class=\"siteorigin-widget-tinymce textwidget\">\n\t<p>A equipe m\u00e9dica da Procto Gastro \u00e9 composta por profissionais especializados que passam constantemente por processos de atualiza\u00e7\u00e3o e reciclagem, sob a coordena\u00e7\u00e3o do Prof. Dr. Ac\u00e1cio Augusto Centeno Neto.<\/p>\n<\/div>\n<\/div><\/div><\/div><\/div><div id=\"pg-955-1\"  class=\"panel-grid panel-no-style\" ><div id=\"pgc-955-1-0\"  class=\"panel-grid-cell panel-grid-cell-empty\" ><\/div><div id=\"pgc-955-1-1\"  class=\"panel-grid-cell panel-grid-cell-mobile-last\" ><div id=\"panel-955-1-1-0\" class=\"so-panel widget widget_pw_person_profile widget-person-profile panel-first-child panel-last-child\" data-index=\"1\" >\n\t<div class=\"person-profile  h-card\">\n\t\t\t\t\t\t\t\t\t\t<div class=\"person-profile__carousel\" >\n\t\t\t\t\t\t\t\t\t<div class=\"person-profile__carousel-item\">\n\t\t\t\t\t\t\t\t\t\t\t\t\t<img class=\"person-profile__image  wp-post-image  u-photo\" src=\"http:\/\/proctogastro.com.br\/wp-content\/uploads\/2019\/12\/icone-dr-acacio1.jpg\" alt=\"Picture of Dr. Ac\u00e1cio Centeno\">\n\t\t\t\t\t\t\t\t\t\t\t<\/div>\n\t\t\t\t\t\t\t<\/div>\n\t\t\t\t<div class=\"person-profile__container\">\n\t\t\t<div class=\"person-profile__basic-info\">\n\t\t\t\t\t\t\t\t\t<h4 class=\"person-profile__name  p-name\">\n\t\t\t\t\t\t\t\t\t\tDr. Ac\u00e1cio Centeno\t\t\t\t\t\t\t\t\t\t<\/h4>\n\t\t\t\t\n\t\t\t\t\t\t\t\t\t<div class=\"person-profile__label\">\n\t\t\t\t\t\tCRM 4746 - PA\t\t\t\t\t<\/div>\n\t\t\t\t\n\t\t\t<\/div>\n\n\t\t\t\t\t\t\t<div class=\"h4 person-profile__location\">\n\t\t\t\t\tDiretor Cl\u00ednico da Procto Gastro\t\t\t\t<\/div>\n\t\t\t\n\t\t\t\n\t\t\t\t\t\t\t<div class=\"person-profile__icon-list  icon-list\">\n\t\t\t\t\t\t\t\t\t\t\t<div class=\"icon-list__item  icon-list__item--default\">\n\t\t\t\t\t\t\t<i class=\"fa  fa-phone\" aria-hidden=\"true\"><\/i>\n\t\t\t\t\t\t\t\t\t\t\t\t\t\t\t<div class=\"icon-list__text\">\n\t\t\t\t\t\t\t\t\t(91) 3347-5990 \/ 5991\t\t\t\t\t\t\t\t<\/div>\n\t\t\t\t\t\t\t\t\t\t\t\t\t<\/div>\n\t\t\t\t\t\t\t\t\t\t\t<div class=\"icon-list__item  icon-list__item--default\">\n\t\t\t\t\t\t\t<i class=\"fa  fa-envelope-o\" aria-hidden=\"true\"><\/i>\n\t\t\t\t\t\t\t\t\t\t\t\t\t\t\t<div class=\"icon-list__text\">\n\t\t\t\t\t\t\t\t\tcontato@proctogastro.com.br\t\t\t\t\t\t\t\t<\/div>\n\t\t\t\t\t\t\t\t\t\t\t\t\t<\/div>\n\t\t\t\t\t\t\t\t\t<\/div>\n\t\t\t\n\t\t\t\t\t\t\t<a class=\"btn  btn-secondary  btn-block  person-profile__button\" href=\"http:\/\/proctogastro.com.br\/index.php\/medicos\/dr-acacio-centeno\/\" target=\"_blank\">Veja Perfil<\/a>\n\t\t\t\n\t\t<\/div>\n\t<\/div>\n\n<\/div><\/div><div id=\"pgc-955-1-2\"  class=\"panel-grid-cell panel-grid-cell-empty\" ><\/div><\/div><\/div>","protected":false},"excerpt":{"rendered":"<p>A equipe m\u00e9dica da Procto Gastro \u00e9 composta por profissionais especializados que passam constantemente por processos de atualiza\u00e7\u00e3o e reciclagem, sob a coordena\u00e7\u00e3o do Prof. Dr. Ac\u00e1cio Augusto Centeno Neto.<\/p>\n","protected":false},"author":1,"featured_media":0,"parent":0,"menu_order":0,"comment_status":"closed","ping_status":"closed","template":"","meta":{"_joinchat":[]},"_links":{"self":[{"href":"https:\/\/proctogastro.com.br\/index.php\/wp-json\/wp\/v2\/pages\/955"}],"collection":[{"href":"https:\/\/proctogastro.com.br\/index.php\/wp-json\/wp\/v2\/pages"}],"about":[{"href":"https:\/\/proctogastro.com.br\/index.php\/wp-json\/wp\/v2\/types\/page"}],"author":[{"embeddable":true,"href":"https:\/\/proctogastro.com.br\/index.php\/wp-json\/wp\/v2\/users\/1"}],"replies":[{"embeddable":true,"href":"https:\/\/proctogastro.com.br\/index.php\/wp-json\/wp\/v2\/comments?post=955"}],"version-history":[{"count":19,"href":"https:\/\/proctogastro.com.br\/index.php\/wp-json\/wp\/v2\/pages\/955\/revisions"}],"predecessor-version":[{"id":2341,"href":"https:\/\/proctogastro.com.br\/index.php\/wp-json\/wp\/v2\/pages\/955\/revisions\/2341"}],"wp:attachment":[{"href":"https:\/\/proctogastro.com.br\/index.php\/wp-json\/wp\/v2\/media?parent=955"}],"curies":[{"name":"wp","href":"https:\/\/api.w.org\/{rel}","templated":true}]}}