{"id":975,"date":"2017-02-22T08:35:30","date_gmt":"2017-02-22T11:35:30","guid":{"rendered":"https:\/\/xml-io.proteusthemes.com\/medicpress\/?page_id=573"},"modified":"2020-02-12T08:47:31","modified_gmt":"2020-02-12T11:47:31","slug":"dr-acacio-centeno","status":"publish","type":"page","link":"https:\/\/proctogastro.com.br\/index.php\/medicos\/dr-acacio-centeno\/","title":{"rendered":"Dr. Ac\u00e1cio Centeno"},"content":{"rendered":"<div id=\"pl-975\"  class=\"panel-layout\" ><div id=\"pg-975-0\"  class=\"panel-grid panel-no-style\" ><div id=\"pgc-975-0-0\"  class=\"panel-grid-cell\" ><div id=\"panel-975-0-0-0\" class=\"so-panel widget widget_pw_person_profile widget-person-profile panel-first-child\" data-index=\"0\" >\n\t<div class=\"person-profile  h-card\">\n\t\t\t\t\t\t<div class=\"person-profile__container\">\n\t\t\t<div class=\"person-profile__basic-info\">\n\t\t\t\t\t\t\t\t\t<h4 class=\"person-profile__name  p-name\">\n\t\t\t\t\t\t\t\t\t\tCirurgi\u00e3o\t\t\t\t\t\t\t\t\t\t<\/h4>\n\t\t\t\t\n\t\t\t\t\t\t\t\t\t<div class=\"person-profile__label\">\n\t\t\t\t\t\tCRM\/PA: n\u00ba 4746\t\t\t\t\t<\/div>\n\t\t\t\t\n\t\t\t<\/div>\n\n\t\t\t\t\t\t\t<div class=\"h4 person-profile__location\">\n\t\t\t\t\tDiretor Cl\u00ednico da Procto Gastro\t\t\t\t<\/div>\n\t\t\t\n\t\t\t\n\t\t\t\t\t\t\t<div class=\"person-profile__icon-list  icon-list\">\n\t\t\t\t\t\t\t\t\t\t\t<a href=\"tel:9133475990\" class=\"icon-list__item  icon-list__item--featured\">\n\t\t\t\t\t\t\t<i class=\"fa  fa-phone\" aria-hidden=\"true\"><\/i>\n\t\t\t\t\t\t\t\t\t\t\t\t\t\t<div class=\"icon-list__content\">\n\t\t\t\t\t\t\t\t<div class=\"icon-list__description\">\n\t\t\t\t\t\t\t\t\tContatos\t\t\t\t\t\t\t\t<\/div>\n\t\t\t\t\t\t\t\t\t\t\t\t\t\t\t<div class=\"icon-list__text\">\n\t\t\t\t\t\t\t\t\t(91) 3347-5990 \/ 5991\t\t\t\t\t\t\t\t<\/div>\n\t\t\t\t\t\t\t\t\t\t\t\t\t\t<\/div>\n\t\t\t\t\t\t\t\t\t\t\t\t\t<\/a>\n\t\t\t\t\t\t\t\t\t<\/div>\n\t\t\t\n\t\t\t\t\t\t\t<a class=\"btn  btn-secondary  btn-block  person-profile__button\" href=\"http:\/\/lattes.cnpq.br\/5228482385171312\" target=\"_blank\">Titula\u00e7\u00f5es<\/a>\n\t\t\t\n\t\t<\/div>\n\t<\/div>\n\n<\/div><div id=\"panel-975-0-0-1\" class=\"so-panel widget widget_sow-editor\" data-index=\"1\" ><div class=\"panel-widget-style panel-widget-style-for-975-0-0-1\" ><div class=\"so-widget-sow-editor so-widget-sow-editor-base\">\n<div class=\"siteorigin-widget-tinymce textwidget\">\n\t<h6 class=\"person-profile__name p-name\">Hor\u00e1rio de Atendimento<\/h6>\n<\/div>\n<\/div><\/div><\/div><div id=\"panel-975-0-0-2\" class=\"so-panel widget widget_pw_opening_time widget-opening-time panel-last-child\" data-index=\"2\" ><div class=\"panel-widget-style panel-widget-style-for-975-0-0-2\" >\t\t\t<div class=\"opening-time\">\n\t\t\t\t\t\t\t<div class=\"opening-time__item\">\n\t\t\t\t\t<div class=\"opening-time__day\">\n\t\t\t\t\t\tSeg - Qui\t\t\t\t\t<\/div>\n\t\t\t\t\t<div class=\"opening-time__time\">\n\t\t\t\t\t\t7:00 - 19:00\t\t\t\t\t<\/div>\n\t\t\t\t<\/div>\n\t\t\t\t\t\t\t<div class=\"opening-time__item\">\n\t\t\t\t\t<div class=\"opening-time__day\">\n\t\t\t\t\t\tSex\t\t\t\t\t<\/div>\n\t\t\t\t\t<div class=\"opening-time__time\">\n\t\t\t\t\t\t07:00 - 18:00\t\t\t\t\t<\/div>\n\t\t\t\t<\/div>\n\t\t\t\t\t\t\t<div class=\"opening-time__item\">\n\t\t\t\t\t<div class=\"opening-time__day\">\n\t\t\t\t\t\tS\u00e1b\t\t\t\t\t<\/div>\n\t\t\t\t\t<div class=\"opening-time__time\">\n\t\t\t\t\t\t7:00 - 12:00\t\t\t\t\t<\/div>\n\t\t\t\t<\/div>\n\t\t\t\t\t\t\t<div class=\"opening-time__item\">\n\t\t\t\t\t<div class=\"opening-time__day\">\n\t\t\t\t\t\tDom\t\t\t\t\t<\/div>\n\t\t\t\t\t<div class=\"opening-time__time\">\n\t\t\t\t\t\tFechado\t\t\t\t\t<\/div>\n\t\t\t\t<\/div>\n\t\t\t\t\t\t<\/div>\n\t\t<\/div><\/div><\/div><div id=\"pgc-975-0-1\"  class=\"panel-grid-cell\" ><div id=\"panel-975-0-1-0\" class=\"so-panel widget widget_sow-editor panel-first-child panel-last-child\" data-index=\"3\" ><div class=\"so-widget-sow-editor so-widget-sow-editor-base\">\n<div class=\"siteorigin-widget-tinymce textwidget\">\n\t<p><img decoding=\"async\" loading=\"lazy\" class=\"alignnone wp-image-1087 size-large\" src=\"http:\/\/proctogastro.kinghost.net\/site1\/wp-content\/uploads\/2019\/12\/icone-dr-acacio1-1024x495.jpg\" alt=\"\" width=\"1024\" height=\"495\" srcset=\"https:\/\/proctogastro.com.br\/wp-content\/uploads\/2019\/12\/icone-dr-acacio1-1024x495.jpg 1024w, https:\/\/proctogastro.com.br\/wp-content\/uploads\/2019\/12\/icone-dr-acacio1-300x145.jpg 300w, https:\/\/proctogastro.com.br\/wp-content\/uploads\/2019\/12\/icone-dr-acacio1-768x371.jpg 768w, https:\/\/proctogastro.com.br\/wp-content\/uploads\/2019\/12\/icone-dr-acacio1-600x290.jpg 600w, https:\/\/proctogastro.com.br\/wp-content\/uploads\/2019\/12\/icone-dr-acacio1.jpg 1342w\" sizes=\"(max-width: 1024px) 100vw, 1024px\" \/><\/p>\n<h5><\/h5>\n<p>Nascido em Bel\u00e9m do Par\u00e1, no dia 20 de novembro de 1957, casado, duas filhas, filho de Felisberto Macedo Centeno e Liege Therezinha Zahlouth Centeno.<\/p>\n<p>- T\u00edtulos e Atividades Atuais<\/p>\n<ul>\n<li>Membro Titular do Col\u00e9gio Brasileiro de Cirurgi\u00f5es.<\/li>\n<li>Membro Titular da Sociedade Brasileira de Cirurgia Bari\u00e1trica e Metab\u00f3lica.<\/li>\n<li>Membership da Associa\u00e7\u00e3o Americana de Gastroenterologia (AGA).<\/li>\n<li>Mestre em Gastroenterologia Cir\u00fargica Pela Escola Paulista de Medicina.<\/li>\n<li>Assistente do \"Laboratoire de Nutrition et Cancerogie Experimentale du Centre Regional de Lutte Contre Le Cancer\" de Montpellier (Fran\u00e7a).<\/li>\n<li>P\u00f3s-Gradua\u00e7\u00e3o em Cirurgia na Universidade Paris IV (Fran\u00e7a).<\/li>\n<li>P\u00f3s-Gradua\u00e7\u00e3o em Cirurgia na Universidade de Montpellier (Fran\u00e7a).<\/li>\n<li>Doutor em Medicina Pela Escola Paulista de Medicina.<\/li>\n<li>Professor Adjunto do Curso de Medicina da Universidade do Estado do Par\u00e1 (UEPA).<\/li>\n<li>Professor Doutor do Curso de Medicina da Unifamaz.<\/li>\n<li>Diretor Cl\u00ednico da Procto Gastro \u2013 Cl\u00ednica de Cirurgia, Gastroenterologia, Proctologia, Obesidade e Diabetes.<\/li>\n<li>Chefe do Servi\u00e7o de Cirurgia da Obesidade e do Diabetes da Cl\u00ednica Procto Gastro.<\/li>\n<\/ul>\n<p style=\"text-align: center;\"><a href=\"http:\/\/issuu.com\/acaciocenteno\/docs\/curriculum_dr_acacio_centeno_neto?mode=embed&amp;layout=http%3A%2F%2Fskin.issuu.com%2Fv%2Flight%2Flayout.xml&amp;showFlipBtn=true\" target=\"_blank\" rel=\"noopener\">Memorial Dr. Ac\u00e1cio Centeno Neto<\/a><\/p>\n<p>&nbsp;<\/p>\n<h5><\/h5>\n<\/div>\n<\/div><\/div><\/div><\/div><div id=\"pg-975-1\"  class=\"panel-grid panel-has-style\" ><div class=\"siteorigin-panels-stretch panel-row-style panel-row-style-for-975-1\" data-siteorigin-parallax=\"{&quot;backgroundUrl&quot;:&quot;https:\\\/\\\/proctogastro.com.br\\\/wp-content\\\/uploads\\\/2017\\\/02\\\/background6.jpg&quot;,&quot;backgroundSize&quot;:[1200,300],&quot;backgroundSizing&quot;:&quot;scaled&quot;,&quot;limitMotion&quot;:&quot;auto&quot;}\" data-stretch-type=\"full\" ><div id=\"pgc-975-1-0\"  class=\"panel-grid-cell panel-grid-cell-empty\" ><\/div><\/div><\/div><\/div>","protected":false},"excerpt":{"rendered":"<p>Hor\u00e1rio de Atendimento Nascido em Bel\u00e9m do Par\u00e1, no dia 20 de novembro de 1957, casado, duas filhas, filho de Felisberto Macedo Centeno e Liege Therezinha Zahlouth Centeno. &#8211; T\u00edtulos e Atividades Atuais Membro Titular do Col\u00e9gio Brasileiro de Cirurgi\u00f5es. Membro Titular da Sociedade Brasileira de Cirurgia Bari\u00e1trica e Metab\u00f3lica. Membership da Associa\u00e7\u00e3o Americana de &hellip;<\/p>\n","protected":false},"author":1,"featured_media":1093,"parent":955,"menu_order":0,"comment_status":"closed","ping_status":"closed","template":"","meta":{"_joinchat":[]},"_links":{"self":[{"href":"https:\/\/proctogastro.com.br\/index.php\/wp-json\/wp\/v2\/pages\/975"}],"collection":[{"href":"https:\/\/proctogastro.com.br\/index.php\/wp-json\/wp\/v2\/pages"}],"about":[{"href":"https:\/\/proctogastro.com.br\/index.php\/wp-json\/wp\/v2\/types\/page"}],"author":[{"embeddable":true,"href":"https:\/\/proctogastro.com.br\/index.php\/wp-json\/wp\/v2\/users\/1"}],"replies":[{"embeddable":true,"href":"https:\/\/proctogastro.com.br\/index.php\/wp-json\/wp\/v2\/comments?post=975"}],"version-history":[{"count":19,"href":"https:\/\/proctogastro.com.br\/index.php\/wp-json\/wp\/v2\/pages\/975\/revisions"}],"predecessor-version":[{"id":2010,"href":"https:\/\/proctogastro.com.br\/index.php\/wp-json\/wp\/v2\/pages\/975\/revisions\/2010"}],"up":[{"embeddable":true,"href":"https:\/\/proctogastro.com.br\/index.php\/wp-json\/wp\/v2\/pages\/955"}],"wp:featuredmedia":[{"embeddable":true,"href":"https:\/\/proctogastro.com.br\/index.php\/wp-json\/wp\/v2\/media\/1093"}],"wp:attachment":[{"href":"https:\/\/proctogastro.com.br\/index.php\/wp-json\/wp\/v2\/media?parent=975"}],"curies":[{"name":"wp","href":"https:\/\/api.w.org\/{rel}","templated":true}]}}